{"id":2306,"date":"2026-03-10T21:08:15","date_gmt":"2026-03-10T20:08:15","guid":{"rendered":"https:\/\/unedunealapage.fr\/?page_id=2306"},"modified":"2026-03-30T15:19:05","modified_gmt":"2026-03-30T13:19:05","slug":"page-camille-laurens","status":"publish","type":"page","link":"https:\/\/unedunealapage.fr\/?page_id=2306","title":{"rendered":"Page Camille Laurens"},"content":{"rendered":"\n<div class=\"wp-block-group\"><div class=\"wp-block-group__inner-container is-layout-constrained wp-block-group-is-layout-constrained\">\n<div class=\"wp-block-group\"><div class=\"wp-block-group__inner-container is-layout-constrained wp-block-group-is-layout-constrained\">\n<h1 class=\"wp-block-heading has-text-align-left has-luminous-vivid-orange-color has-text-color has-link-color wp-elements-860d77c18bd218e13155709c04689540\">Camille Laurens<\/h1>\n\n\n<div class=\"wp-block-image\">\n<figure class=\"alignleft size-large is-resized\"><img loading=\"lazy\" decoding=\"async\" width=\"333\" height=\"500\" src=\"https:\/\/unedunealapage.fr\/wp-content\/uploads\/2026\/03\/LAURENS-Camille_photo_2024_Francesca_Mantovan-iRGallimard_87A2442R2-333x500.jpg\" alt=\"\" class=\"wp-image-2307\" style=\"aspect-ratio:0.666020813150411;width:313px;height:auto\" srcset=\"https:\/\/unedunealapage.fr\/wp-content\/uploads\/2026\/03\/LAURENS-Camille_photo_2024_Francesca_Mantovan-iRGallimard_87A2442R2-333x500.jpg 333w, https:\/\/unedunealapage.fr\/wp-content\/uploads\/2026\/03\/LAURENS-Camille_photo_2024_Francesca_Mantovan-iRGallimard_87A2442R2-100x150.jpg 100w, https:\/\/unedunealapage.fr\/wp-content\/uploads\/2026\/03\/LAURENS-Camille_photo_2024_Francesca_Mantovan-iRGallimard_87A2442R2-scaled.jpg 1707w\" sizes=\"auto, (max-width: 333px) 100vw, 333px\" \/><figcaption class=\"wp-element-caption\">Camille Laurens<br>\u00a9 Francesca Mantovan<\/figcaption><\/figure>\n<\/div>\n\n\n<p class=\"has-small-font-size\">Camille Laurens est n\u00e9e en 1957 \u00e0 Dijon. Agr\u00e9g\u00e9e de Lettres modernes, elle a d&rsquo;abord enseign\u00e9 en Normandie puis, \u00e0 partir de 1984, \u00e0 Casablanca et dans les Classes pr\u00e9paratoires aux grandes \u00e9coles de Marrakech. Elle a v\u00e9cu douze ans au Maroc, partageant son temps entre ses cours, l&rsquo;animation d&rsquo;un cin\u00e9-club, le th\u00e9\u00e2tre (elle a interpr\u00e9t\u00e9 notamment l&rsquo;Araminte des Fausses confidences de Marivaux) et l&rsquo;\u00e9criture : ses trois premiers romans sont r\u00e9dig\u00e9s \u00e0 Marrakech. C&rsquo;est le r\u00e9cit que Camille Laurens a fait de la mort de son fils Philippe en 1994 qui l&rsquo;a conduite \u00e0 s&rsquo;interroger sur le rapport de la litt\u00e9rature avec la v\u00e9rit\u00e9. Elle s&rsquo;\u00e9loigne alors de la fiction traditionnelle pour se rapprocher de ce que l&rsquo;on appelle souvent l&rsquo;autofiction, et qu&rsquo;elle pr\u00e9f\u00e8re nommer l&rsquo;\u00e9criture de soi, en hommage au \u00ab\u00a0livre int\u00e9rieur\u00a0\u00bb de Marcel Proust, \u00ab\u00a0<em>le seul dont l&rsquo;impression ait \u00e9t\u00e9 faite en nous par la r\u00e9alit\u00e9 m\u00eame\u00a0\u00bb<\/em>.<\/p>\n\n\n\n<p class=\"has-small-font-size\">Depuis 2002, l\u2019\u00e9crivaine est \u00e9galement chroniqueuse litt\u00e9raire dans diff\u00e9rents quotidiens &#8211;&nbsp;<em>L&rsquo;Humanit\u00e9<\/em>&nbsp;en 2002 et 2003,<em>&nbsp;Le Monde<\/em>&nbsp;en 2014 et 2015. Depuis septembre de cette m\u00eame ann\u00e9e, elle tient une chronique mensuelle dans&nbsp;<em>Lib\u00e9ration<\/em>. En ao\u00fbt 2019 elle reprend \u00ab&nbsp;le feuilleton&nbsp;\u00bb hebdomadaire du&nbsp;<em>Monde des livres<\/em>.<\/p>\n\n\n\n<p class=\"has-small-font-size\">Camille Laurens est traduite dans une trentaine de langues.<\/p>\n\n\n\n<hr class=\"wp-block-separator has-alpha-channel-opacity\"\/>\n\n\n\n<div style=\"height:41px\" aria-hidden=\"true\" class=\"wp-block-spacer\"><\/div>\n\n\n<div class=\"wp-block-image\">\n<figure class=\"alignleft size-large\"><img loading=\"lazy\" decoding=\"async\" width=\"341\" height=\"500\" src=\"https:\/\/unedunealapage.fr\/wp-content\/uploads\/2026\/03\/LAURENS-Camille-COUV-Ta-promesse-avec-bandeau-341x500.jpg\" alt=\"\" class=\"wp-image-2308\" srcset=\"https:\/\/unedunealapage.fr\/wp-content\/uploads\/2026\/03\/LAURENS-Camille-COUV-Ta-promesse-avec-bandeau-341x500.jpg 341w, https:\/\/unedunealapage.fr\/wp-content\/uploads\/2026\/03\/LAURENS-Camille-COUV-Ta-promesse-avec-bandeau-102x150.jpg 102w, https:\/\/unedunealapage.fr\/wp-content\/uploads\/2026\/03\/LAURENS-Camille-COUV-Ta-promesse-avec-bandeau-768x1125.jpg 768w, https:\/\/unedunealapage.fr\/wp-content\/uploads\/2026\/03\/LAURENS-Camille-COUV-Ta-promesse-avec-bandeau.jpg 827w\" sizes=\"auto, (max-width: 341px) 100vw, 341px\" \/><\/figure>\n<\/div>\n\n\n<p class=\"has-small-font-size\">Au d\u00e9but du livre, la romanci\u00e8re Claire Lancel est accus\u00e9e d\u2019avoir frapp\u00e9 \u00e0 la t\u00eate son ex- compagnon, Gilles Fabian, un metteur en sc\u00e8ne sp\u00e9cialis\u00e9 dans le th\u00e9\u00e2tre de marionnettes, qui se trouve depuis dans le coma. Ils ont v\u00e9cu plusieurs ann\u00e9es ensemble avant le drame. \u00c0 travers des entretiens avec son avocate qui cherche \u00e0 reconstituer le d\u00e9roulement des \u00e9v\u00e9nements, Claire \u00e9voque les diff\u00e9rentes \u00e9tapes qui l\u2019ont amen\u00e9 \u00e0 commettre ce gestecriminel. Elle revient d\u2019abord sur les d\u00e9buts de sa relation avec Gilles, leurs premiers mois qui ont tout d\u2019une idylle. Elle raconte qu\u2019au cours d\u2019un d\u00eener au bord de la mer, six moisapr\u00e8s leur rencontre, Gilles a eu l\u2019id\u00e9e d\u2019un \u00e9change de promesses. Il lui a demand\u00e9 de ne jamais \u00e9crire sur lui. Elle l\u2019a promis. Comme dans toute enqu\u00eate, il y a des auditions, des t\u00e9moignages, notamment ceux de Carole et \u00c9milie, les deux meilleures amies de Claire, et de Georges, l\u2019ami de Gilles, qui apportent des \u00e9clairages diff\u00e9rents, voire divergents, sur les protagonistes et le couple quils formaient. Au fil de ces t\u00e9moignages, on suit<strong>&nbsp;<\/strong>l&rsquo;histoire de la d\u00e9gradation du couple et la fa\u00e7on dont progressivement Claire<strong>&nbsp;<\/strong>va d\u00e9couvrir \u00e0 ses c\u00f4t\u00e9s un \u00e9tranger,<strong>&nbsp;<\/strong>un autre homme en tout cas, que celui qu\u2019elle croyait conna\u00eetre. L\u2019autre aspect concerne la cr\u00e9ation litt\u00e9raire car le r\u00e9cit montre comment l\u2019\u00e9crivaine, \u00e0 un moment donn\u00e9, n\u2019a pas d\u2019autre choix, dans sa solitude, que de se mettre \u00e0 \u00e9crire. Elle \u00e9prouve une certaine douleur \u00e0 transformer les personnes en personnages et la vie r\u00e9elle en roman. Mais c\u2019est ainsi et seulement ainsi qu\u2019elle comprend ce qui s\u2019est pass\u00e9 pour elle, en elle, et peut alors se mettre \u00e0 distance de sa souffrance. \u00ab Si je devais r\u00e9sumer d\u2019une phrase le sens principal de ce livre pour moi, je dirais que&nbsp;<em>T a Promesse<\/em>&nbsp;c\u00e9l\u00e8bre le roman comme un moyen irrempla\u00e7able d\u2019investigation du r\u00e9el et d\u2019\u00e9lucidation de la v\u00e9rit\u00e9. \u00bb Avec ce nouveau livre, Camille Laurens aborde un sujet qui est au centre de son travail litt\u00e9raire, et que l\u2019on trouve notamment dans&nbsp;<em>Celle que vous croyez<\/em>, roman de l\u2019illusion amoureuse. Pourquoi tombe-t-on amoureux ou amoureuse de quelqu\u2019un, comment se cr\u00e9e l\u2019image parfaite qui nous s\u00e9duit et qui fatalement, puisque c\u2019est une image arrang\u00e9e, fallacieuse, va un jour se fissurer, se disloquer ? Dans&nbsp;<em>T a promesse<\/em>&nbsp;c\u2019est Claire Lancel qui se laisse peu \u00e0 peu embarquer dans une histoire d&rsquo;amour faite de manipulation et de mensonge. Qui est Gilles ? Qui est Claire ? Quelles forces les ont unis puis s\u00e9par\u00e9s ? \u00c0 travers ce r\u00e9cit remarquablement \u00e9labor\u00e9, l\u2019auteure montre la difficult\u00e9 accrue de l\u2019amour : le narcissisme contemporain, ses d\u00e9viances de plus en plus subtiles et agressives, l\u2019absence d\u2019empathie et le d\u00e9ni de l\u2019alt\u00e9rit\u00e9 ont des cons\u00e9quences d\u00e9sastreuses<strong>.<\/strong>&nbsp;Dans une langue vive, pr\u00e9cise, aiguis\u00e9e, l\u2019histoire d\u00e9ploie toute la tension du thriller pour entrainer le lecteur dans la qu\u00eate de v\u00e9rit\u00e9 de l\u2019h\u00e9ro\u00efne.<\/p>\n\n\n\n<hr class=\"wp-block-separator has-alpha-channel-opacity\"\/>\n\n\n\n<div class=\"wp-block-columns is-layout-flex wp-container-core-columns-is-layout-9d6595d7 wp-block-columns-is-layout-flex\">\n<div class=\"wp-block-column is-layout-flow wp-block-column-is-layout-flow\">\n<p>Calendrier<\/p>\n\n\n\n<p class=\"has-small-font-size\">\ud83d\udcda<a href=\"https:\/\/unedunealapage.fr\/?tribe_events=une-soiree-avec-camille-laurens\" data-type=\"tribe_events\" data-id=\"2597\">Rencontre litt\u00e9raire<\/a> <span class=\"wp-rich-text-font-awesome-icon wp-font-awesome-icon\"><svg aria-hidden=\"true\" focusable=\"false\" data-prefix=\"fas\" data-icon=\"share\" class=\"svg-inline--fa fa-share \" role=\"img\" xmlns=\"http:\/\/www.w3.org\/2000\/svg\" viewBox=\"0 0 512 512\"><path fill=\"currentColor\" d=\"M307.8 18.4c-12 5-19.8 16.6-19.8 29.6l0 80-112 0c-97.2 0-176 78.8-176 176 0 113.3 81.5 163.9 100.2 174.1 2.5 1.4 5.3 1.9 8.1 1.9 10.9 0 19.7-8.9 19.7-19.7 0-7.5-4.3-14.4-9.8-19.5-9.4-8.8-22.2-26.4-22.2-56.7 0-53 43-96 96-96l96 0 0 80c0 12.9 7.8 24.6 19.8 29.6s25.7 2.2 34.9-6.9l160-160c12.5-12.5 12.5-32.8 0-45.3l-160-160c-9.2-9.2-22.9-11.9-34.9-6.9z\"><\/path><\/svg><\/span><br>\ud83d\udcc5 Jeudi 14 mai \u23f0 21h<br>\ud83d\udccdSalle Marie Madeleine<\/p>\n<\/div>\n\n\n\n<div class=\"wp-block-column is-layout-flow wp-block-column-is-layout-flow\">\n<p>Auteurs et Programme<\/p>\n\n\n\n<p class=\"has-small-font-size\"><span class=\"wp-rich-text-font-awesome-icon wp-font-awesome-icon\"><svg aria-hidden=\"true\" focusable=\"false\" data-prefix=\"fas\" data-icon=\"share\" class=\"svg-inline--fa fa-share \" role=\"img\" xmlns=\"http:\/\/www.w3.org\/2000\/svg\" viewBox=\"0 0 512 512\"><path fill=\"currentColor\" d=\"M307.8 18.4c-12 5-19.8 16.6-19.8 29.6l0 80-112 0c-97.2 0-176 78.8-176 176 0 113.3 81.5 163.9 100.2 174.1 2.5 1.4 5.3 1.9 8.1 1.9 10.9 0 19.7-8.9 19.7-19.7 0-7.5-4.3-14.4-9.8-19.5-9.4-8.8-22.2-26.4-22.2-56.7 0-53 43-96 96-96l96 0 0 80c0 12.9 7.8 24.6 19.8 29.6s25.7 2.2 34.9-6.9l160-160c12.5-12.5 12.5-32.8 0-45.3l-160-160c-9.2-9.2-22.9-11.9-34.9-6.9z\"><\/path><\/svg><\/span> <a href=\"https:\/\/unedunealapage.fr\/?page_id=2238\" data-type=\"page\" data-id=\"2238\">vers Liste des auteurs<\/a><br><span class=\"wp-rich-text-font-awesome-icon wp-font-awesome-icon\"><svg aria-hidden=\"true\" focusable=\"false\" data-prefix=\"fas\" data-icon=\"share\" class=\"svg-inline--fa fa-share \" role=\"img\" xmlns=\"http:\/\/www.w3.org\/2000\/svg\" viewBox=\"0 0 512 512\"><path fill=\"currentColor\" d=\"M307.8 18.4c-12 5-19.8 16.6-19.8 29.6l0 80-112 0c-97.2 0-176 78.8-176 176 0 113.3 81.5 163.9 100.2 174.1 2.5 1.4 5.3 1.9 8.1 1.9 10.9 0 19.7-8.9 19.7-19.7 0-7.5-4.3-14.4-9.8-19.5-9.4-8.8-22.2-26.4-22.2-56.7 0-53 43-96 96-96l96 0 0 80c0 12.9 7.8 24.6 19.8 29.6s25.7 2.2 34.9-6.9l160-160c12.5-12.5 12.5-32.8 0-45.3l-160-160c-9.2-9.2-22.9-11.9-34.9-6.9z\"><\/path><\/svg><\/span> <a href=\"https:\/\/unedunealapage.fr\/?page_id=1925\" data-type=\"page\" data-id=\"1925\">vers Programme<\/a><\/p>\n<\/div>\n<\/div>\n\n\n\n<hr class=\"wp-block-separator has-alpha-channel-opacity\"\/>\n<\/div><\/div>\n<\/div><\/div>\n","protected":false},"excerpt":{"rendered":"<p>Camille Laurens Camille Laurens est n\u00e9e en 1957 \u00e0 Dijon. Agr\u00e9g\u00e9e de Lettres modernes, elle a d&rsquo;abord enseign\u00e9 en Normandie puis, \u00e0 partir de 1984, \u00e0 Casablanca et dans les &hellip; <\/p>\n<p class=\"link-more\"><a href=\"https:\/\/unedunealapage.fr\/?page_id=2306\" class=\"more-link\">Continuer la lecture<span class=\"screen-reader-text\"> de &laquo;&nbsp;Page Camille Laurens&nbsp;&raquo;<\/span><\/a><\/p>\n","protected":false},"author":1,"featured_media":0,"parent":0,"menu_order":0,"comment_status":"closed","ping_status":"closed","template":"","meta":{"_EventAllDay":false,"_EventTimezone":"","_EventStartDate":"","_EventEndDate":"","_EventStartDateUTC":"","_EventEndDateUTC":"","_EventShowMap":false,"_EventShowMapLink":false,"_EventURL":"","_EventCost":"","_EventCostDescription":"","_EventCurrencySymbol":"","_EventCurrencyCode":"","_EventCurrencyPosition":"","_EventDateTimeSeparator":"","_EventTimeRangeSeparator":"","_EventOrganizerID":[],"_EventVenueID":[],"_OrganizerEmail":"","_OrganizerPhone":"","_OrganizerWebsite":"","_VenueAddress":"","_VenueCity":"","_VenueCountry":"","_VenueProvince":"","_VenueState":"","_VenueZip":"","_VenuePhone":"","_VenueURL":"","_VenueStateProvince":"","_VenueLat":"","_VenueLng":"","_VenueShowMap":false,"_VenueShowMapLink":false,"footnotes":""},"class_list":["post-2306","page","type-page","status-publish","hentry"],"_links":{"self":[{"href":"https:\/\/unedunealapage.fr\/index.php?rest_route=\/wp\/v2\/pages\/2306","targetHints":{"allow":["GET"]}}],"collection":[{"href":"https:\/\/unedunealapage.fr\/index.php?rest_route=\/wp\/v2\/pages"}],"about":[{"href":"https:\/\/unedunealapage.fr\/index.php?rest_route=\/wp\/v2\/types\/page"}],"author":[{"embeddable":true,"href":"https:\/\/unedunealapage.fr\/index.php?rest_route=\/wp\/v2\/users\/1"}],"replies":[{"embeddable":true,"href":"https:\/\/unedunealapage.fr\/index.php?rest_route=%2Fwp%2Fv2%2Fcomments&post=2306"}],"version-history":[{"count":13,"href":"https:\/\/unedunealapage.fr\/index.php?rest_route=\/wp\/v2\/pages\/2306\/revisions"}],"predecessor-version":[{"id":3689,"href":"https:\/\/unedunealapage.fr\/index.php?rest_route=\/wp\/v2\/pages\/2306\/revisions\/3689"}],"wp:attachment":[{"href":"https:\/\/unedunealapage.fr\/index.php?rest_route=%2Fwp%2Fv2%2Fmedia&parent=2306"}],"curies":[{"name":"wp","href":"https:\/\/api.w.org\/{rel}","templated":true}]}}