{"id":2346,"date":"2026-03-10T22:44:05","date_gmt":"2026-03-10T21:44:05","guid":{"rendered":"https:\/\/unedunealapage.fr\/?page_id=2346"},"modified":"2026-03-30T15:36:44","modified_gmt":"2026-03-30T13:36:44","slug":"page-jul","status":"publish","type":"page","link":"https:\/\/unedunealapage.fr\/?page_id=2346","title":{"rendered":"Page Jul"},"content":{"rendered":"\n<h1 class=\"wp-block-heading has-text-align-left has-luminous-vivid-orange-color has-text-color has-link-color wp-elements-ede00377929fb0c7718f5336d544093e\">Jul<\/h1>\n\n\n<div class=\"wp-block-image\">\n<figure class=\"alignleft size-large is-resized\"><img loading=\"lazy\" decoding=\"async\" width=\"500\" height=\"500\" src=\"https:\/\/unedunealapage.fr\/wp-content\/uploads\/2026\/03\/41875_jul-500x500.jpg\" alt=\"\" class=\"wp-image-2245\" style=\"width:201px;height:auto\" srcset=\"https:\/\/unedunealapage.fr\/wp-content\/uploads\/2026\/03\/41875_jul-500x500.jpg 500w, https:\/\/unedunealapage.fr\/wp-content\/uploads\/2026\/03\/41875_jul-150x150.jpg 150w, https:\/\/unedunealapage.fr\/wp-content\/uploads\/2026\/03\/41875_jul-50x50.jpg 50w, https:\/\/unedunealapage.fr\/wp-content\/uploads\/2026\/03\/41875_jul-768x768.jpg 768w, https:\/\/unedunealapage.fr\/wp-content\/uploads\/2026\/03\/41875_jul-100x100.jpg 100w, https:\/\/unedunealapage.fr\/wp-content\/uploads\/2026\/03\/41875_jul.jpg 1300w\" sizes=\"auto, (max-width: 500px) 100vw, 500px\" \/><figcaption class=\"wp-element-caption\">Jul<\/figcaption><\/figure>\n<\/div>\n\n\n<p class=\"has-small-font-size\">De la banlieue parisienne aux campagnes chinoises, Jul a eu un parcours hors du commun. Sinologue puis dessinateur de presse incontournable, son travail en bande dessin\u00e9e encha\u00eene les best-sellers, depuis Il faut tuer Jos\u00e9 Bov\u00e9 en 2005 en passant par Le Guide du Moutard. Avec dix tomes, 180 \u00e9pisodes de dessin anim\u00e9 sur Arte et un long-m\u00e9trage au cin\u00e9ma, Silex and the city s\u2019est install\u00e9e comme une s\u00e9rie culte. Avec le philosophe Charles P\u00e9pin, il invente La Plan\u00e8te des sages et 50 Nuances de Grecs. Depuis dix ans, il est le sc\u00e9-nariste offi ciel de la s\u00e9rie Lucky Luke avec cinq albums qui font date, dont La Terre promise (2016), Un cow-boy \u00e0 Paris (2018) ou Un cow-boy dans le coton (2020). Apr\u00e8s avoir abord\u00e9 la gastronomie et l\u2019Histoire avec A\u00eftor \u201cSauce Gribiche\u201d Alfonso (La faim de l\u2019Histoire, 2023), il r\u00e9alise un album de Spirou avec Libon et une version illustr\u00e9e de La Belle et la B\u00eate.<\/p>\n\n\n\n<div style=\"height:41px\" aria-hidden=\"true\" class=\"wp-block-spacer\"><\/div>\n\n\n<div class=\"wp-block-image\">\n<figure class=\"alignleft size-large is-resized\"><img loading=\"lazy\" decoding=\"async\" width=\"367\" height=\"500\" src=\"https:\/\/unedunealapage.fr\/wp-content\/uploads\/2026\/03\/9782344071304-X-367x500.jpg\" alt=\"\" class=\"wp-image-2169\" style=\"aspect-ratio:0.7340229382168193;width:189px;height:auto\" srcset=\"https:\/\/unedunealapage.fr\/wp-content\/uploads\/2026\/03\/9782344071304-X-367x500.jpg 367w, https:\/\/unedunealapage.fr\/wp-content\/uploads\/2026\/03\/9782344071304-X-110x150.jpg 110w, https:\/\/unedunealapage.fr\/wp-content\/uploads\/2026\/03\/9782344071304-X-768x1047.jpg 768w, https:\/\/unedunealapage.fr\/wp-content\/uploads\/2026\/03\/9782344071304-X-1127x1536.jpg 1127w, https:\/\/unedunealapage.fr\/wp-content\/uploads\/2026\/03\/9782344071304-X.jpg 1400w\" sizes=\"auto, (max-width: 367px) 100vw, 367px\" \/><\/figure>\n<\/div>\n\n\n<p><strong><mark style=\"background-color:rgba(0, 0, 0, 0)\" class=\"has-inline-color has-luminous-vivid-orange-color\">Picsou et les Bit-Coincoins<\/mark><\/strong><\/p>\n\n\n\n<p class=\"has-small-font-size\">SC\u00c9NARIO: JUL<br>DESSIN: NICOLAS KERAMIDAS<\/p>\n\n\n\n<p class=\"has-small-font-size\"><strong>Le grand retour en BD du canard le plus riche du monde !<br><\/strong>Cryptomonnaies, nouvelles technologies, r\u00e9seaux sociaux : assis sur son tas d\u2019or, Balthazar Picsou semble d\u00e9pass\u00e9 par son \u00e9poque\u2026 Mais quand il apprend que le titre de \u201ccanard le plus riche du monde\u201d lui a \u00e9t\u00e9 vol\u00e9 par le myst\u00e9rieux Carsten, nouvelle fortune de la tech, son sang de canard ne fait qu\u2019un tour. \u00c9paul\u00e9 par le g\u00e9nial G\u00e9o Trouvetou, et ses neveux devenus influenceurs, il se lance \u00e0 corps perdu dans la modernit\u00e9 : monnaies virtuelles, fol- lowers et selfi es fa\u00e7on \u201cduckface\u201d. Carsten, \u00e9paul\u00e9 par les Rapetou, parvient \u00e0 siphonner les comptes de Picsou dans une perfi de cyberattaque ! Picsou, ruin\u00e9 au milieu de son coffre  vide, saura-t-il rebondir et reconqu\u00e9rir son empire ? Le Festival des Canes et son tapis rouge vont peut-\u00eatre lui offrir une seconde chance\u2026<br>Ce premier album redonne vie \u00e0 l\u2019univers de Disney dans sa loufoquerie et son suspense habituels. Mais si le canard aussi c\u00e9l\u00e8bre pour ses montagnes de pi\u00e8ces d\u2019or que pour sa radinerie est rest\u00e9 le m\u00eame, le monde a chang\u00e9 : c\u2019est tout le sel de cette histoire tr\u00e9pidante, qui voit s\u2019affronter les g\u00e9n\u00e9rations sur fond de choc technologique et de r\u00e9seaux sociaux.<br>L\u2019ironie politique de Jul et la virtuosit\u00e9 du trait de Keramidas font de ce livre un \u00e9v\u00e9nement pour toutes les g\u00e9n\u00e9rations de lecteurs de Picsou.<\/p>\n\n\n\n<hr class=\"wp-block-separator has-alpha-channel-opacity\"\/>\n\n\n\n<h3 class=\"wp-block-heading\"><strong><mark style=\"background-color:rgba(0, 0, 0, 0)\" class=\"has-inline-color has-luminous-vivid-orange-color\">Les aventures de Lucky Luke d&rsquo;apr\u00e8s Morris<\/mark><\/strong><\/h3>\n\n\n\n<p class=\"has-small-font-size\">Joyeux anniversaire, Lucky Luke !<br>En octobre 2026, le cow-boy solitaire qui tire plus vite que son ombre, cr\u00e9\u00e9 et dessin\u00e9 par Morris en 1946, et dont les aventures seront sc\u00e9naris\u00e9es par Ren\u00e9 Goscinny de 1955 \u00e0 1977, f\u00eatera ses 80 ans. C\u2019est l\u2019occasion r\u00eav\u00e9e de c\u00e9l\u00e9brer l\u2019une des figures embl\u00e9matiques de la bande dessin\u00e9e franco-belge.<\/p>\n\n\n\n<p class=\"has-small-font-size\">Tome 12, sortie en octobre 2026<br>Cette nouvelle aventure de Lucky Luke sera \u00e9videmment le point d\u2019orgue de cette ann\u00e9e anniversaire. Le sc\u00e9nario abordera un sujet universel et intemporel, dans le plus pur esprit Goscinny. On y retrouvera un humour \u00e0 plusieurs degr\u00e9s et des dialogues percutants, avec une volont\u00e9 de traiter de v\u00e9ritables sujets de soci\u00e9t\u00e9 capables de parler \u00e0 chacun, avec beaucoup d\u2019intelligence. Mis en sc\u00e8ne et dessin\u00e9 par Achd\u00e9 \u2013 dessinateur adoub\u00e9 par Morris \u2013, cet album fera parler de lui : le myst\u00e8re sera d\u00e9voil\u00e9 durant cette ann\u00e9e 2026 !<\/p>\n\n\n\n<div class=\"wp-block-columns is-layout-flex wp-container-core-columns-is-layout-9d6595d7 wp-block-columns-is-layout-flex\">\n<div class=\"wp-block-column is-layout-flow wp-block-column-is-layout-flow\">\n<figure class=\"wp-block-image size-large\"><img loading=\"lazy\" decoding=\"async\" width=\"381\" height=\"500\" src=\"https:\/\/unedunealapage.fr\/wp-content\/uploads\/2026\/03\/T11-couv-381x500.jpg\" alt=\"\" class=\"wp-image-2347\" srcset=\"https:\/\/unedunealapage.fr\/wp-content\/uploads\/2026\/03\/T11-couv-381x500.jpg 381w, https:\/\/unedunealapage.fr\/wp-content\/uploads\/2026\/03\/T11-couv-114x150.jpg 114w, https:\/\/unedunealapage.fr\/wp-content\/uploads\/2026\/03\/T11-couv-768x1007.jpg 768w, https:\/\/unedunealapage.fr\/wp-content\/uploads\/2026\/03\/T11-couv-1172x1536.jpg 1172w, https:\/\/unedunealapage.fr\/wp-content\/uploads\/2026\/03\/T11-couv-1562x2048.jpg 1562w, https:\/\/unedunealapage.fr\/wp-content\/uploads\/2026\/03\/T11-couv-scaled.jpg 1953w\" sizes=\"auto, (max-width: 381px) 100vw, 381px\" \/><\/figure>\n<\/div>\n\n\n\n<div class=\"wp-block-column is-layout-flow wp-block-column-is-layout-flow\">\n<figure class=\"wp-block-image size-large\"><img loading=\"lazy\" decoding=\"async\" width=\"381\" height=\"500\" src=\"https:\/\/unedunealapage.fr\/wp-content\/uploads\/2026\/03\/T10-381x500.jpg\" alt=\"\" class=\"wp-image-2348\" srcset=\"https:\/\/unedunealapage.fr\/wp-content\/uploads\/2026\/03\/T10-381x500.jpg 381w, https:\/\/unedunealapage.fr\/wp-content\/uploads\/2026\/03\/T10-114x150.jpg 114w, https:\/\/unedunealapage.fr\/wp-content\/uploads\/2026\/03\/T10-768x1009.jpg 768w, https:\/\/unedunealapage.fr\/wp-content\/uploads\/2026\/03\/T10-1169x1536.jpg 1169w, https:\/\/unedunealapage.fr\/wp-content\/uploads\/2026\/03\/T10-1559x2048.jpg 1559w, https:\/\/unedunealapage.fr\/wp-content\/uploads\/2026\/03\/T10-scaled.jpg 1949w\" sizes=\"auto, (max-width: 381px) 100vw, 381px\" \/><\/figure>\n<\/div>\n\n\n\n<div class=\"wp-block-column is-layout-flow wp-block-column-is-layout-flow\">\n<figure class=\"wp-block-image size-large\"><img loading=\"lazy\" decoding=\"async\" width=\"381\" height=\"500\" src=\"https:\/\/unedunealapage.fr\/wp-content\/uploads\/2026\/03\/T09-381x500.jpg\" alt=\"\" class=\"wp-image-2349\" srcset=\"https:\/\/unedunealapage.fr\/wp-content\/uploads\/2026\/03\/T09-381x500.jpg 381w, https:\/\/unedunealapage.fr\/wp-content\/uploads\/2026\/03\/T09-114x150.jpg 114w, https:\/\/unedunealapage.fr\/wp-content\/uploads\/2026\/03\/T09-768x1007.jpg 768w, https:\/\/unedunealapage.fr\/wp-content\/uploads\/2026\/03\/T09-1171x1536.jpg 1171w, https:\/\/unedunealapage.fr\/wp-content\/uploads\/2026\/03\/T09-1562x2048.jpg 1562w, https:\/\/unedunealapage.fr\/wp-content\/uploads\/2026\/03\/T09-scaled.jpg 1952w\" sizes=\"auto, (max-width: 381px) 100vw, 381px\" \/><\/figure>\n<\/div>\n<\/div>\n\n\n\n<div class=\"wp-block-columns is-layout-flex wp-container-core-columns-is-layout-9d6595d7 wp-block-columns-is-layout-flex\">\n<div class=\"wp-block-column is-layout-flow wp-block-column-is-layout-flow\">\n<figure class=\"wp-block-image size-large\"><img loading=\"lazy\" decoding=\"async\" width=\"380\" height=\"500\" src=\"https:\/\/unedunealapage.fr\/wp-content\/uploads\/2026\/03\/T08-380x500.jpg\" alt=\"\" class=\"wp-image-2350\" srcset=\"https:\/\/unedunealapage.fr\/wp-content\/uploads\/2026\/03\/T08-380x500.jpg 380w, https:\/\/unedunealapage.fr\/wp-content\/uploads\/2026\/03\/T08-114x150.jpg 114w, https:\/\/unedunealapage.fr\/wp-content\/uploads\/2026\/03\/T08-768x1010.jpg 768w, https:\/\/unedunealapage.fr\/wp-content\/uploads\/2026\/03\/T08-1168x1536.jpg 1168w, https:\/\/unedunealapage.fr\/wp-content\/uploads\/2026\/03\/T08-1558x2048.jpg 1558w, https:\/\/unedunealapage.fr\/wp-content\/uploads\/2026\/03\/T08-scaled.jpg 1947w\" sizes=\"auto, (max-width: 380px) 100vw, 380px\" \/><\/figure>\n<\/div>\n\n\n\n<div class=\"wp-block-column is-layout-flow wp-block-column-is-layout-flow\">\n<figure class=\"wp-block-image size-large\"><img loading=\"lazy\" decoding=\"async\" width=\"382\" height=\"500\" src=\"https:\/\/unedunealapage.fr\/wp-content\/uploads\/2026\/03\/T07-382x500.jpg\" alt=\"\" class=\"wp-image-2351\" srcset=\"https:\/\/unedunealapage.fr\/wp-content\/uploads\/2026\/03\/T07-382x500.jpg 382w, https:\/\/unedunealapage.fr\/wp-content\/uploads\/2026\/03\/T07-115x150.jpg 115w, https:\/\/unedunealapage.fr\/wp-content\/uploads\/2026\/03\/T07-768x1005.jpg 768w, https:\/\/unedunealapage.fr\/wp-content\/uploads\/2026\/03\/T07-1174x1536.jpg 1174w, https:\/\/unedunealapage.fr\/wp-content\/uploads\/2026\/03\/T07-1565x2048.jpg 1565w, https:\/\/unedunealapage.fr\/wp-content\/uploads\/2026\/03\/T07-scaled.jpg 1956w\" sizes=\"auto, (max-width: 382px) 100vw, 382px\" \/><\/figure>\n<\/div>\n\n\n\n<div class=\"wp-block-column is-layout-flow wp-block-column-is-layout-flow\"><\/div>\n<\/div>\n\n\n\n<hr class=\"wp-block-separator has-alpha-channel-opacity\"\/>\n\n\n\n<div class=\"wp-block-group\"><div class=\"wp-block-group__inner-container is-layout-constrained wp-block-group-is-layout-constrained\">\n<div class=\"wp-block-columns is-layout-flex wp-container-core-columns-is-layout-9d6595d7 wp-block-columns-is-layout-flex\">\n<div class=\"wp-block-column is-layout-flow wp-block-column-is-layout-flow\">\n<p>Calendrier<\/p>\n\n\n\n<p class=\"has-small-font-size\">\ud83d\udcda<a href=\"https:\/\/unedunealapage.fr\/?tribe_events=jul\" data-type=\"tribe_events\" data-id=\"2582\">Rencontre litt\u00e9raire<\/a> <span class=\"wp-rich-text-font-awesome-icon wp-font-awesome-icon\"><svg aria-hidden=\"true\" focusable=\"false\" data-prefix=\"fas\" data-icon=\"share\" class=\"svg-inline--fa fa-share \" role=\"img\" xmlns=\"http:\/\/www.w3.org\/2000\/svg\" viewBox=\"0 0 512 512\"><path fill=\"currentColor\" d=\"M307.8 18.4c-12 5-19.8 16.6-19.8 29.6l0 80-112 0c-97.2 0-176 78.8-176 176 0 113.3 81.5 163.9 100.2 174.1 2.5 1.4 5.3 1.9 8.1 1.9 10.9 0 19.7-8.9 19.7-19.7 0-7.5-4.3-14.4-9.8-19.5-9.4-8.8-22.2-26.4-22.2-56.7 0-53 43-96 96-96l96 0 0 80c0 12.9 7.8 24.6 19.8 29.6s25.7 2.2 34.9-6.9l160-160c12.5-12.5 12.5-32.8 0-45.3l-160-160c-9.2-9.2-22.9-11.9-34.9-6.9z\"><\/path><\/svg><\/span><br>\ud83d\udcc5 Jeudi 14 mai \u23f0 17h<br>\ud83d\udccdSalle Marie Madeleine<\/p>\n<\/div>\n\n\n\n<div class=\"wp-block-column is-layout-flow wp-block-column-is-layout-flow\">\n<p>Auteurs et Programme<\/p>\n\n\n\n<p class=\"has-small-font-size\"><span class=\"wp-rich-text-font-awesome-icon wp-font-awesome-icon\"><svg aria-hidden=\"true\" focusable=\"false\" data-prefix=\"fas\" data-icon=\"share\" class=\"svg-inline--fa fa-share \" role=\"img\" xmlns=\"http:\/\/www.w3.org\/2000\/svg\" viewBox=\"0 0 512 512\"><path fill=\"currentColor\" d=\"M307.8 18.4c-12 5-19.8 16.6-19.8 29.6l0 80-112 0c-97.2 0-176 78.8-176 176 0 113.3 81.5 163.9 100.2 174.1 2.5 1.4 5.3 1.9 8.1 1.9 10.9 0 19.7-8.9 19.7-19.7 0-7.5-4.3-14.4-9.8-19.5-9.4-8.8-22.2-26.4-22.2-56.7 0-53 43-96 96-96l96 0 0 80c0 12.9 7.8 24.6 19.8 29.6s25.7 2.2 34.9-6.9l160-160c12.5-12.5 12.5-32.8 0-45.3l-160-160c-9.2-9.2-22.9-11.9-34.9-6.9z\"><\/path><\/svg><\/span> <a href=\"https:\/\/unedunealapage.fr\/?page_id=2238\" data-type=\"page\" data-id=\"2238\">vers Liste des auteurs<\/a><br><span class=\"wp-rich-text-font-awesome-icon wp-font-awesome-icon\"><svg aria-hidden=\"true\" focusable=\"false\" data-prefix=\"fas\" data-icon=\"share\" class=\"svg-inline--fa fa-share \" role=\"img\" xmlns=\"http:\/\/www.w3.org\/2000\/svg\" viewBox=\"0 0 512 512\"><path fill=\"currentColor\" d=\"M307.8 18.4c-12 5-19.8 16.6-19.8 29.6l0 80-112 0c-97.2 0-176 78.8-176 176 0 113.3 81.5 163.9 100.2 174.1 2.5 1.4 5.3 1.9 8.1 1.9 10.9 0 19.7-8.9 19.7-19.7 0-7.5-4.3-14.4-9.8-19.5-9.4-8.8-22.2-26.4-22.2-56.7 0-53 43-96 96-96l96 0 0 80c0 12.9 7.8 24.6 19.8 29.6s25.7 2.2 34.9-6.9l160-160c12.5-12.5 12.5-32.8 0-45.3l-160-160c-9.2-9.2-22.9-11.9-34.9-6.9z\"><\/path><\/svg><\/span> <a href=\"https:\/\/unedunealapage.fr\/?page_id=1925\" data-type=\"page\" data-id=\"1925\">vers Programme<\/a><\/p>\n<\/div>\n<\/div>\n<\/div><\/div>\n\n\n\n<hr class=\"wp-block-separator has-alpha-channel-opacity\"\/>\n\n\n\n<p><\/p>\n","protected":false},"excerpt":{"rendered":"<p>Jul De la banlieue parisienne aux campagnes chinoises, Jul a eu un parcours hors du commun. Sinologue puis dessinateur de presse incontournable, son travail en bande dessin\u00e9e encha\u00eene les best-sellers, &hellip; <\/p>\n<p class=\"link-more\"><a href=\"https:\/\/unedunealapage.fr\/?page_id=2346\" class=\"more-link\">Continuer la lecture<span class=\"screen-reader-text\"> de &laquo;&nbsp;Page Jul&nbsp;&raquo;<\/span><\/a><\/p>\n","protected":false},"author":1,"featured_media":0,"parent":0,"menu_order":0,"comment_status":"closed","ping_status":"closed","template":"","meta":{"_EventAllDay":false,"_EventTimezone":"","_EventStartDate":"","_EventEndDate":"","_EventStartDateUTC":"","_EventEndDateUTC":"","_EventShowMap":false,"_EventShowMapLink":false,"_EventURL":"","_EventCost":"","_EventCostDescription":"","_EventCurrencySymbol":"","_EventCurrencyCode":"","_EventCurrencyPosition":"","_EventDateTimeSeparator":"","_EventTimeRangeSeparator":"","_EventOrganizerID":[],"_EventVenueID":[],"_OrganizerEmail":"","_OrganizerPhone":"","_OrganizerWebsite":"","_VenueAddress":"","_VenueCity":"","_VenueCountry":"","_VenueProvince":"","_VenueState":"","_VenueZip":"","_VenuePhone":"","_VenueURL":"","_VenueStateProvince":"","_VenueLat":"","_VenueLng":"","_VenueShowMap":false,"_VenueShowMapLink":false,"footnotes":""},"class_list":["post-2346","page","type-page","status-publish","hentry"],"_links":{"self":[{"href":"https:\/\/unedunealapage.fr\/index.php?rest_route=\/wp\/v2\/pages\/2346","targetHints":{"allow":["GET"]}}],"collection":[{"href":"https:\/\/unedunealapage.fr\/index.php?rest_route=\/wp\/v2\/pages"}],"about":[{"href":"https:\/\/unedunealapage.fr\/index.php?rest_route=\/wp\/v2\/types\/page"}],"author":[{"embeddable":true,"href":"https:\/\/unedunealapage.fr\/index.php?rest_route=\/wp\/v2\/users\/1"}],"replies":[{"embeddable":true,"href":"https:\/\/unedunealapage.fr\/index.php?rest_route=%2Fwp%2Fv2%2Fcomments&post=2346"}],"version-history":[{"count":7,"href":"https:\/\/unedunealapage.fr\/index.php?rest_route=\/wp\/v2\/pages\/2346\/revisions"}],"predecessor-version":[{"id":3704,"href":"https:\/\/unedunealapage.fr\/index.php?rest_route=\/wp\/v2\/pages\/2346\/revisions\/3704"}],"wp:attachment":[{"href":"https:\/\/unedunealapage.fr\/index.php?rest_route=%2Fwp%2Fv2%2Fmedia&parent=2346"}],"curies":[{"name":"wp","href":"https:\/\/api.w.org\/{rel}","templated":true}]}}