{"id":2357,"date":"2026-03-11T10:45:22","date_gmt":"2026-03-11T09:45:22","guid":{"rendered":"https:\/\/unedunealapage.fr\/?page_id=2357"},"modified":"2026-03-30T15:41:15","modified_gmt":"2026-03-30T13:41:15","slug":"page-kara-molinari","status":"publish","type":"page","link":"https:\/\/unedunealapage.fr\/?page_id=2357","title":{"rendered":"Page Kara Molinari"},"content":{"rendered":"\n<h1 class=\"wp-block-heading has-text-align-center has-luminous-vivid-orange-color has-text-color has-link-color wp-elements-1c2dd6effacf21ce3e41d69e40b8ee79\">Kara Molinari<\/h1>\n\n\n<div class=\"wp-block-image\">\n<figure class=\"alignleft size-large is-resized\"><img loading=\"lazy\" decoding=\"async\" width=\"333\" height=\"500\" src=\"https:\/\/unedunealapage.fr\/wp-content\/uploads\/2026\/03\/kara_molinari_photo-333x500.jpeg\" alt=\"\" class=\"wp-image-2246\" style=\"aspect-ratio:0.666020813150411;width:187px;height:auto\" srcset=\"https:\/\/unedunealapage.fr\/wp-content\/uploads\/2026\/03\/kara_molinari_photo-333x500.jpeg 333w, https:\/\/unedunealapage.fr\/wp-content\/uploads\/2026\/03\/kara_molinari_photo-100x150.jpeg 100w, https:\/\/unedunealapage.fr\/wp-content\/uploads\/2026\/03\/kara_molinari_photo-768x1152.jpeg 768w, https:\/\/unedunealapage.fr\/wp-content\/uploads\/2026\/03\/kara_molinari_photo-1024x1536.jpeg 1024w, https:\/\/unedunealapage.fr\/wp-content\/uploads\/2026\/03\/kara_molinari_photo-1365x2048.jpeg 1365w, https:\/\/unedunealapage.fr\/wp-content\/uploads\/2026\/03\/kara_molinari_photo-scaled.jpeg 1707w\" sizes=\"auto, (max-width: 333px) 100vw, 333px\" \/><figcaption class=\"wp-element-caption\">Kara Molinari<br>\u00a9 <\/figcaption><\/figure>\n<\/div>\n\n\n<p class=\"has-small-font-size\">Kara Molinari explore depuis toujours les myst\u00e8res de l&rsquo;existence avec la curiosit\u00e9 d&rsquo;une chercheuse et la sensibilit\u00e9 d&rsquo;une artiste. Dipl\u00f4m\u00e9e de l&rsquo;Universit\u00e9 de Chapel Hill et du CELSA, elle est la cr\u00e9atrice du Design Holistic, une m\u00e9thode pionni\u00e8re associant \u00e9nergie, beaut\u00e9 et conscience. \u00c0 travers la d\u00e9coration, mais aussi les retraites et les soins, elle accompagne les personnes en qu\u00eate de bien-\u00eatre et de sens.<\/p>\n\n\n\n<h2 class=\"wp-block-heading\"><strong><mark style=\"background-color:rgba(0, 0, 0, 0)\" class=\"has-inline-color has-luminous-vivid-orange-color\">Atelier de m\u00e9ditation sur la plage avec l\u2019autrice Kara Molinari<\/mark><\/strong><\/h2>\n\n\n\n<p>Face \u00e0 l\u2019oc\u00e9an, le corps retrouve naturellement son \u00e9quilibre.\u00a0Dans cet atelier simple et accessible \u00e0 tous, Kara Molinari vous invite \u00e0 d\u00e9couvrir comment trouver une posture juste et stable tout en portant votre attention sur les sons de la nature \u2014 le rythme des vagues, le vent, l\u2019espace.\u00a0<\/p>\n\n\n\n<div style=\"height:60px\" aria-hidden=\"true\" class=\"wp-block-spacer\"><\/div>\n\n\n<div class=\"wp-block-image\">\n<figure class=\"alignleft size-large is-resized\"><img loading=\"lazy\" decoding=\"async\" width=\"314\" height=\"500\" src=\"https:\/\/unedunealapage.fr\/wp-content\/uploads\/2026\/03\/Couv_Vibrez-juste_Kara-Molinari-314x500.jpg\" alt=\"\" class=\"wp-image-2358\" style=\"width:185px;height:auto\" srcset=\"https:\/\/unedunealapage.fr\/wp-content\/uploads\/2026\/03\/Couv_Vibrez-juste_Kara-Molinari-314x500.jpg 314w, https:\/\/unedunealapage.fr\/wp-content\/uploads\/2026\/03\/Couv_Vibrez-juste_Kara-Molinari-94x150.jpg 94w, https:\/\/unedunealapage.fr\/wp-content\/uploads\/2026\/03\/Couv_Vibrez-juste_Kara-Molinari-768x1223.jpg 768w, https:\/\/unedunealapage.fr\/wp-content\/uploads\/2026\/03\/Couv_Vibrez-juste_Kara-Molinari-964x1536.jpg 964w, https:\/\/unedunealapage.fr\/wp-content\/uploads\/2026\/03\/Couv_Vibrez-juste_Kara-Molinari-1286x2048.jpg 1286w, https:\/\/unedunealapage.fr\/wp-content\/uploads\/2026\/03\/Couv_Vibrez-juste_Kara-Molinari.jpg 1594w\" sizes=\"auto, (max-width: 314px) 100vw, 314px\" \/><\/figure>\n<\/div>\n\n\n<p class=\"has-small-font-size\">Que signifie \u00e9lever son taux vibratoire ? Simplement, favoriser la circulation d&rsquo;\u00e9nergie corps-esprit pour vivre plus intens\u00e9ment. En langage plus terre-\u00e0-terre,<strong>&nbsp;chasser la fatigue<\/strong>, le&nbsp;<strong>vieillissement<\/strong>, la&nbsp;<strong>maladie<\/strong>, la&nbsp;<strong>d\u00e9pression<\/strong>. Kara Molinari, issue d&rsquo;une lign\u00e9e de gu\u00e9risseuses, nous propose une trentaine de protocoles de pr\u00e9vention et de soin&nbsp;<strong>issus des avoirs ancestraux<\/strong>, des plus pragmatiques aux plus spirituels, pour pr\u00e9venir du mal-\u00eatre. Elle nous propose de&nbsp;<strong>rep\u00e9rer les signes<\/strong>&nbsp;d&rsquo;un besoin du corps, de la t\u00eate, du c\u0153ur, et de proc\u00e9der par petits gestes faciles.<br>Quelques exemples : pour le&nbsp;<strong>corps<\/strong>, adopter un r\u00e9gime adapt\u00e9, penser aux pouvoirs de l&rsquo;eau, aux vertus du froid, rep\u00e9rer les vampires \u00e9nerg\u00e9tiques ; pour la&nbsp;<strong>t\u00eate<\/strong>, pratiquer la d\u00e9tox mentale, la cure de silence, s&rsquo;\u00e9crire \u00e0 soi-m\u00eame, choisir ses pens\u00e9es ; pour le&nbsp;<strong>c\u0153ur&nbsp;<\/strong>: pratiquer la posture d&rsquo;ouverture du c\u0153ur, identifier ses lieux ressources, cultiver la spontan\u00e9it\u00e9\u2026<\/p>\n\n\n\n<hr class=\"wp-block-separator has-alpha-channel-opacity\"\/>\n\n\n\n<div class=\"wp-block-group\"><div class=\"wp-block-group__inner-container is-layout-constrained wp-block-group-is-layout-constrained\">\n<div class=\"wp-block-columns is-layout-flex wp-container-core-columns-is-layout-9d6595d7 wp-block-columns-is-layout-flex\">\n<div class=\"wp-block-column is-layout-flow wp-block-column-is-layout-flow\">\n<p>Calendrier<\/p>\n\n\n\n<p class=\"has-small-font-size\">\ud83d\udcda<a href=\"https:\/\/unedunealapage.fr\/?tribe_events=atelier-sencrer\" data-type=\"tribe_events\" data-id=\"2968\">Atelier &amp; <br>Rencontre litt\u00e9raire<\/a> <span class=\"wp-rich-text-font-awesome-icon wp-font-awesome-icon\"><svg aria-hidden=\"true\" focusable=\"false\" data-prefix=\"fas\" data-icon=\"share\" class=\"svg-inline--fa fa-share \" role=\"img\" xmlns=\"http:\/\/www.w3.org\/2000\/svg\" viewBox=\"0 0 512 512\"><path fill=\"currentColor\" d=\"M307.8 18.4c-12 5-19.8 16.6-19.8 29.6l0 80-112 0c-97.2 0-176 78.8-176 176 0 113.3 81.5 163.9 100.2 174.1 2.5 1.4 5.3 1.9 8.1 1.9 10.9 0 19.7-8.9 19.7-19.7 0-7.5-4.3-14.4-9.8-19.5-9.4-8.8-22.2-26.4-22.2-56.7 0-53 43-96 96-96l96 0 0 80c0 12.9 7.8 24.6 19.8 29.6s25.7 2.2 34.9-6.9l160-160c12.5-12.5 12.5-32.8 0-45.3l-160-160c-9.2-9.2-22.9-11.9-34.9-6.9z\"><\/path><\/svg><\/span><br>\ud83d\udcc5 Vendredi 15 mai \u23f0 10h30 \u00e0 12h30<br>\ud83d\udccdLibrairie<\/p>\n<\/div>\n\n\n\n<div class=\"wp-block-column is-layout-flow wp-block-column-is-layout-flow\">\n<p>Auteurs et Programme<\/p>\n\n\n\n<p class=\"has-small-font-size\"><span class=\"wp-rich-text-font-awesome-icon wp-font-awesome-icon\"><svg aria-hidden=\"true\" focusable=\"false\" data-prefix=\"fas\" data-icon=\"share\" class=\"svg-inline--fa fa-share \" role=\"img\" xmlns=\"http:\/\/www.w3.org\/2000\/svg\" viewBox=\"0 0 512 512\"><path fill=\"currentColor\" d=\"M307.8 18.4c-12 5-19.8 16.6-19.8 29.6l0 80-112 0c-97.2 0-176 78.8-176 176 0 113.3 81.5 163.9 100.2 174.1 2.5 1.4 5.3 1.9 8.1 1.9 10.9 0 19.7-8.9 19.7-19.7 0-7.5-4.3-14.4-9.8-19.5-9.4-8.8-22.2-26.4-22.2-56.7 0-53 43-96 96-96l96 0 0 80c0 12.9 7.8 24.6 19.8 29.6s25.7 2.2 34.9-6.9l160-160c12.5-12.5 12.5-32.8 0-45.3l-160-160c-9.2-9.2-22.9-11.9-34.9-6.9z\"><\/path><\/svg><\/span> <a href=\"https:\/\/unedunealapage.fr\/?page_id=2238\" data-type=\"page\" data-id=\"2238\">vers Liste des auteurs<\/a><br><span class=\"wp-rich-text-font-awesome-icon wp-font-awesome-icon\"><svg aria-hidden=\"true\" focusable=\"false\" data-prefix=\"fas\" data-icon=\"share\" class=\"svg-inline--fa fa-share \" role=\"img\" xmlns=\"http:\/\/www.w3.org\/2000\/svg\" viewBox=\"0 0 512 512\"><path fill=\"currentColor\" d=\"M307.8 18.4c-12 5-19.8 16.6-19.8 29.6l0 80-112 0c-97.2 0-176 78.8-176 176 0 113.3 81.5 163.9 100.2 174.1 2.5 1.4 5.3 1.9 8.1 1.9 10.9 0 19.7-8.9 19.7-19.7 0-7.5-4.3-14.4-9.8-19.5-9.4-8.8-22.2-26.4-22.2-56.7 0-53 43-96 96-96l96 0 0 80c0 12.9 7.8 24.6 19.8 29.6s25.7 2.2 34.9-6.9l160-160c12.5-12.5 12.5-32.8 0-45.3l-160-160c-9.2-9.2-22.9-11.9-34.9-6.9z\"><\/path><\/svg><\/span> <a href=\"https:\/\/unedunealapage.fr\/?page_id=1925\" data-type=\"page\" data-id=\"1925\">vers Programme<\/a><\/p>\n<\/div>\n<\/div>\n<\/div><\/div>\n\n\n\n<hr class=\"wp-block-separator has-alpha-channel-opacity\"\/>\n\n\n\n<h1 class=\"wp-block-heading\"><strong><mark style=\"background-color:rgba(0, 0, 0, 0)\" class=\"has-inline-color has-luminous-vivid-orange-color\">Inscription \u00e0 l&rsquo;atelier \ud83d\udc47<\/mark><\/strong><\/h1>\n\n\n<style id=\"wpforms-css-vars-3603-block-4925c1e3-6f91-4596-95be-a5cf40f7d334\">\n\t\t\t\t#wpforms-3603.wpforms-block-4925c1e3-6f91-4596-95be-a5cf40f7d334 {\n\t\t\t\t--wpforms-label-color: #f7f2f2;\n--wpforms-label-sublabel-color: #7f7f7f;\n--wpforms-label-error-color: #ff0000;\n--wpforms-page-break-color: #dddddd;\n--wpforms-field-border-style: none;\n--wpforms-field-border-radius: 0px;\n--wpforms-field-background-color: #bfbbbb;\n--wpforms-field-border-color: #cccccc;\n--wpforms-field-border-color-spare: #cccccc;\n--wpforms-field-text-color: #141414;\n--wpforms-button-border-style: solid;\n--wpforms-button-border-radius: 0px;\n--wpforms-button-background-color: #dddddd;\n--wpforms-button-text-color: #666666;\n--wpforms-button-border-color: #cccccc;\n--wpforms-field-border-size: 0px;\n--wpforms-field-size-input-height: 43px;\n--wpforms-field-size-input-spacing: 15px;\n--wpforms-field-size-font-size: 16px;\n--wpforms-field-size-line-height: 19px;\n--wpforms-field-size-padding-h: 14px;\n--wpforms-field-size-checkbox-size: 16px;\n--wpforms-field-size-sublabel-spacing: 5px;\n--wpforms-field-size-icon-size: 1;\n--wpforms-label-size-font-size: 14px;\n--wpforms-label-size-line-height: 17px;\n--wpforms-label-size-sublabel-font-size: 13px;\n--wpforms-label-size-sublabel-line-height: 16px;\n--wpforms-button-size-font-size: 17px;\n--wpforms-button-size-height: 41px;\n--wpforms-button-size-padding-h: 15px;\n--wpforms-button-size-margin-top: 10px;\n\t\t\t}\n\t\t\t<\/style><div class=\"wpforms-container wpforms-container-full wpforms-block wpforms-block-4925c1e3-6f91-4596-95be-a5cf40f7d334 wpforms-render-modern\" id=\"wpforms-3603\"><form id=\"wpforms-form-3603\" class=\"wpforms-validate wpforms-form wpforms-ajax-form\" data-formid=\"3603\" method=\"post\" enctype=\"multipart\/form-data\" action=\"\/index.php?rest_route=%2Fwp%2Fv2%2Fpages%2F2357\" data-token=\"462ebb88e951fdded6b260740c5efb17\" data-token-time=\"1777215119\"><noscript class=\"wpforms-error-noscript\">Veuillez activer JavaScript dans votre navigateur pour remplir ce formulaire.<\/noscript><div id=\"wpforms-error-noscript\" style=\"display: none;\">Veuillez activer JavaScript dans votre navigateur pour remplir ce formulaire.<\/div><div class=\"wpforms-field-container\"><div id=\"wpforms-3603-field_3-container\" class=\"wpforms-field wpforms-field-checkbox\" data-field-id=\"3\"><fieldset><legend class=\"wpforms-field-label\">Inscription, cochez la case<\/legend><ul id=\"wpforms-3603-field_3\"><li class=\"choice-1 depth-1\"><input type=\"checkbox\" id=\"wpforms-3603-field_3_1\" name=\"wpforms[fields][3][]\" value=\"Atelier M\u00e9ditation du vendredi 15 mai de 10h30 \u00e0 12h30\" aria-errormessage=\"wpforms-3603-field_3_1-error\"  ><label class=\"wpforms-field-label-inline\" for=\"wpforms-3603-field_3_1\">Atelier M\u00e9ditation du vendredi 15 mai de 10h30 \u00e0 12h30<\/label><\/li><\/ul><\/fieldset><\/div><div id=\"wpforms-3603-field_4-container\" class=\"wpforms-field wpforms-field-name\" data-field-id=\"4\"><fieldset><legend class=\"wpforms-field-label\">Nom <span class=\"wpforms-required-label\" aria-hidden=\"true\">*<\/span><\/legend><div class=\"wpforms-field-row wpforms-field-medium\"><div class=\"wpforms-field-row-block wpforms-first wpforms-one-half\"><input type=\"text\" id=\"wpforms-3603-field_4\" class=\"wpforms-field-name-first wpforms-field-required\" name=\"wpforms[fields][4][first]\" aria-errormessage=\"wpforms-3603-field_4-error\" required><label for=\"wpforms-3603-field_4\" class=\"wpforms-field-sublabel after\">Pr\u00e9nom<\/label><\/div><div class=\"wpforms-field-row-block wpforms-one-half\"><input type=\"text\" id=\"wpforms-3603-field_4-last\" class=\"wpforms-field-name-last wpforms-field-required\" name=\"wpforms[fields][4][last]\" aria-errormessage=\"wpforms-3603-field_4-last-error\" required><label for=\"wpforms-3603-field_4-last\" class=\"wpforms-field-sublabel after\">Nom<\/label><\/div><\/div><\/fieldset><\/div><div id=\"wpforms-3603-field_5-container\" class=\"wpforms-field wpforms-field-email\" data-field-id=\"5\"><label class=\"wpforms-field-label\" for=\"wpforms-3603-field_5\">E-mail <span class=\"wpforms-required-label\" aria-hidden=\"true\">*<\/span><\/label><input type=\"email\" id=\"wpforms-3603-field_5\" class=\"wpforms-field-medium wpforms-field-required\" name=\"wpforms[fields][5]\" spellcheck=\"false\" aria-errormessage=\"wpforms-3603-field_5-error\" required><\/div>\t\t<div id=\"wpforms-3603-field_1-container\"\n\t\t\tclass=\"wpforms-field wpforms-field-text\"\n\t\t\tdata-field-type=\"text\"\n\t\t\tdata-field-id=\"1\"\n\t\t\t>\n\t\t\t<label class=\"wpforms-field-label\" for=\"wpforms-3603-field_1\" >la cochez E-mail<\/label>\n\t\t\t<input type=\"text\" id=\"wpforms-3603-field_1\" class=\"wpforms-field-medium\" name=\"wpforms[fields][1]\" >\n\t\t<\/div>\n\t\t<div id=\"wpforms-3603-field_6-container\" class=\"wpforms-field wpforms-field-textarea\" data-field-id=\"6\"><label class=\"wpforms-field-label\" for=\"wpforms-3603-field_6\">Commentaire<\/label><textarea id=\"wpforms-3603-field_6\" class=\"wpforms-field-medium\" name=\"wpforms[fields][6]\" aria-errormessage=\"wpforms-3603-field_6-error\" ><\/textarea><\/div><script>\n\t\t\t\t( function() {\n\t\t\t\t\tconst style = document.createElement( 'style' );\n\t\t\t\t\tstyle.appendChild( document.createTextNode( '#wpforms-3603-field_1-container { position: absolute !important; overflow: hidden !important; display: inline !important; height: 1px !important; width: 1px !important; z-index: -1000 !important; padding: 0 !important; } #wpforms-3603-field_1-container input { visibility: hidden; } #wpforms-conversational-form-page #wpforms-3603-field_1-container label { counter-increment: none; }' ) );\n\t\t\t\t\tdocument.head.appendChild( style );\n\t\t\t\t\tdocument.currentScript?.remove();\n\t\t\t\t} )();\n\t\t\t<\/script><\/div><!-- .wpforms-field-container --><div class=\"wpforms-submit-container\" ><input type=\"hidden\" name=\"wpforms[id]\" value=\"3603\"><input type=\"hidden\" name=\"page_title\" value=\"\"><input type=\"hidden\" name=\"page_url\" value=\"https:\/\/unedunealapage.fr\/index.php?rest_route=\/wp\/v2\/pages\/2357\"><input type=\"hidden\" name=\"url_referer\" value=\"\"><button type=\"submit\" name=\"wpforms[submit]\" id=\"wpforms-submit-3603\" class=\"wpforms-submit\" data-alt-text=\"Envoi...\" data-submit-text=\"Envoyer\" aria-live=\"assertive\" value=\"wpforms-submit\">Envoyer<\/button><img loading=\"lazy\" decoding=\"async\" src=\"https:\/\/unedunealapage.fr\/wp-content\/plugins\/wpforms-lite\/assets\/images\/submit-spin.svg\" class=\"wpforms-submit-spinner\" style=\"display: none;\" width=\"26\" height=\"26\" alt=\"Chargement en cours\"><\/div><\/form><\/div>  <!-- .wpforms-container -->","protected":false},"excerpt":{"rendered":"<p>Kara Molinari Kara Molinari explore depuis toujours les myst\u00e8res de l&rsquo;existence avec la curiosit\u00e9 d&rsquo;une chercheuse et la sensibilit\u00e9 d&rsquo;une artiste. Dipl\u00f4m\u00e9e de l&rsquo;Universit\u00e9 de Chapel Hill et du CELSA, &hellip; <\/p>\n<p class=\"link-more\"><a href=\"https:\/\/unedunealapage.fr\/?page_id=2357\" class=\"more-link\">Continuer la lecture<span class=\"screen-reader-text\"> de &laquo;&nbsp;Page Kara Molinari&nbsp;&raquo;<\/span><\/a><\/p>\n","protected":false},"author":1,"featured_media":0,"parent":0,"menu_order":0,"comment_status":"closed","ping_status":"closed","template":"","meta":{"_EventAllDay":false,"_EventTimezone":"","_EventStartDate":"","_EventEndDate":"","_EventStartDateUTC":"","_EventEndDateUTC":"","_EventShowMap":false,"_EventShowMapLink":false,"_EventURL":"","_EventCost":"","_EventCostDescription":"","_EventCurrencySymbol":"","_EventCurrencyCode":"","_EventCurrencyPosition":"","_EventDateTimeSeparator":"","_EventTimeRangeSeparator":"","_EventOrganizerID":[],"_EventVenueID":[],"_OrganizerEmail":"","_OrganizerPhone":"","_OrganizerWebsite":"","_VenueAddress":"","_VenueCity":"","_VenueCountry":"","_VenueProvince":"","_VenueState":"","_VenueZip":"","_VenuePhone":"","_VenueURL":"","_VenueStateProvince":"","_VenueLat":"","_VenueLng":"","_VenueShowMap":false,"_VenueShowMapLink":false,"footnotes":""},"class_list":["post-2357","page","type-page","status-publish","hentry"],"_links":{"self":[{"href":"https:\/\/unedunealapage.fr\/index.php?rest_route=\/wp\/v2\/pages\/2357","targetHints":{"allow":["GET"]}}],"collection":[{"href":"https:\/\/unedunealapage.fr\/index.php?rest_route=\/wp\/v2\/pages"}],"about":[{"href":"https:\/\/unedunealapage.fr\/index.php?rest_route=\/wp\/v2\/types\/page"}],"author":[{"embeddable":true,"href":"https:\/\/unedunealapage.fr\/index.php?rest_route=\/wp\/v2\/users\/1"}],"replies":[{"embeddable":true,"href":"https:\/\/unedunealapage.fr\/index.php?rest_route=%2Fwp%2Fv2%2Fcomments&post=2357"}],"version-history":[{"count":9,"href":"https:\/\/unedunealapage.fr\/index.php?rest_route=\/wp\/v2\/pages\/2357\/revisions"}],"predecessor-version":[{"id":3709,"href":"https:\/\/unedunealapage.fr\/index.php?rest_route=\/wp\/v2\/pages\/2357\/revisions\/3709"}],"wp:attachment":[{"href":"https:\/\/unedunealapage.fr\/index.php?rest_route=%2Fwp%2Fv2%2Fmedia&parent=2357"}],"curies":[{"name":"wp","href":"https:\/\/api.w.org\/{rel}","templated":true}]}}