{"id":2368,"date":"2026-03-11T11:26:43","date_gmt":"2026-03-11T10:26:43","guid":{"rendered":"https:\/\/unedunealapage.fr\/?page_id=2368"},"modified":"2026-03-30T15:46:33","modified_gmt":"2026-03-30T13:46:33","slug":"page-kinga-wyrzykowska","status":"publish","type":"page","link":"https:\/\/unedunealapage.fr\/?page_id=2368","title":{"rendered":"Page Kinga Wyrzykowska"},"content":{"rendered":"\n<h1 class=\"wp-block-heading has-luminous-vivid-orange-color has-text-color has-link-color wp-elements-61fdd4c10847ffef56d16e088c346993\">Kinga Wyrzykowska<\/h1>\n\n\n\n<div class=\"wp-block-group\"><div class=\"wp-block-group__inner-container is-layout-constrained wp-block-group-is-layout-constrained\">\n<div class=\"wp-block-media-text is-stacked-on-mobile\" style=\"padding-top:0;padding-bottom:0;grid-template-columns:29% auto\"><figure class=\"wp-block-media-text__media\"><img loading=\"lazy\" decoding=\"async\" width=\"334\" height=\"500\" src=\"https:\/\/unedunealapage.fr\/wp-content\/uploads\/2026\/03\/Kinga-Wyrzykowska-\u00a9-Benedicte-Roscot-02.-jpg-334x500.jpeg\" alt=\"\" class=\"wp-image-2248 size-large\" srcset=\"https:\/\/unedunealapage.fr\/wp-content\/uploads\/2026\/03\/Kinga-Wyrzykowska-\u00a9-Benedicte-Roscot-02.-jpg-334x500.jpeg 334w, https:\/\/unedunealapage.fr\/wp-content\/uploads\/2026\/03\/Kinga-Wyrzykowska-\u00a9-Benedicte-Roscot-02.-jpg-100x150.jpeg 100w, https:\/\/unedunealapage.fr\/wp-content\/uploads\/2026\/03\/Kinga-Wyrzykowska-\u00a9-Benedicte-Roscot-02.-jpg-768x1151.jpeg 768w, https:\/\/unedunealapage.fr\/wp-content\/uploads\/2026\/03\/Kinga-Wyrzykowska-\u00a9-Benedicte-Roscot-02.-jpg-scaled.jpeg 1708w\" sizes=\"auto, (max-width: 334px) 100vw, 334px\" \/><\/figure><div class=\"wp-block-media-text__content\">\n<p class=\"has-small-font-size\" style=\"min-height:0px;line-height:1.4\">N\u00e9e en 1977 \u00e0 Varsovie, Kinga Wyrzykowska \u00e9migre en France enfant, durant l\u2019\u00e9tat de si\u00e8ge dans son pays. Patte blanche, son premier roman, a paru au Seuil en 2022 et a re\u00e7u le prix Fran\u00e7oise Sagan 2023.<\/p>\n<\/div><\/div>\n<\/div><\/div>\n\n\n\n<div style=\"height:43px\" aria-hidden=\"true\" class=\"wp-block-spacer\"><\/div>\n\n\n\n<div class=\"wp-block-group\"><div class=\"wp-block-group__inner-container is-layout-constrained wp-block-group-is-layout-constrained\">\n<div class=\"wp-block-media-text has-media-on-the-right is-stacked-on-mobile\" style=\"grid-template-columns:auto 36%\"><div class=\"wp-block-media-text__content\">\n<p style=\"font-size:13px;line-height:1.5\"><strong>Le destin d\u2019une jeune femme d\u00e9sesp\u00e9r\u00e9ment normale et l\u2019\u00e9pop\u00e9e de son accouchement, en \u00e9tau entre conservatisme et lib\u00e9ralisme.<\/strong><\/p>\n\n\n\n<p style=\"font-size:12px;line-height:1.5\">Barbara Lis est une jeune femme sans histoire, cadre sup\u00e9rieure d&rsquo;une entreprise d&rsquo;agro-alimentaire, jusqu\u2019au jour o\u00f9 un lapin fait irruption dans sa vie. Elle \u00e9pouse un plombier polonais, le rejoint dans son village d&rsquo;origine, non loin de la fronti\u00e8re russe o\u00f9 la pression populaire, entre ultras catholiques, exorcistes \u00e0 leurs heures, et rebouteux superstitieux, exige d&rsquo;enfanter pour se faire accepter. Au fur et \u00e0 mesure de ses efforts d&rsquo;int\u00e9gration, le lapin grandit et se transforme, tandis que sous l&rsquo;\u00e9tau des normes, des rumeurs et des fantasmes, la petite famille et la petite soci\u00e9t\u00e9 ainsi constitu\u00e9es d\u00e9bordent, provoquant un \u00e9lectrochoc mondial.<\/p>\n<\/div><figure class=\"wp-block-media-text__media\"><img loading=\"lazy\" decoding=\"async\" width=\"342\" height=\"500\" src=\"https:\/\/unedunealapage.fr\/wp-content\/uploads\/2026\/03\/Princesse_Couv-342x500.jpeg\" alt=\"\" class=\"wp-image-2160 size-full\" srcset=\"https:\/\/unedunealapage.fr\/wp-content\/uploads\/2026\/03\/Princesse_Couv-342x500.jpeg 342w, https:\/\/unedunealapage.fr\/wp-content\/uploads\/2026\/03\/Princesse_Couv-102x150.jpeg 102w, https:\/\/unedunealapage.fr\/wp-content\/uploads\/2026\/03\/Princesse_Couv-768x1124.jpeg 768w, https:\/\/unedunealapage.fr\/wp-content\/uploads\/2026\/03\/Princesse_Couv-1049x1536.jpeg 1049w, https:\/\/unedunealapage.fr\/wp-content\/uploads\/2026\/03\/Princesse_Couv-1399x2048.jpeg 1399w, https:\/\/unedunealapage.fr\/wp-content\/uploads\/2026\/03\/Princesse_Couv.jpeg 1654w\" sizes=\"auto, (max-width: 342px) 100vw, 342px\" \/><\/figure><\/div>\n<\/div><\/div>\n\n\n\n<hr class=\"wp-block-separator has-alpha-channel-opacity\"\/>\n\n\n\n<div class=\"wp-block-group\"><div class=\"wp-block-group__inner-container is-layout-constrained wp-block-group-is-layout-constrained\">\n<div class=\"wp-block-columns is-layout-flex wp-container-core-columns-is-layout-9d6595d7 wp-block-columns-is-layout-flex\">\n<div class=\"wp-block-column is-layout-flow wp-block-column-is-layout-flow\">\n<p>Calendrier<\/p>\n\n\n\n<p class=\"has-small-font-size\">\ud83d\udcda<a href=\"https:\/\/unedunealapage.fr\/?tribe_events=kinga-wyrzykowska\" data-type=\"tribe_events\" data-id=\"2631\">Rencontre litt\u00e9raire<\/a> <span class=\"wp-rich-text-font-awesome-icon wp-font-awesome-icon\"><svg aria-hidden=\"true\" focusable=\"false\" data-prefix=\"fas\" data-icon=\"share\" class=\"svg-inline--fa fa-share \" role=\"img\" xmlns=\"http:\/\/www.w3.org\/2000\/svg\" viewBox=\"0 0 512 512\"><path fill=\"currentColor\" d=\"M307.8 18.4c-12 5-19.8 16.6-19.8 29.6l0 80-112 0c-97.2 0-176 78.8-176 176 0 113.3 81.5 163.9 100.2 174.1 2.5 1.4 5.3 1.9 8.1 1.9 10.9 0 19.7-8.9 19.7-19.7 0-7.5-4.3-14.4-9.8-19.5-9.4-8.8-22.2-26.4-22.2-56.7 0-53 43-96 96-96l96 0 0 80c0 12.9 7.8 24.6 19.8 29.6s25.7 2.2 34.9-6.9l160-160c12.5-12.5 12.5-32.8 0-45.3l-160-160c-9.2-9.2-22.9-11.9-34.9-6.9z\"><\/path><\/svg><\/span><br>\ud83d\udcc5 Jeudi 14 mai \u23f0 14h<br>\ud83d\udccdMaison de la Station<\/p>\n<\/div>\n\n\n\n<div class=\"wp-block-column is-layout-flow wp-block-column-is-layout-flow\">\n<p>Auteurs et Programme<\/p>\n\n\n\n<p class=\"has-small-font-size\"><span class=\"wp-rich-text-font-awesome-icon wp-font-awesome-icon\"><svg aria-hidden=\"true\" focusable=\"false\" data-prefix=\"fas\" data-icon=\"share\" class=\"svg-inline--fa fa-share \" role=\"img\" xmlns=\"http:\/\/www.w3.org\/2000\/svg\" viewBox=\"0 0 512 512\"><path fill=\"currentColor\" d=\"M307.8 18.4c-12 5-19.8 16.6-19.8 29.6l0 80-112 0c-97.2 0-176 78.8-176 176 0 113.3 81.5 163.9 100.2 174.1 2.5 1.4 5.3 1.9 8.1 1.9 10.9 0 19.7-8.9 19.7-19.7 0-7.5-4.3-14.4-9.8-19.5-9.4-8.8-22.2-26.4-22.2-56.7 0-53 43-96 96-96l96 0 0 80c0 12.9 7.8 24.6 19.8 29.6s25.7 2.2 34.9-6.9l160-160c12.5-12.5 12.5-32.8 0-45.3l-160-160c-9.2-9.2-22.9-11.9-34.9-6.9z\"><\/path><\/svg><\/span> <a href=\"https:\/\/unedunealapage.fr\/?page_id=2238\" data-type=\"page\" data-id=\"2238\">vers Liste des auteurs<\/a><br><span class=\"wp-rich-text-font-awesome-icon wp-font-awesome-icon\"><svg aria-hidden=\"true\" focusable=\"false\" data-prefix=\"fas\" data-icon=\"share\" class=\"svg-inline--fa fa-share \" role=\"img\" xmlns=\"http:\/\/www.w3.org\/2000\/svg\" viewBox=\"0 0 512 512\"><path fill=\"currentColor\" d=\"M307.8 18.4c-12 5-19.8 16.6-19.8 29.6l0 80-112 0c-97.2 0-176 78.8-176 176 0 113.3 81.5 163.9 100.2 174.1 2.5 1.4 5.3 1.9 8.1 1.9 10.9 0 19.7-8.9 19.7-19.7 0-7.5-4.3-14.4-9.8-19.5-9.4-8.8-22.2-26.4-22.2-56.7 0-53 43-96 96-96l96 0 0 80c0 12.9 7.8 24.6 19.8 29.6s25.7 2.2 34.9-6.9l160-160c12.5-12.5 12.5-32.8 0-45.3l-160-160c-9.2-9.2-22.9-11.9-34.9-6.9z\"><\/path><\/svg><\/span> <a href=\"https:\/\/unedunealapage.fr\/?page_id=1925\" data-type=\"page\" data-id=\"1925\">vers Programme<\/a><\/p>\n<\/div>\n<\/div>\n<\/div><\/div>\n\n\n\n<hr class=\"wp-block-separator has-alpha-channel-opacity\"\/>\n","protected":false},"excerpt":{"rendered":"<p>Kinga Wyrzykowska N\u00e9e en 1977 \u00e0 Varsovie, Kinga Wyrzykowska \u00e9migre en France enfant, durant l\u2019\u00e9tat de si\u00e8ge dans son pays. Patte blanche, son premier roman, a paru au Seuil en &hellip; <\/p>\n<p class=\"link-more\"><a href=\"https:\/\/unedunealapage.fr\/?page_id=2368\" class=\"more-link\">Continuer la lecture<span class=\"screen-reader-text\"> de &laquo;&nbsp;Page Kinga Wyrzykowska&nbsp;&raquo;<\/span><\/a><\/p>\n","protected":false},"author":1,"featured_media":0,"parent":0,"menu_order":0,"comment_status":"closed","ping_status":"closed","template":"","meta":{"_EventAllDay":false,"_EventTimezone":"","_EventStartDate":"","_EventEndDate":"","_EventStartDateUTC":"","_EventEndDateUTC":"","_EventShowMap":false,"_EventShowMapLink":false,"_EventURL":"","_EventCost":"","_EventCostDescription":"","_EventCurrencySymbol":"","_EventCurrencyCode":"","_EventCurrencyPosition":"","_EventDateTimeSeparator":"","_EventTimeRangeSeparator":"","_EventOrganizerID":[],"_EventVenueID":[],"_OrganizerEmail":"","_OrganizerPhone":"","_OrganizerWebsite":"","_VenueAddress":"","_VenueCity":"","_VenueCountry":"","_VenueProvince":"","_VenueState":"","_VenueZip":"","_VenuePhone":"","_VenueURL":"","_VenueStateProvince":"","_VenueLat":"","_VenueLng":"","_VenueShowMap":false,"_VenueShowMapLink":false,"footnotes":""},"class_list":["post-2368","page","type-page","status-publish","hentry"],"_links":{"self":[{"href":"https:\/\/unedunealapage.fr\/index.php?rest_route=\/wp\/v2\/pages\/2368","targetHints":{"allow":["GET"]}}],"collection":[{"href":"https:\/\/unedunealapage.fr\/index.php?rest_route=\/wp\/v2\/pages"}],"about":[{"href":"https:\/\/unedunealapage.fr\/index.php?rest_route=\/wp\/v2\/types\/page"}],"author":[{"embeddable":true,"href":"https:\/\/unedunealapage.fr\/index.php?rest_route=\/wp\/v2\/users\/1"}],"replies":[{"embeddable":true,"href":"https:\/\/unedunealapage.fr\/index.php?rest_route=%2Fwp%2Fv2%2Fcomments&post=2368"}],"version-history":[{"count":9,"href":"https:\/\/unedunealapage.fr\/index.php?rest_route=\/wp\/v2\/pages\/2368\/revisions"}],"predecessor-version":[{"id":3711,"href":"https:\/\/unedunealapage.fr\/index.php?rest_route=\/wp\/v2\/pages\/2368\/revisions\/3711"}],"wp:attachment":[{"href":"https:\/\/unedunealapage.fr\/index.php?rest_route=%2Fwp%2Fv2%2Fmedia&parent=2368"}],"curies":[{"name":"wp","href":"https:\/\/api.w.org\/{rel}","templated":true}]}}