{"id":2373,"date":"2026-03-11T11:34:37","date_gmt":"2026-03-11T10:34:37","guid":{"rendered":"https:\/\/unedunealapage.fr\/?page_id=2373"},"modified":"2026-04-07T15:52:20","modified_gmt":"2026-04-07T13:52:20","slug":"page-marie-pointurier","status":"publish","type":"page","link":"https:\/\/unedunealapage.fr\/?page_id=2373","title":{"rendered":"Page Marie Pointurier"},"content":{"rendered":"\n<h1 class=\"wp-block-heading has-luminous-vivid-orange-color has-text-color has-link-color wp-elements-83887875bf89ed5fa96761aa38207427\">Marie Pointurier<\/h1>\n\n\n\n<div class=\"wp-block-group\"><div class=\"wp-block-group__inner-container is-layout-constrained wp-block-group-is-layout-constrained\">\n<div class=\"wp-block-group\"><div class=\"wp-block-group__inner-container is-layout-constrained wp-block-group-is-layout-constrained\">\n<div class=\"wp-block-media-text is-stacked-on-mobile\" style=\"padding-top:0;padding-bottom:0;grid-template-columns:42% auto\"><figure class=\"wp-block-media-text__media\"><img loading=\"lazy\" decoding=\"async\" width=\"500\" height=\"500\" src=\"https:\/\/unedunealapage.fr\/wp-content\/uploads\/2026\/03\/MariePointurier\u00a9PatriceNormandLeextra-500x500.jpg\" alt=\"\" class=\"wp-image-2250 size-large\" srcset=\"https:\/\/unedunealapage.fr\/wp-content\/uploads\/2026\/03\/MariePointurier\u00a9PatriceNormandLeextra-500x500.jpg 500w, https:\/\/unedunealapage.fr\/wp-content\/uploads\/2026\/03\/MariePointurier\u00a9PatriceNormandLeextra-150x150.jpg 150w, https:\/\/unedunealapage.fr\/wp-content\/uploads\/2026\/03\/MariePointurier\u00a9PatriceNormandLeextra-50x50.jpg 50w, https:\/\/unedunealapage.fr\/wp-content\/uploads\/2026\/03\/MariePointurier\u00a9PatriceNormandLeextra-768x770.jpg 768w, https:\/\/unedunealapage.fr\/wp-content\/uploads\/2026\/03\/MariePointurier\u00a9PatriceNormandLeextra-1532x1536.jpg 1532w, https:\/\/unedunealapage.fr\/wp-content\/uploads\/2026\/03\/MariePointurier\u00a9PatriceNormandLeextra-2042x2048.jpg 2042w, https:\/\/unedunealapage.fr\/wp-content\/uploads\/2026\/03\/MariePointurier\u00a9PatriceNormandLeextra-100x100.jpg 100w\" sizes=\"auto, (max-width: 500px) 100vw, 500px\" \/><\/figure><div class=\"wp-block-media-text__content\">\n<p class=\"has-small-font-size\" style=\"min-height:0px;line-height:1.4\">Marie Pointurier est n\u00e9e \u00e0 Paris. Dipl\u00f4m\u00e9e de Sciences Po Lille et titulaire d\u2019une ma\u00eetrise de lettres modernes, elle a \u00e9t\u00e9 longtemps correspondante pour Vogue \u00e0 New York, avant de se consacrer au journalisme de voyage. Elle partage d\u00e9sormais sa vie entre Londres et l\u2019atmosph\u00e8re sauvage de la c\u00f4te landaise o\u00f9 elle aime \u00e9crire et surfer.<\/p>\n<\/div><\/div>\n<\/div><\/div>\n\n\n\n<div class=\"wp-block-group\"><div class=\"wp-block-group__inner-container is-layout-constrained wp-block-group-is-layout-constrained\">\n<div class=\"wp-block-media-text has-media-on-the-right is-stacked-on-mobile\" style=\"grid-template-columns:auto 36%\"><div class=\"wp-block-media-text__content\">\n<p style=\"font-size:12px;line-height:1.5\">Doit-on c\u00e9der \u00e0 sa passion, co\u00fbte que co\u00fbte, et tout risquer pour retrouver son d\u00e9sir de vivre fort ? Du haut de la dune, B\u00e9a prom\u00e8ne son regard sur l\u2019oc\u00e9an. Elle n\u2019a jamais os\u00e9 rejoindre les surfeurs qui filent sur les vagues car elle pense qu\u2019il est trop tard. La tentation est pourtant forte maintenant qu\u2019au mitan de sa vie ses filles sont grandes et sa carri\u00e8re est stable. Lorsque Virgile, un jeune voisin, propose de la guider, un irr\u00e9pressible \u00e9lan vital fait tomber ses h\u00e9sitations. Une fois dans l\u2019eau, face \u00e0 la beaut\u00e9 des \u00e9l\u00e9ments l\u2019euphorie s\u2019empare d\u2019elle et occupe tout son temps, toutes ses pens\u00e9es. B\u00e9a ne se coule plus dans le rythme familial : ses points d\u2019appui c\u00e8dent face \u00e0 son envie de libert\u00e9. En surfant, elle part \u00e0 la recherche d\u2019elle-m\u00eame et se d\u00e9couvre dans une passion dangereuse mais aussi enivrante et lib\u00e9ratoire. Ce roman sensuel est l\u2019histoire d\u2019une m\u00e9tamorphose. C\u2019est aussi une r\u00e9flexion sur le temps qui passe, les priorit\u00e9s qui changent, le second souffle.<\/p>\n<\/div><figure class=\"wp-block-media-text__media\"><img loading=\"lazy\" decoding=\"async\" width=\"333\" height=\"500\" src=\"https:\/\/unedunealapage.fr\/wp-content\/uploads\/2026\/03\/couv_reste_locean-333x500.jpeg\" alt=\"\" class=\"wp-image-2221 size-full\" srcset=\"https:\/\/unedunealapage.fr\/wp-content\/uploads\/2026\/03\/couv_reste_locean-333x500.jpeg 333w, https:\/\/unedunealapage.fr\/wp-content\/uploads\/2026\/03\/couv_reste_locean-100x150.jpeg 100w, https:\/\/unedunealapage.fr\/wp-content\/uploads\/2026\/03\/couv_reste_locean-768x1152.jpeg 768w, https:\/\/unedunealapage.fr\/wp-content\/uploads\/2026\/03\/couv_reste_locean-1024x1536.jpeg 1024w, https:\/\/unedunealapage.fr\/wp-content\/uploads\/2026\/03\/couv_reste_locean-1366x2048.jpeg 1366w, https:\/\/unedunealapage.fr\/wp-content\/uploads\/2026\/03\/couv_reste_locean.jpeg 1654w\" sizes=\"auto, (max-width: 333px) 100vw, 333px\" \/><\/figure><\/div>\n<\/div><\/div>\n\n\n\n<div style=\"height:30px\" aria-hidden=\"true\" class=\"wp-block-spacer\"><\/div>\n\n\n\n<h3 class=\"wp-block-heading\"><strong>Conversation avec Marie<\/strong><\/h3>\n\n\n\n<p class=\"has-small-font-size\"><mark style=\"background-color:rgba(0, 0, 0, 0)\" class=\"has-inline-color has-luminous-vivid-orange-color\">Votre roman se situe \u00e0 une p\u00e9riode charni\u00e8re de la vie de B\u00e9a, une cinquantenaire accomplie mais incompl\u00e8te. Quel nouvel \u00e9lan trouve-t-elle ?<\/mark><br>B\u00e9a est au mitan de sa vie. Mariage, enfants, carri\u00e8re\u2026 ses premi\u00e8res fois sont derri\u00e8re elle. C\u2019est donc l\u2019histoire d\u2019un second souffle. Elle d\u00e9cide de vivre pleinement sa passion r\u00e9cente mais d\u00e9vorante pour le surf, pour l\u2019oc\u00e9an. En s\u2019autorisant cette \u00e9chapp\u00e9e \u00e0 son \u00e2ge, elle part \u00e0 la red\u00e9couverte d\u2019elle-m\u00eame et de la vie. Sur la route, elle \u00e9prouvera un d\u00e9sir \u00e9quivoque pour un homme plus jeune, la jalousie, les limites de son corps, l\u2019intensit\u00e9 des sensations dans l\u2019eau, le d\u00e9passement de soi, la violence et la beaut\u00e9 des \u00e9l\u00e9ments.<br><mark style=\"background-color:rgba(0, 0, 0, 0)\" class=\"has-inline-color has-luminous-vivid-orange-color\">Vous semblez d\u00e9tourner les codes des romans feel-good et du d\u00e9veloppement personnel. Quelles injonctions souhaitez-vous aborder dans ce texte ?<\/mark><br>\u00c9coute ton c\u0153ur ! Vis tes r\u00eaves ! Ou le fameux Do more of what you love ! anglais. <mark style=\"background-color:rgba(0, 0, 0, 0)\" class=\"has-inline-color has-black-color\">Jusqu\u2019o\u00f9 ce culte du bien-\u00eatre de soi peut-il nous entra\u00eener ? Quels risques nous fait- il prendre, et courir ? Peut-on faire advenir son id\u00e9al sans \u00e9gard pour les autres ?<\/mark> Sous ces injonctions, de nombreuses dynamiques antagonistes sont \u00e0 l\u2019\u0153uvre. B\u00e9a vit sa passion. D\u2019une certaine mani\u00e8re, elle tend vers l\u2019absolu, touche \u00e0 l\u2019essentiel ; mais elle joue aussi avec le feu. \u00c0 tous points de vue. J\u2019ai essay\u00e9 d\u2019installer le roman dans un interstice, d\u2019explorer les entrelacs entre un univers per\u00e7u comme joyeux et lumineux (le surf, l\u2019\u00e9t\u00e9\u2026) et l\u2019\u00e9tat douloureux et destructeur dans lequel on peut se trouver, pris par une passion, quelle qu\u2019elle soit. Oui, B\u00e9a \u00e9prouve une joie intense, surfer est une source nouvelle de f\u00e9licit\u00e9. C\u2019est m\u00eame pour elle une victoire sur le temps qui passe. Mais doit-elle tout sacrifier \u00e0 son d\u00e9sir de vivre plus fort ? <br><mark style=\"background-color:rgba(0, 0, 0, 0)\" class=\"has-inline-color has-luminous-vivid-orange-color\">La nature occupe une place importante tout au long du roman, \u00e0 la fois grandiose et dangereuse, quelle signification porte-t-elle pour vous et pour B\u00e9a ?<\/mark><br>Le roman est ancr\u00e9 dans un paysage des Landes, un lieu retir\u00e9 sur la c\u00f4te : la dune derri\u00e8re la for\u00eat de pins, la plage nue, sauvage, puis l\u2019oc\u00e9an \u00e0 perte de vue. B\u00e9a aime contempler l\u2019oc\u00e9an. Et en surfant, elle a l\u2019impression d\u2019une union avec une nature qui la d\u00e9passe. B\u00e9a ressent cette attraction irr\u00e9pressible, qu\u2019on appelle aussi sentiment oc\u00e9anique, et va vivre une exp\u00e9rience existentielle puissante. L\u2019oc\u00e9an c\u2019est l\u2019horizon mais c\u2019est aussi la profondeur, c\u2019est l\u2019apaisement et le tumulte, la goutte d\u2019eau et l\u2019immensit\u00e9. L\u2019oc\u00e9an promet le renouvellement. B\u00e9a vit des moments de pl\u00e9nitude totale m\u00eal\u00e9s de mont\u00e9es d\u2019endorphines. C\u2019est tr\u00e8s addictif !<br><mark style=\"background-color:rgba(0, 0, 0, 0)\" class=\"has-inline-color has-luminous-vivid-orange-color\">O\u00f9 avez-vous trouv\u00e9 l\u2019inspiration pour imaginer cette histoire ?<\/mark><br>Justement dans ce littoral un peu rugueux. Je voulais aussi \u00e9crire sur le surf et ses sensations. H\u00e9doniste et dangereux, physique et contemplatif, le surf est un univers plus complexe qu\u2019il n\u2019y para\u00eet, d\u00e9tenant une forte charge po\u00e9tique. C\u2019est dans ce monde du mouvement et de la qu\u00eate d\u2019\u00e9quilibre que j\u2019avais envie de faire \u00e9voluer une femme m\u00fbre, justement au point de bascule de sa vie.<\/p>\n\n\n\n<div style=\"height:52px\" aria-hidden=\"true\" class=\"wp-block-spacer\"><\/div>\n<\/div><\/div>\n\n\n\n<hr class=\"wp-block-separator has-alpha-channel-opacity\"\/>\n\n\n\n<div class=\"wp-block-group\"><div class=\"wp-block-group__inner-container is-layout-constrained wp-block-group-is-layout-constrained\">\n<div class=\"wp-block-columns is-layout-flex wp-container-core-columns-is-layout-9d6595d7 wp-block-columns-is-layout-flex\">\n<div class=\"wp-block-column is-layout-flow wp-block-column-is-layout-flow\">\n<p>Calendrier<\/p>\n\n\n\n<p class=\"has-small-font-size\">\ud83d\udcda<a href=\"https:\/\/unedunealapage.fr\/?tribe_events=les-oceans\" data-type=\"tribe_events\" data-id=\"2682\">Table ronde Surf &amp; Oc\u00e9an<\/a> <span class=\"wp-rich-text-font-awesome-icon wp-font-awesome-icon\"><svg aria-hidden=\"true\" focusable=\"false\" data-prefix=\"fas\" data-icon=\"share\" class=\"svg-inline--fa fa-share \" role=\"img\" xmlns=\"http:\/\/www.w3.org\/2000\/svg\" viewBox=\"0 0 512 512\"><path fill=\"currentColor\" d=\"M307.8 18.4c-12 5-19.8 16.6-19.8 29.6l0 80-112 0c-97.2 0-176 78.8-176 176 0 113.3 81.5 163.9 100.2 174.1 2.5 1.4 5.3 1.9 8.1 1.9 10.9 0 19.7-8.9 19.7-19.7 0-7.5-4.3-14.4-9.8-19.5-9.4-8.8-22.2-26.4-22.2-56.7 0-53 43-96 96-96l96 0 0 80c0 12.9 7.8 24.6 19.8 29.6s25.7 2.2 34.9-6.9l160-160c12.5-12.5 12.5-32.8 0-45.3l-160-160c-9.2-9.2-22.9-11.9-34.9-6.9z\"><\/path><\/svg><\/span><br>\ud83d\udcc5 Samedi 16 mai \u23f0 20h30<br>\ud83d\udccdSalle Marie Madeleine<\/p>\n<\/div>\n\n\n\n<div class=\"wp-block-column is-layout-flow wp-block-column-is-layout-flow\">\n<p>Auteurs et Programme<\/p>\n\n\n\n<p class=\"has-small-font-size\"><span class=\"wp-rich-text-font-awesome-icon wp-font-awesome-icon\"><svg aria-hidden=\"true\" focusable=\"false\" data-prefix=\"fas\" data-icon=\"share\" class=\"svg-inline--fa fa-share \" role=\"img\" xmlns=\"http:\/\/www.w3.org\/2000\/svg\" viewBox=\"0 0 512 512\"><path fill=\"currentColor\" d=\"M307.8 18.4c-12 5-19.8 16.6-19.8 29.6l0 80-112 0c-97.2 0-176 78.8-176 176 0 113.3 81.5 163.9 100.2 174.1 2.5 1.4 5.3 1.9 8.1 1.9 10.9 0 19.7-8.9 19.7-19.7 0-7.5-4.3-14.4-9.8-19.5-9.4-8.8-22.2-26.4-22.2-56.7 0-53 43-96 96-96l96 0 0 80c0 12.9 7.8 24.6 19.8 29.6s25.7 2.2 34.9-6.9l160-160c12.5-12.5 12.5-32.8 0-45.3l-160-160c-9.2-9.2-22.9-11.9-34.9-6.9z\"><\/path><\/svg><\/span> <a href=\"https:\/\/unedunealapage.fr\/?page_id=2238\" data-type=\"page\" data-id=\"2238\">vers Liste des auteurs<\/a><br><span class=\"wp-rich-text-font-awesome-icon wp-font-awesome-icon\"><svg aria-hidden=\"true\" focusable=\"false\" data-prefix=\"fas\" data-icon=\"share\" class=\"svg-inline--fa fa-share \" role=\"img\" xmlns=\"http:\/\/www.w3.org\/2000\/svg\" viewBox=\"0 0 512 512\"><path fill=\"currentColor\" d=\"M307.8 18.4c-12 5-19.8 16.6-19.8 29.6l0 80-112 0c-97.2 0-176 78.8-176 176 0 113.3 81.5 163.9 100.2 174.1 2.5 1.4 5.3 1.9 8.1 1.9 10.9 0 19.7-8.9 19.7-19.7 0-7.5-4.3-14.4-9.8-19.5-9.4-8.8-22.2-26.4-22.2-56.7 0-53 43-96 96-96l96 0 0 80c0 12.9 7.8 24.6 19.8 29.6s25.7 2.2 34.9-6.9l160-160c12.5-12.5 12.5-32.8 0-45.3l-160-160c-9.2-9.2-22.9-11.9-34.9-6.9z\"><\/path><\/svg><\/span> <a href=\"https:\/\/unedunealapage.fr\/?page_id=1925\" data-type=\"page\" data-id=\"1925\">vers Programme<\/a><\/p>\n<\/div>\n<\/div>\n<\/div><\/div>\n","protected":false},"excerpt":{"rendered":"<p>Marie Pointurier Marie Pointurier est n\u00e9e \u00e0 Paris. Dipl\u00f4m\u00e9e de Sciences Po Lille et titulaire d\u2019une ma\u00eetrise de lettres modernes, elle a \u00e9t\u00e9 longtemps correspondante pour Vogue \u00e0 New York, &hellip; <\/p>\n<p class=\"link-more\"><a href=\"https:\/\/unedunealapage.fr\/?page_id=2373\" class=\"more-link\">Continuer la lecture<span class=\"screen-reader-text\"> de &laquo;&nbsp;Page Marie Pointurier&nbsp;&raquo;<\/span><\/a><\/p>\n","protected":false},"author":1,"featured_media":0,"parent":0,"menu_order":0,"comment_status":"closed","ping_status":"closed","template":"","meta":{"_EventAllDay":false,"_EventTimezone":"","_EventStartDate":"","_EventEndDate":"","_EventStartDateUTC":"","_EventEndDateUTC":"","_EventShowMap":false,"_EventShowMapLink":false,"_EventURL":"","_EventCost":"","_EventCostDescription":"","_EventCurrencySymbol":"","_EventCurrencyCode":"","_EventCurrencyPosition":"","_EventDateTimeSeparator":"","_EventTimeRangeSeparator":"","_EventOrganizerID":[],"_EventVenueID":[],"_OrganizerEmail":"","_OrganizerPhone":"","_OrganizerWebsite":"","_VenueAddress":"","_VenueCity":"","_VenueCountry":"","_VenueProvince":"","_VenueState":"","_VenueZip":"","_VenuePhone":"","_VenueURL":"","_VenueStateProvince":"","_VenueLat":"","_VenueLng":"","_VenueShowMap":false,"_VenueShowMapLink":false,"footnotes":""},"class_list":["post-2373","page","type-page","status-publish","hentry"],"_links":{"self":[{"href":"https:\/\/unedunealapage.fr\/index.php?rest_route=\/wp\/v2\/pages\/2373","targetHints":{"allow":["GET"]}}],"collection":[{"href":"https:\/\/unedunealapage.fr\/index.php?rest_route=\/wp\/v2\/pages"}],"about":[{"href":"https:\/\/unedunealapage.fr\/index.php?rest_route=\/wp\/v2\/types\/page"}],"author":[{"embeddable":true,"href":"https:\/\/unedunealapage.fr\/index.php?rest_route=\/wp\/v2\/users\/1"}],"replies":[{"embeddable":true,"href":"https:\/\/unedunealapage.fr\/index.php?rest_route=%2Fwp%2Fv2%2Fcomments&post=2373"}],"version-history":[{"count":5,"href":"https:\/\/unedunealapage.fr\/index.php?rest_route=\/wp\/v2\/pages\/2373\/revisions"}],"predecessor-version":[{"id":3792,"href":"https:\/\/unedunealapage.fr\/index.php?rest_route=\/wp\/v2\/pages\/2373\/revisions\/3792"}],"wp:attachment":[{"href":"https:\/\/unedunealapage.fr\/index.php?rest_route=%2Fwp%2Fv2%2Fmedia&parent=2373"}],"curies":[{"name":"wp","href":"https:\/\/api.w.org\/{rel}","templated":true}]}}