{"id":2388,"date":"2026-03-11T12:04:45","date_gmt":"2026-03-11T11:04:45","guid":{"rendered":"https:\/\/unedunealapage.fr\/?page_id=2388"},"modified":"2026-04-07T15:53:33","modified_gmt":"2026-04-07T13:53:33","slug":"page-morgane-fert-malka","status":"publish","type":"page","link":"https:\/\/unedunealapage.fr\/?page_id=2388","title":{"rendered":"Page Morgane Fert Malka"},"content":{"rendered":"\n<h1 class=\"wp-block-heading has-luminous-vivid-orange-color has-text-color has-link-color wp-elements-339a618a092ebb7148c20357739c152b\">Morgane Fert Malka<\/h1>\n\n\n\n<div class=\"wp-block-group\"><div class=\"wp-block-group__inner-container is-layout-constrained wp-block-group-is-layout-constrained\">\n<div class=\"wp-block-media-text is-stacked-on-mobile\" style=\"padding-top:0;padding-bottom:0;grid-template-columns:44% auto\"><figure class=\"wp-block-media-text__media\"><img loading=\"lazy\" decoding=\"async\" width=\"500\" height=\"334\" src=\"https:\/\/unedunealapage.fr\/wp-content\/uploads\/2026\/03\/Morgane-Fert-Malka-@Astrid-di-Crollalanza-2-copie-500x334.jpg\" alt=\"\" class=\"wp-image-2254 size-large\" srcset=\"https:\/\/unedunealapage.fr\/wp-content\/uploads\/2026\/03\/Morgane-Fert-Malka-@Astrid-di-Crollalanza-2-copie-500x334.jpg 500w, https:\/\/unedunealapage.fr\/wp-content\/uploads\/2026\/03\/Morgane-Fert-Malka-@Astrid-di-Crollalanza-2-copie-150x100.jpg 150w, https:\/\/unedunealapage.fr\/wp-content\/uploads\/2026\/03\/Morgane-Fert-Malka-@Astrid-di-Crollalanza-2-copie-768x513.jpg 768w, https:\/\/unedunealapage.fr\/wp-content\/uploads\/2026\/03\/Morgane-Fert-Malka-@Astrid-di-Crollalanza-2-copie-1536x1025.jpg 1536w, https:\/\/unedunealapage.fr\/wp-content\/uploads\/2026\/03\/Morgane-Fert-Malka-@Astrid-di-Crollalanza-2-copie-2048x1367.jpg 2048w\" sizes=\"auto, (max-width: 500px) 100vw, 500px\" \/><\/figure><div class=\"wp-block-media-text__content\">\n<p class=\"has-small-font-size\" style=\"min-height:0px;line-height:1.4\">Morgane Fert Malka est journaliste et couvre depuis des ann\u00e9es les affaires s\u00e9curitaires relatives \u00e0 la Russie, l\u2019Europe de l\u2019Est et l\u2019Arctique. Au sein d\u2019un consortium international, elle a r\u00e9alis\u00e9 cette enqu\u00eate pour le journal Intelligence Online. En partenariat avec plusieurs m\u00e9dias europ\u00e9ens, Intelligence Online a r\u00e9v\u00e9l\u00e9 l\u2019identit\u00e9 de participants cl\u00e9s et leurs liens avec l\u2019\u00c9tat ukrainien d\u00e8s le printemps 2023.<br><\/p>\n<\/div><\/div>\n<\/div><\/div>\n\n\n\n<div class=\"wp-block-group\"><div class=\"wp-block-group__inner-container is-layout-constrained wp-block-group-is-layout-constrained\">\n<div class=\"wp-block-media-text has-media-on-the-right is-stacked-on-mobile\" style=\"grid-template-columns:auto 36%\"><div class=\"wp-block-media-text__content\">\n<p style=\"font-size:12px;line-height:1.5\">Le 26 septembre 2022, l\u2019explosion des gazoducs Nord Stream a coup\u00e9 net l\u2019art\u00e8re \u00e9nerg\u00e9tique de l\u2019Europe, le grand cordon ombilical qui la reliait \u00e0 la Russie et fournissait au vieux continent la majorit\u00e9 de son gaz. Les cons\u00e9quences \u00e9conomiques et politiques de ce Pearl Harbor sous-marin demeurent encore mal connues. Qui a pos\u00e9 la bombe ? Et surtout qui en est le commanditaire ? L\u2019affaire ne cesse de d\u00e9ranger, tant elle est devenue un enjeu majeur de la guerre de l\u2019image qui sous-tend le conflit en Ukraine. Pour Moscou et ses affid\u00e9s, jusque dans la presse fran\u00e7aise, c\u2019est entendu : il s\u2019agit d\u2019une manigance de la CIA, d\u00e9sireuse de sevrer l\u2019Europe de sa d\u00e9pendance au gaz russe. Pour les d\u00e9fenseurs internationaux de Kiev : c\u2019est s\u00fbrement un coup du Kremlin. Une \u00e9quipe de journalistes de plusieurs grands m\u00e9dias europ\u00e9ens, dont fait partie l\u2019autrice, a pass\u00e9 deux ans \u00e0 enqu\u00eater, faisant ainsi \u00e9merger une v\u00e9rit\u00e9 complexe et r\u00e9v\u00e9latrice de notre \u00e9poque.<\/p>\n\n\n\n<p style=\"font-size:12px;line-height:1.5\">De Kiev \u00e0 Varsovie en passant par la mer Baltique et Londres, Morgane Fert Malka nous raconte, \u00e0 la mani\u00e8re d\u2019un roman d\u2019espionnage, les dessous de cette enqu\u00eate hors norme et ses r\u00e9percussions internationales.<\/p>\n<\/div><figure class=\"wp-block-media-text__media\"><img loading=\"lazy\" decoding=\"async\" width=\"314\" height=\"500\" src=\"https:\/\/unedunealapage.fr\/wp-content\/uploads\/2026\/03\/Couv-Fert-Malka-Mes-instructions-viennent-de-plus-haut-314x500.jpeg\" alt=\"\" class=\"wp-image-2225 size-full\" srcset=\"https:\/\/unedunealapage.fr\/wp-content\/uploads\/2026\/03\/Couv-Fert-Malka-Mes-instructions-viennent-de-plus-haut-314x500.jpeg 314w, https:\/\/unedunealapage.fr\/wp-content\/uploads\/2026\/03\/Couv-Fert-Malka-Mes-instructions-viennent-de-plus-haut-94x150.jpeg 94w, https:\/\/unedunealapage.fr\/wp-content\/uploads\/2026\/03\/Couv-Fert-Malka-Mes-instructions-viennent-de-plus-haut.jpeg 600w\" sizes=\"auto, (max-width: 314px) 100vw, 314px\" \/><\/figure><\/div>\n<\/div><\/div>\n\n\n\n<div style=\"height:51px\" aria-hidden=\"true\" class=\"wp-block-spacer\"><\/div>\n\n\n\n<hr class=\"wp-block-separator has-alpha-channel-opacity\"\/>\n\n\n\n<div class=\"wp-block-group\"><div class=\"wp-block-group__inner-container is-layout-constrained wp-block-group-is-layout-constrained\">\n<div class=\"wp-block-columns is-layout-flex wp-container-core-columns-is-layout-9d6595d7 wp-block-columns-is-layout-flex\">\n<div class=\"wp-block-column is-layout-flow wp-block-column-is-layout-flow\">\n<p>Calendrier<\/p>\n\n\n\n<p class=\"has-small-font-size\">\ud83d\udcda<a href=\"https:\/\/unedunealapage.fr\/?tribe_events=lukraine\" data-type=\"tribe_events\" data-id=\"2684\">Table Ronde l&rsquo;Ukraine<\/a> <span class=\"wp-rich-text-font-awesome-icon wp-font-awesome-icon\"><svg aria-hidden=\"true\" focusable=\"false\" data-prefix=\"fas\" data-icon=\"share\" class=\"svg-inline--fa fa-share \" role=\"img\" xmlns=\"http:\/\/www.w3.org\/2000\/svg\" viewBox=\"0 0 512 512\"><path fill=\"currentColor\" d=\"M307.8 18.4c-12 5-19.8 16.6-19.8 29.6l0 80-112 0c-97.2 0-176 78.8-176 176 0 113.3 81.5 163.9 100.2 174.1 2.5 1.4 5.3 1.9 8.1 1.9 10.9 0 19.7-8.9 19.7-19.7 0-7.5-4.3-14.4-9.8-19.5-9.4-8.8-22.2-26.4-22.2-56.7 0-53 43-96 96-96l96 0 0 80c0 12.9 7.8 24.6 19.8 29.6s25.7 2.2 34.9-6.9l160-160c12.5-12.5 12.5-32.8 0-45.3l-160-160c-9.2-9.2-22.9-11.9-34.9-6.9z\"><\/path><\/svg><\/span><br>\ud83d\udcc5 Vendredi 15 mai \u23f0 12h<br>\ud83d\udccdMaison de la Station<\/p>\n<\/div>\n\n\n\n<div class=\"wp-block-column is-layout-flow wp-block-column-is-layout-flow\">\n<p>Auteurs et Programme<\/p>\n\n\n\n<p class=\"has-small-font-size\"><span class=\"wp-rich-text-font-awesome-icon wp-font-awesome-icon\"><svg aria-hidden=\"true\" focusable=\"false\" data-prefix=\"fas\" data-icon=\"share\" class=\"svg-inline--fa fa-share \" role=\"img\" xmlns=\"http:\/\/www.w3.org\/2000\/svg\" viewBox=\"0 0 512 512\"><path fill=\"currentColor\" d=\"M307.8 18.4c-12 5-19.8 16.6-19.8 29.6l0 80-112 0c-97.2 0-176 78.8-176 176 0 113.3 81.5 163.9 100.2 174.1 2.5 1.4 5.3 1.9 8.1 1.9 10.9 0 19.7-8.9 19.7-19.7 0-7.5-4.3-14.4-9.8-19.5-9.4-8.8-22.2-26.4-22.2-56.7 0-53 43-96 96-96l96 0 0 80c0 12.9 7.8 24.6 19.8 29.6s25.7 2.2 34.9-6.9l160-160c12.5-12.5 12.5-32.8 0-45.3l-160-160c-9.2-9.2-22.9-11.9-34.9-6.9z\"><\/path><\/svg><\/span> <a href=\"https:\/\/unedunealapage.fr\/?page_id=2238\" data-type=\"page\" data-id=\"2238\">vers Liste des auteurs<\/a><br><span class=\"wp-rich-text-font-awesome-icon wp-font-awesome-icon\"><svg aria-hidden=\"true\" focusable=\"false\" data-prefix=\"fas\" data-icon=\"share\" class=\"svg-inline--fa fa-share \" role=\"img\" xmlns=\"http:\/\/www.w3.org\/2000\/svg\" viewBox=\"0 0 512 512\"><path fill=\"currentColor\" d=\"M307.8 18.4c-12 5-19.8 16.6-19.8 29.6l0 80-112 0c-97.2 0-176 78.8-176 176 0 113.3 81.5 163.9 100.2 174.1 2.5 1.4 5.3 1.9 8.1 1.9 10.9 0 19.7-8.9 19.7-19.7 0-7.5-4.3-14.4-9.8-19.5-9.4-8.8-22.2-26.4-22.2-56.7 0-53 43-96 96-96l96 0 0 80c0 12.9 7.8 24.6 19.8 29.6s25.7 2.2 34.9-6.9l160-160c12.5-12.5 12.5-32.8 0-45.3l-160-160c-9.2-9.2-22.9-11.9-34.9-6.9z\"><\/path><\/svg><\/span> <a href=\"https:\/\/unedunealapage.fr\/?page_id=1925\" data-type=\"page\" data-id=\"1925\">vers Programme<\/a><\/p>\n<\/div>\n<\/div>\n<\/div><\/div>\n","protected":false},"excerpt":{"rendered":"<p>Morgane Fert Malka Morgane Fert Malka est journaliste et couvre depuis des ann\u00e9es les affaires s\u00e9curitaires relatives \u00e0 la Russie, l\u2019Europe de l\u2019Est et l\u2019Arctique. Au sein d\u2019un consortium international, &hellip; <\/p>\n<p class=\"link-more\"><a href=\"https:\/\/unedunealapage.fr\/?page_id=2388\" class=\"more-link\">Continuer la lecture<span class=\"screen-reader-text\"> de &laquo;&nbsp;Page Morgane Fert Malka&nbsp;&raquo;<\/span><\/a><\/p>\n","protected":false},"author":1,"featured_media":0,"parent":0,"menu_order":0,"comment_status":"closed","ping_status":"closed","template":"","meta":{"_EventAllDay":false,"_EventTimezone":"","_EventStartDate":"","_EventEndDate":"","_EventStartDateUTC":"","_EventEndDateUTC":"","_EventShowMap":false,"_EventShowMapLink":false,"_EventURL":"","_EventCost":"","_EventCostDescription":"","_EventCurrencySymbol":"","_EventCurrencyCode":"","_EventCurrencyPosition":"","_EventDateTimeSeparator":"","_EventTimeRangeSeparator":"","_EventOrganizerID":[],"_EventVenueID":[],"_OrganizerEmail":"","_OrganizerPhone":"","_OrganizerWebsite":"","_VenueAddress":"","_VenueCity":"","_VenueCountry":"","_VenueProvince":"","_VenueState":"","_VenueZip":"","_VenuePhone":"","_VenueURL":"","_VenueStateProvince":"","_VenueLat":"","_VenueLng":"","_VenueShowMap":false,"_VenueShowMapLink":false,"footnotes":""},"class_list":["post-2388","page","type-page","status-publish","hentry"],"_links":{"self":[{"href":"https:\/\/unedunealapage.fr\/index.php?rest_route=\/wp\/v2\/pages\/2388","targetHints":{"allow":["GET"]}}],"collection":[{"href":"https:\/\/unedunealapage.fr\/index.php?rest_route=\/wp\/v2\/pages"}],"about":[{"href":"https:\/\/unedunealapage.fr\/index.php?rest_route=\/wp\/v2\/types\/page"}],"author":[{"embeddable":true,"href":"https:\/\/unedunealapage.fr\/index.php?rest_route=\/wp\/v2\/users\/1"}],"replies":[{"embeddable":true,"href":"https:\/\/unedunealapage.fr\/index.php?rest_route=%2Fwp%2Fv2%2Fcomments&post=2388"}],"version-history":[{"count":4,"href":"https:\/\/unedunealapage.fr\/index.php?rest_route=\/wp\/v2\/pages\/2388\/revisions"}],"predecessor-version":[{"id":3794,"href":"https:\/\/unedunealapage.fr\/index.php?rest_route=\/wp\/v2\/pages\/2388\/revisions\/3794"}],"wp:attachment":[{"href":"https:\/\/unedunealapage.fr\/index.php?rest_route=%2Fwp%2Fv2%2Fmedia&parent=2388"}],"curies":[{"name":"wp","href":"https:\/\/api.w.org\/{rel}","templated":true}]}}