{"id":2425,"date":"2026-03-11T20:48:23","date_gmt":"2026-03-11T19:48:23","guid":{"rendered":"https:\/\/unedunealapage.fr\/?page_id=2425"},"modified":"2026-03-30T15:16:49","modified_gmt":"2026-03-30T13:16:49","slug":"page-eric-roux-reiffsteck","status":"publish","type":"page","link":"https:\/\/unedunealapage.fr\/?page_id=2425","title":{"rendered":"Page Eric Roux Reiffsteck"},"content":{"rendered":"\n<h1 class=\"wp-block-heading has-text-align-left has-luminous-vivid-orange-color has-text-color has-link-color wp-elements-c0d5f1227b65aaa804a9a21660824506\">Eric Roux Reiffsteck<\/h1>\n\n\n<div class=\"wp-block-image\">\n<figure class=\"alignleft size-large is-resized\"><img loading=\"lazy\" decoding=\"async\" width=\"333\" height=\"500\" src=\"https:\/\/unedunealapage.fr\/wp-content\/uploads\/2026\/03\/Eric-Roux-Reiffsteck-1-333x500.jpeg\" alt=\"\" class=\"wp-image-2384\" style=\"aspect-ratio:0.666020813150411;width:201px;height:auto\" srcset=\"https:\/\/unedunealapage.fr\/wp-content\/uploads\/2026\/03\/Eric-Roux-Reiffsteck-1-333x500.jpeg 333w, https:\/\/unedunealapage.fr\/wp-content\/uploads\/2026\/03\/Eric-Roux-Reiffsteck-1-100x150.jpeg 100w, https:\/\/unedunealapage.fr\/wp-content\/uploads\/2026\/03\/Eric-Roux-Reiffsteck-1-768x1151.jpeg 768w, https:\/\/unedunealapage.fr\/wp-content\/uploads\/2026\/03\/Eric-Roux-Reiffsteck-1-1025x1536.jpeg 1025w, https:\/\/unedunealapage.fr\/wp-content\/uploads\/2026\/03\/Eric-Roux-Reiffsteck-1.jpeg 1366w\" sizes=\"auto, (max-width: 333px) 100vw, 333px\" \/><\/figure>\n<\/div>\n\n\n<p>\u00c9ric Roux-Reiffsteck est&nbsp;paysan, parfumeur et paysagiste. <br>Il se d\u00e9finit comme&nbsp;designer olfactif. <br>\u00c9ric Roux-Reiffsteck a une cinquantaine d&rsquo;ann\u00e9es et deux vies derri\u00e8re lui, ou plut\u00f4t, une vie en deux actes.<\/p>\n\n\n\n<p>Acte I : le cin\u00e9ma.<br>Originaire de la r\u00e9gion parisienne, \u00c9ric fait carri\u00e8re dans la production cin\u00e9matographique. D&rsquo;abord comme exploitant et programmateur de&nbsp;salles de cin\u00e9ma d&rsquo;art et essai, puis comme&nbsp;producteur et r\u00e9alisateur ind\u00e9pendant, il navigue pendant des ann\u00e9es dans un univers exigeant, incertain, \u00e9lectrique. C&rsquo;est une vie intense. Mais c&rsquo;est une vie qui, peu \u00e0 peu, ne lui ressemble plus.<\/p>\n\n\n\n<p>Acte II : la terre.<br>En 2008, il op\u00e8re une&nbsp;bifurcation radicale.<br>Il quitte tout. Il s&rsquo;installe d&rsquo;abord dans&nbsp;une oliveraie de 800 oliviers centenaires au-dessus de Menton, et se consacre \u00e0 la terre. De cette exp\u00e9rience na\u00eet la figure du&nbsp;Paysan puis de Paysan Parfumeur&nbsp;: une pratique singuli\u00e8re o\u00f9 l&rsquo;agriculture, le soin par les plantes et la r\u00e9flexion philosophique s&rsquo;entrelacent autour d&rsquo;une question centrale : <em>\u00ab Comment retisser un lien sensible entre l&rsquo;humain et la nature, dont nous faisons<\/em> <em>nous-m\u00eames partie ? \u00bb<\/em><br>Il poursuit aujourd&rsquo;hui son aventure&nbsp;dans les Landes, sur un airial plant\u00e9 de ch\u00eanes centenaires face \u00e0 l&rsquo;Atlantique.<br><em>Selfie paysan<\/em>&nbsp;est son premier livre. Pas un bilan, pas un testament mais une renaissance.<\/p>\n\n\n\n<div class=\"wp-block-media-text is-stacked-on-mobile\" style=\"grid-template-columns:31% auto\"><figure class=\"wp-block-media-text__media\"><img loading=\"lazy\" decoding=\"async\" width=\"352\" height=\"500\" src=\"https:\/\/unedunealapage.fr\/wp-content\/uploads\/2026\/03\/COUV_selfie_paysan-352x500.jpg\" alt=\"\" class=\"wp-image-2426 size-full\" srcset=\"https:\/\/unedunealapage.fr\/wp-content\/uploads\/2026\/03\/COUV_selfie_paysan-352x500.jpg 352w, https:\/\/unedunealapage.fr\/wp-content\/uploads\/2026\/03\/COUV_selfie_paysan-106x150.jpg 106w, https:\/\/unedunealapage.fr\/wp-content\/uploads\/2026\/03\/COUV_selfie_paysan-768x1090.jpg 768w, https:\/\/unedunealapage.fr\/wp-content\/uploads\/2026\/03\/COUV_selfie_paysan-1083x1536.jpg 1083w, https:\/\/unedunealapage.fr\/wp-content\/uploads\/2026\/03\/COUV_selfie_paysan-1444x2048.jpg 1444w, https:\/\/unedunealapage.fr\/wp-content\/uploads\/2026\/03\/COUV_selfie_paysan.jpg 1748w\" sizes=\"auto, (max-width: 352px) 100vw, 352px\" \/><\/figure><div class=\"wp-block-media-text__content\">\n<p class=\"has-small-font-size\">Un jour, \u00c9ric a bifurqu\u00e9. Il avait une carri\u00e8re dans le cin\u00e9ma, un m\u00e9tier qui faisait r\u00eaver, une trajectoire toute trac\u00e9e. Mais quelque chose lui manquait. La nature, notamment. Alors il a tout repris \u00e0 z\u00e9ro. La terre, les saisons, l\u2019apprentissage \u00e0 mains nues. Lui qui ne venait pas de ce monde-l\u00e0. Lui que personne n\u2019attendait. Il est devenu n\u00e9o-paysan. Ce livre raconte cette bascule : les doutes, les premi\u00e8res victoires minuscules, la fatigue et l\u2019\u00e9merveillement m\u00eal\u00e9s. Et surtout, cette d\u00e9couverte immense : on peut \u00eatre riche autrement. Riche de sens, de liens, de nouvelles valeurs. Riche d\u2019\u00eatre enfin heureux.<\/p>\n<\/div><\/div>\n\n\n\n<div style=\"height:41px\" aria-hidden=\"true\" class=\"wp-block-spacer\"><\/div>\n\n\n\n<h1 class=\"wp-block-heading has-luminous-vivid-orange-color has-text-color has-link-color wp-elements-d7205cb2cc8f865ebb456efd432e6c36\">ATELIER PHYTO-PHILO<\/h1>\n\n\n\n<p><strong>Les \u00ab Phyto Philo \u00bb : des ateliers exp\u00e9rientiels de Paysan Parfumeur<\/strong><br>Les PhytoPhilo sont des ateliers immersifs con\u00e7us pour plonger dans l&rsquo;univers d\u2019un Paysan Parfumeur de mani\u00e8re vivante. Ce format d&rsquo;atelier, cr\u00e9\u00e9 en partenariat avec le monast\u00e8re de Saorge (Centre des Monuments Nationaux), permet aussi d&rsquo;accompagner la sortie du livre Selfie Paysan, premier essai autobiographique d&rsquo;\u00c9ric Roux-Reiffsteck sur le changement de vie et la n\u00e9o-paysannerie (sortie pr\u00e9vue mai 2026), et de rendre le r\u00e9cit vivant.<\/p>\n\n\n\n<p>D\u00e9roul\u00e9 de l&rsquo;atelier : 3h<br><strong>1. Balade &amp; Cueillette<\/strong><br>Immersion dans l&rsquo;environnement local : promenade pour observer le paysage et la flore, incluant une cueillette respectueuse des plantes.<br><strong>2. Distillation<br><\/strong>Transformation artisanale sur place des plantes collect\u00e9es, par distillation \u00e0 l&rsquo;alambic en cuivre, pour obtenir l&rsquo;hydrolat (eau de la plante) et discuter du travail de paysan parfumeur.<br><strong>3. Discussion autour du livre<br><\/strong>\u00c9changes et r\u00e9flexions sur les th\u00e8mes abord\u00e9s dans Selfie Paysan : bifurcation professionnelle, rapport \u00e0 la terre, au travail, au vivant, gestion de l&rsquo;\u00e9chec et de la r\u00e9ussite paysanne.<\/p>\n\n\n\n<hr class=\"wp-block-separator has-alpha-channel-opacity\"\/>\n\n\n\n<div class=\"wp-block-group\"><div class=\"wp-block-group__inner-container is-layout-constrained wp-block-group-is-layout-constrained\">\n<div class=\"wp-block-columns is-layout-flex wp-container-core-columns-is-layout-9d6595d7 wp-block-columns-is-layout-flex\">\n<div class=\"wp-block-column is-layout-flow wp-block-column-is-layout-flow\">\n<p>Calendrier<\/p>\n\n\n\n<p class=\"has-small-font-size\">\ud83d\udcda<a href=\"https:\/\/unedunealapage.fr\/?tribe_events=atelier-sencrer-avec-kara-molinari\" data-type=\"tribe_events\" data-id=\"2965\">Atelier &amp;<br>Rencontre litt\u00e9raire<\/a> <span class=\"wp-rich-text-font-awesome-icon wp-font-awesome-icon\"><svg aria-hidden=\"true\" focusable=\"false\" data-prefix=\"fas\" data-icon=\"share\" class=\"svg-inline--fa fa-share \" role=\"img\" xmlns=\"http:\/\/www.w3.org\/2000\/svg\" viewBox=\"0 0 512 512\"><path fill=\"currentColor\" d=\"M307.8 18.4c-12 5-19.8 16.6-19.8 29.6l0 80-112 0c-97.2 0-176 78.8-176 176 0 113.3 81.5 163.9 100.2 174.1 2.5 1.4 5.3 1.9 8.1 1.9 10.9 0 19.7-8.9 19.7-19.7 0-7.5-4.3-14.4-9.8-19.5-9.4-8.8-22.2-26.4-22.2-56.7 0-53 43-96 96-96l96 0 0 80c0 12.9 7.8 24.6 19.8 29.6s25.7 2.2 34.9-6.9l160-160c12.5-12.5 12.5-32.8 0-45.3l-160-160c-9.2-9.2-22.9-11.9-34.9-6.9z\"><\/path><\/svg><\/span><br>\ud83d\udcc5 Samedi 16 mai \u23f0 de 9h30 \u00e0 12h30<br>\ud83d\udccdLibrairie Au Camion<\/p>\n<\/div>\n\n\n\n<div class=\"wp-block-column is-layout-flow wp-block-column-is-layout-flow\">\n<p>Auteurs et Programme<\/p>\n\n\n\n<p class=\"has-small-font-size\"><span class=\"wp-rich-text-font-awesome-icon wp-font-awesome-icon\"><svg aria-hidden=\"true\" focusable=\"false\" data-prefix=\"fas\" data-icon=\"share\" class=\"svg-inline--fa fa-share \" role=\"img\" xmlns=\"http:\/\/www.w3.org\/2000\/svg\" viewBox=\"0 0 512 512\"><path fill=\"currentColor\" d=\"M307.8 18.4c-12 5-19.8 16.6-19.8 29.6l0 80-112 0c-97.2 0-176 78.8-176 176 0 113.3 81.5 163.9 100.2 174.1 2.5 1.4 5.3 1.9 8.1 1.9 10.9 0 19.7-8.9 19.7-19.7 0-7.5-4.3-14.4-9.8-19.5-9.4-8.8-22.2-26.4-22.2-56.7 0-53 43-96 96-96l96 0 0 80c0 12.9 7.8 24.6 19.8 29.6s25.7 2.2 34.9-6.9l160-160c12.5-12.5 12.5-32.8 0-45.3l-160-160c-9.2-9.2-22.9-11.9-34.9-6.9z\"><\/path><\/svg><\/span> <a href=\"https:\/\/unedunealapage.fr\/?page_id=2238\" data-type=\"page\" data-id=\"2238\">vers Liste des auteurs<\/a><br><span class=\"wp-rich-text-font-awesome-icon wp-font-awesome-icon\"><svg aria-hidden=\"true\" focusable=\"false\" data-prefix=\"fas\" data-icon=\"share\" class=\"svg-inline--fa fa-share \" role=\"img\" xmlns=\"http:\/\/www.w3.org\/2000\/svg\" viewBox=\"0 0 512 512\"><path fill=\"currentColor\" d=\"M307.8 18.4c-12 5-19.8 16.6-19.8 29.6l0 80-112 0c-97.2 0-176 78.8-176 176 0 113.3 81.5 163.9 100.2 174.1 2.5 1.4 5.3 1.9 8.1 1.9 10.9 0 19.7-8.9 19.7-19.7 0-7.5-4.3-14.4-9.8-19.5-9.4-8.8-22.2-26.4-22.2-56.7 0-53 43-96 96-96l96 0 0 80c0 12.9 7.8 24.6 19.8 29.6s25.7 2.2 34.9-6.9l160-160c12.5-12.5 12.5-32.8 0-45.3l-160-160c-9.2-9.2-22.9-11.9-34.9-6.9z\"><\/path><\/svg><\/span> <a href=\"https:\/\/unedunealapage.fr\/?page_id=1925\" data-type=\"page\" data-id=\"1925\">vers Programme<\/a><\/p>\n<\/div>\n<\/div>\n<\/div><\/div>\n\n\n\n<hr class=\"wp-block-separator has-alpha-channel-opacity\"\/>\n\n\n\n<h1 class=\"wp-block-heading\"><strong><mark style=\"background-color:rgba(0, 0, 0, 0)\" class=\"has-inline-color has-luminous-vivid-orange-color\">Inscription \u00e0 l&rsquo;atelier \ud83d\udc47<\/mark><\/strong><\/h1>\n\n\n<style id=\"wpforms-css-vars-3587-block-32e120bd-7bf6-421f-86fc-7a04a58952bf\">\n\t\t\t\t#wpforms-3587.wpforms-block-32e120bd-7bf6-421f-86fc-7a04a58952bf {\n\t\t\t\t--wpforms-label-color: #f7f2f2;\n--wpforms-label-sublabel-color: #7f7f7f;\n--wpforms-label-error-color: #ff0000;\n--wpforms-page-break-color: #dddddd;\n--wpforms-field-border-style: none;\n--wpforms-field-border-radius: 0px;\n--wpforms-field-background-color: #bfbbbb;\n--wpforms-field-border-color: #cccccc;\n--wpforms-field-border-color-spare: #cccccc;\n--wpforms-field-text-color: #141414;\n--wpforms-button-border-style: solid;\n--wpforms-button-border-radius: 0px;\n--wpforms-button-background-color: #dddddd;\n--wpforms-button-text-color: #666666;\n--wpforms-button-border-color: #cccccc;\n--wpforms-field-border-size: 0px;\n--wpforms-field-size-input-height: 43px;\n--wpforms-field-size-input-spacing: 15px;\n--wpforms-field-size-font-size: 16px;\n--wpforms-field-size-line-height: 19px;\n--wpforms-field-size-padding-h: 14px;\n--wpforms-field-size-checkbox-size: 16px;\n--wpforms-field-size-sublabel-spacing: 5px;\n--wpforms-field-size-icon-size: 1;\n--wpforms-label-size-font-size: 14px;\n--wpforms-label-size-line-height: 17px;\n--wpforms-label-size-sublabel-font-size: 13px;\n--wpforms-label-size-sublabel-line-height: 16px;\n--wpforms-button-size-font-size: 17px;\n--wpforms-button-size-height: 41px;\n--wpforms-button-size-padding-h: 15px;\n--wpforms-button-size-margin-top: 10px;\n\t\t\t}\n\t\t\t<\/style><div class=\"wpforms-container wpforms-container-full wpforms-block wpforms-block-32e120bd-7bf6-421f-86fc-7a04a58952bf wpforms-render-modern\" id=\"wpforms-3587\"><form id=\"wpforms-form-3587\" class=\"wpforms-validate wpforms-form wpforms-ajax-form\" data-formid=\"3587\" method=\"post\" enctype=\"multipart\/form-data\" action=\"\/index.php?rest_route=%2Fwp%2Fv2%2Fpages%2F2425\" data-token=\"8afd5093f744675447e4c40cd0bedfd9\" data-token-time=\"1777215055\"><noscript class=\"wpforms-error-noscript\">Veuillez activer JavaScript dans votre navigateur pour remplir ce formulaire.<\/noscript><div id=\"wpforms-error-noscript\" style=\"display: none;\">Veuillez activer JavaScript dans votre navigateur pour remplir ce formulaire.<\/div><div class=\"wpforms-field-container\"><div id=\"wpforms-3587-field_3-container\" class=\"wpforms-field wpforms-field-checkbox\" data-field-id=\"3\"><fieldset><legend class=\"wpforms-field-label\">Inscription, cochez la case<\/legend><ul id=\"wpforms-3587-field_3\"><li class=\"choice-1 depth-1\"><input type=\"checkbox\" id=\"wpforms-3587-field_3_1\" name=\"wpforms[fields][3][]\" value=\"Atelier Phyto Philo du samedi 16 mai de 9h30 \u00e0 12h30\" aria-errormessage=\"wpforms-3587-field_3_1-error\"  ><label class=\"wpforms-field-label-inline\" for=\"wpforms-3587-field_3_1\">Atelier Phyto Philo du samedi 16 mai de 9h30 \u00e0 12h30<\/label><\/li><\/ul><\/fieldset><\/div><div id=\"wpforms-3587-field_4-container\" class=\"wpforms-field wpforms-field-name\" data-field-id=\"4\"><fieldset><legend class=\"wpforms-field-label\">Nom <span class=\"wpforms-required-label\" aria-hidden=\"true\">*<\/span><\/legend><div class=\"wpforms-field-row wpforms-field-medium\"><div class=\"wpforms-field-row-block wpforms-first wpforms-one-half\"><input type=\"text\" id=\"wpforms-3587-field_4\" class=\"wpforms-field-name-first wpforms-field-required\" name=\"wpforms[fields][4][first]\" aria-errormessage=\"wpforms-3587-field_4-error\" required><label for=\"wpforms-3587-field_4\" class=\"wpforms-field-sublabel after\">Pr\u00e9nom<\/label><\/div><div class=\"wpforms-field-row-block wpforms-one-half\"><input type=\"text\" id=\"wpforms-3587-field_4-last\" class=\"wpforms-field-name-last wpforms-field-required\" name=\"wpforms[fields][4][last]\" aria-errormessage=\"wpforms-3587-field_4-last-error\" required><label for=\"wpforms-3587-field_4-last\" class=\"wpforms-field-sublabel after\">Nom<\/label><\/div><\/div><\/fieldset><\/div><div id=\"wpforms-3587-field_5-container\" class=\"wpforms-field wpforms-field-email\" data-field-id=\"5\"><label class=\"wpforms-field-label\" for=\"wpforms-3587-field_5\">E-mail <span class=\"wpforms-required-label\" aria-hidden=\"true\">*<\/span><\/label><input type=\"email\" id=\"wpforms-3587-field_5\" class=\"wpforms-field-medium wpforms-field-required\" name=\"wpforms[fields][5]\" spellcheck=\"false\" aria-errormessage=\"wpforms-3587-field_5-error\" required><\/div>\t\t<div id=\"wpforms-3587-field_1-container\"\n\t\t\tclass=\"wpforms-field wpforms-field-text\"\n\t\t\tdata-field-type=\"text\"\n\t\t\tdata-field-id=\"1\"\n\t\t\t>\n\t\t\t<label class=\"wpforms-field-label\" for=\"wpforms-3587-field_1\" >Commentaire E-mail cochez<\/label>\n\t\t\t<input type=\"text\" id=\"wpforms-3587-field_1\" class=\"wpforms-field-medium\" name=\"wpforms[fields][1]\" >\n\t\t<\/div>\n\t\t<div id=\"wpforms-3587-field_6-container\" class=\"wpforms-field wpforms-field-textarea\" data-field-id=\"6\"><label class=\"wpforms-field-label\" for=\"wpforms-3587-field_6\">Commentaire<\/label><textarea id=\"wpforms-3587-field_6\" class=\"wpforms-field-medium\" name=\"wpforms[fields][6]\" aria-errormessage=\"wpforms-3587-field_6-error\" ><\/textarea><\/div><script>\n\t\t\t\t( function() {\n\t\t\t\t\tconst style = document.createElement( 'style' );\n\t\t\t\t\tstyle.appendChild( document.createTextNode( '#wpforms-3587-field_1-container { position: absolute !important; overflow: hidden !important; display: inline !important; height: 1px !important; width: 1px !important; z-index: -1000 !important; padding: 0 !important; } #wpforms-3587-field_1-container input { visibility: hidden; } #wpforms-conversational-form-page #wpforms-3587-field_1-container label { counter-increment: none; }' ) );\n\t\t\t\t\tdocument.head.appendChild( style );\n\t\t\t\t\tdocument.currentScript?.remove();\n\t\t\t\t} )();\n\t\t\t<\/script><\/div><!-- .wpforms-field-container --><div class=\"wpforms-submit-container\" ><input type=\"hidden\" name=\"wpforms[id]\" value=\"3587\"><input type=\"hidden\" name=\"page_title\" value=\"\"><input type=\"hidden\" name=\"page_url\" value=\"https:\/\/unedunealapage.fr\/index.php?rest_route=\/wp\/v2\/pages\/2425\"><input type=\"hidden\" name=\"url_referer\" value=\"\"><button type=\"submit\" name=\"wpforms[submit]\" id=\"wpforms-submit-3587\" class=\"wpforms-submit\" data-alt-text=\"Envoi...\" data-submit-text=\"Envoyer\" aria-live=\"assertive\" value=\"wpforms-submit\">Envoyer<\/button><img loading=\"lazy\" decoding=\"async\" src=\"https:\/\/unedunealapage.fr\/wp-content\/plugins\/wpforms-lite\/assets\/images\/submit-spin.svg\" class=\"wpforms-submit-spinner\" style=\"display: none;\" width=\"26\" height=\"26\" alt=\"Chargement en cours\"><\/div><\/form><\/div>  <!-- .wpforms-container -->","protected":false},"excerpt":{"rendered":"<p>Eric Roux Reiffsteck \u00c9ric Roux-Reiffsteck est&nbsp;paysan, parfumeur et paysagiste. Il se d\u00e9finit comme&nbsp;designer olfactif. \u00c9ric Roux-Reiffsteck a une cinquantaine d&rsquo;ann\u00e9es et deux vies derri\u00e8re lui, ou plut\u00f4t, une vie en &hellip; <\/p>\n<p class=\"link-more\"><a href=\"https:\/\/unedunealapage.fr\/?page_id=2425\" class=\"more-link\">Continuer la lecture<span class=\"screen-reader-text\"> de &laquo;&nbsp;Page Eric Roux Reiffsteck&nbsp;&raquo;<\/span><\/a><\/p>\n","protected":false},"author":1,"featured_media":0,"parent":0,"menu_order":0,"comment_status":"closed","ping_status":"closed","template":"","meta":{"_EventAllDay":false,"_EventTimezone":"","_EventStartDate":"","_EventEndDate":"","_EventStartDateUTC":"","_EventEndDateUTC":"","_EventShowMap":false,"_EventShowMapLink":false,"_EventURL":"","_EventCost":"","_EventCostDescription":"","_EventCurrencySymbol":"","_EventCurrencyCode":"","_EventCurrencyPosition":"","_EventDateTimeSeparator":"","_EventTimeRangeSeparator":"","_EventOrganizerID":[],"_EventVenueID":[],"_OrganizerEmail":"","_OrganizerPhone":"","_OrganizerWebsite":"","_VenueAddress":"","_VenueCity":"","_VenueCountry":"","_VenueProvince":"","_VenueState":"","_VenueZip":"","_VenuePhone":"","_VenueURL":"","_VenueStateProvince":"","_VenueLat":"","_VenueLng":"","_VenueShowMap":false,"_VenueShowMapLink":false,"footnotes":""},"class_list":["post-2425","page","type-page","status-publish","hentry"],"_links":{"self":[{"href":"https:\/\/unedunealapage.fr\/index.php?rest_route=\/wp\/v2\/pages\/2425","targetHints":{"allow":["GET"]}}],"collection":[{"href":"https:\/\/unedunealapage.fr\/index.php?rest_route=\/wp\/v2\/pages"}],"about":[{"href":"https:\/\/unedunealapage.fr\/index.php?rest_route=\/wp\/v2\/types\/page"}],"author":[{"embeddable":true,"href":"https:\/\/unedunealapage.fr\/index.php?rest_route=\/wp\/v2\/users\/1"}],"replies":[{"embeddable":true,"href":"https:\/\/unedunealapage.fr\/index.php?rest_route=%2Fwp%2Fv2%2Fcomments&post=2425"}],"version-history":[{"count":7,"href":"https:\/\/unedunealapage.fr\/index.php?rest_route=\/wp\/v2\/pages\/2425\/revisions"}],"predecessor-version":[{"id":3686,"href":"https:\/\/unedunealapage.fr\/index.php?rest_route=\/wp\/v2\/pages\/2425\/revisions\/3686"}],"wp:attachment":[{"href":"https:\/\/unedunealapage.fr\/index.php?rest_route=%2Fwp%2Fv2%2Fmedia&parent=2425"}],"curies":[{"name":"wp","href":"https:\/\/api.w.org\/{rel}","templated":true}]}}