{"id":2623,"date":"2026-03-12T21:53:41","date_gmt":"2026-03-12T20:53:41","guid":{"rendered":"https:\/\/unedunealapage.fr\/?page_id=2623"},"modified":"2026-03-30T16:00:04","modified_gmt":"2026-03-30T14:00:04","slug":"page-rouda","status":"publish","type":"page","link":"https:\/\/unedunealapage.fr\/?page_id=2623","title":{"rendered":"Page Rouda"},"content":{"rendered":"\n<h1 class=\"wp-block-heading has-luminous-vivid-orange-color has-text-color has-link-color wp-elements-92c4400211dbc69b6c3196302b018b48\">Rouda<\/h1>\n\n\n\n<div class=\"wp-block-group\"><div class=\"wp-block-group__inner-container is-layout-constrained wp-block-group-is-layout-constrained\">\n<div class=\"wp-block-media-text is-stacked-on-mobile\" style=\"padding-top:0;padding-bottom:0;grid-template-columns:29% auto\"><figure class=\"wp-block-media-text__media\"><img loading=\"lazy\" decoding=\"async\" width=\"333\" height=\"500\" src=\"https:\/\/unedunealapage.fr\/wp-content\/uploads\/2026\/03\/Rouda\u00a9HenriCoutant-NB-333x500.jpeg\" alt=\"\" class=\"wp-image-2256 size-large\" srcset=\"https:\/\/unedunealapage.fr\/wp-content\/uploads\/2026\/03\/Rouda\u00a9HenriCoutant-NB-333x500.jpeg 333w, https:\/\/unedunealapage.fr\/wp-content\/uploads\/2026\/03\/Rouda\u00a9HenriCoutant-NB-100x150.jpeg 100w, https:\/\/unedunealapage.fr\/wp-content\/uploads\/2026\/03\/Rouda\u00a9HenriCoutant-NB-768x1154.jpeg 768w, https:\/\/unedunealapage.fr\/wp-content\/uploads\/2026\/03\/Rouda\u00a9HenriCoutant-NB-1023x1536.jpeg 1023w, https:\/\/unedunealapage.fr\/wp-content\/uploads\/2026\/03\/Rouda\u00a9HenriCoutant-NB-1363x2048.jpeg 1363w, https:\/\/unedunealapage.fr\/wp-content\/uploads\/2026\/03\/Rouda\u00a9HenriCoutant-NB-scaled.jpeg 1704w\" sizes=\"auto, (max-width: 333px) 100vw, 333px\" \/><\/figure><div class=\"wp-block-media-text__content\">\n<p class=\"has-small-font-size\" style=\"min-height:0px;line-height:1.4\">Rouda est n\u00e9 en 1976 \u00e0 Montreuil. Pionnier du mouvement slam dans les ann\u00e9es 2000, il a sorti plusieurs albums et multipli\u00e9 les collaborations, notamment avec Grand Corps Malade ou Oxmo Puccino. Depuis 20 ans, il sillonne l\u2019espace francophone au gr\u00e9 de ses concerts, de ses spectacles et des ateliers d\u2019\u00e9criture qu\u2019il anime r\u00e9guli\u00e8rement. Avec son collectif 129H, il a tenu jusqu\u2019en 2013 une chronique quotidienne dans la matinale du Mouv\u2019 (Radio France). Rouda a contribu\u00e9 \u00e0 plusieurs anthologies du slam et \u00e9labore des sc\u00e9narios pour la t\u00e9l\u00e9vision. Dans son premier roman Les mots nus, il dessinait un panorama de la France des ann\u00e9es 90 et 2000. Avec Les Jardins perdus, il continue de m\u00ealer le politique et l\u2019intime pour dresser un portrait de la France d\u2019aujourd\u2019hui.<\/p>\n<\/div><\/div>\n<\/div><\/div>\n\n\n\n<div style=\"height:45px\" aria-hidden=\"true\" class=\"wp-block-spacer\"><\/div>\n\n\n\n<div class=\"wp-block-group\"><div class=\"wp-block-group__inner-container is-layout-constrained wp-block-group-is-layout-constrained\">\n<div class=\"wp-block-media-text has-media-on-the-right is-stacked-on-mobile\" style=\"grid-template-columns:auto 29%\"><div class=\"wp-block-media-text__content\">\n<p style=\"font-size:12px;line-height:1.5\">Juillet 2023. Les Jardins perdus se remettent \u00e0 peine des \u00e9meutes qui ont secou\u00e9 la France. Au milieu des cendres et des barricades, la disparition de Martin Chevallier pourrait presque passer inaper\u00e7ue. Face \u00e0 l\u2019inaction de la police, seul son grand fr\u00e8re Zac s\u2019active pour le rechercher. Il esp\u00e8re de tout son c\u0153ur qu\u2019il s\u2019agit juste d\u2019une histoire d\u2019amour, d\u2019une passade. Mais dans le quartier, il sent les regards sur sa nuque et entend bruisser la rumeur : Martin aurait rejoint un groupuscule d\u2019extr\u00eame droite. Comment son petit fr\u00e8re, son meilleur ami, aurait-il pu passer de \u00abl\u2019autre c\u00f4t\u00e9 \u00bb ? Lui qui est si fier de sa banlieue, qui n\u2019a pas perdu son \u00e2me d\u2019enfant et passe des heures \u00e0 \u00e9crire dans sa chambre. Pour le retrouver, Zac emprunte le m\u00eame chemin que lui, quitte \u00e0 se perdre \u00e0 son tour dans la n\u00e9buleuse fasciste. Il ne pourra compter que sur ses souvenirs pour tenter de comprendre ce fr\u00e8re \u00e0 la d\u00e9rive.<br>Sur fond de fracture sociale, politique et familiale, Rouda compose une ode \u00e0 la fraternit\u00e9 port\u00e9e par sa plume rythm\u00e9e et po\u00e9tique.<\/p>\n<\/div><figure class=\"wp-block-media-text__media\"><img loading=\"lazy\" decoding=\"async\" width=\"333\" height=\"500\" src=\"https:\/\/unedunealapage.fr\/wp-content\/uploads\/2026\/03\/rouda_couv-333x500.jpeg\" alt=\"\" class=\"wp-image-2175 size-full\" srcset=\"https:\/\/unedunealapage.fr\/wp-content\/uploads\/2026\/03\/rouda_couv-333x500.jpeg 333w, https:\/\/unedunealapage.fr\/wp-content\/uploads\/2026\/03\/rouda_couv-100x150.jpeg 100w, https:\/\/unedunealapage.fr\/wp-content\/uploads\/2026\/03\/rouda_couv-768x1153.jpeg 768w, https:\/\/unedunealapage.fr\/wp-content\/uploads\/2026\/03\/rouda_couv-1023x1536.jpeg 1023w, https:\/\/unedunealapage.fr\/wp-content\/uploads\/2026\/03\/rouda_couv-1364x2048.jpeg 1364w, https:\/\/unedunealapage.fr\/wp-content\/uploads\/2026\/03\/rouda_couv.jpeg 1652w\" sizes=\"auto, (max-width: 333px) 100vw, 333px\" \/><\/figure><\/div>\n<\/div><\/div>\n\n\n\n<hr class=\"wp-block-separator has-alpha-channel-opacity\"\/>\n\n\n\n<div class=\"wp-block-group\"><div class=\"wp-block-group__inner-container is-layout-constrained wp-block-group-is-layout-constrained\">\n<div class=\"wp-block-columns is-layout-flex wp-container-core-columns-is-layout-9d6595d7 wp-block-columns-is-layout-flex\">\n<div class=\"wp-block-column is-layout-flow wp-block-column-is-layout-flow\">\n<p>Calendrier<\/p>\n\n\n\n<p class=\"has-small-font-size\">\ud83d\udcda <a href=\"https:\/\/unedunealapage.fr\/?tribe_events=rouda\" data-type=\"tribe_events\" data-id=\"2584\">Lecture musicale \ud83c\udfb6<br>et Rencontre litt\u00e9raire<\/a> <span class=\"wp-rich-text-font-awesome-icon wp-font-awesome-icon\"><svg aria-hidden=\"true\" focusable=\"false\" data-prefix=\"fas\" data-icon=\"share\" class=\"svg-inline--fa fa-share \" role=\"img\" xmlns=\"http:\/\/www.w3.org\/2000\/svg\" viewBox=\"0 0 512 512\"><path fill=\"currentColor\" d=\"M307.8 18.4c-12 5-19.8 16.6-19.8 29.6l0 80-112 0c-97.2 0-176 78.8-176 176 0 113.3 81.5 163.9 100.2 174.1 2.5 1.4 5.3 1.9 8.1 1.9 10.9 0 19.7-8.9 19.7-19.7 0-7.5-4.3-14.4-9.8-19.5-9.4-8.8-22.2-26.4-22.2-56.7 0-53 43-96 96-96l96 0 0 80c0 12.9 7.8 24.6 19.8 29.6s25.7 2.2 34.9-6.9l160-160c12.5-12.5 12.5-32.8 0-45.3l-160-160c-9.2-9.2-22.9-11.9-34.9-6.9z\"><\/path><\/svg><\/span><br>\ud83d\udcc5 Jeudi 14 mai \u23f0 18h30<br>\ud83d\udccdMaison de la Station<\/p>\n<\/div>\n\n\n\n<div class=\"wp-block-column is-layout-flow wp-block-column-is-layout-flow\">\n<p>Auteurs et Programme<\/p>\n\n\n\n<p class=\"has-small-font-size\"><span class=\"wp-rich-text-font-awesome-icon wp-font-awesome-icon\"><svg aria-hidden=\"true\" focusable=\"false\" data-prefix=\"fas\" data-icon=\"share\" class=\"svg-inline--fa fa-share \" role=\"img\" xmlns=\"http:\/\/www.w3.org\/2000\/svg\" viewBox=\"0 0 512 512\"><path fill=\"currentColor\" d=\"M307.8 18.4c-12 5-19.8 16.6-19.8 29.6l0 80-112 0c-97.2 0-176 78.8-176 176 0 113.3 81.5 163.9 100.2 174.1 2.5 1.4 5.3 1.9 8.1 1.9 10.9 0 19.7-8.9 19.7-19.7 0-7.5-4.3-14.4-9.8-19.5-9.4-8.8-22.2-26.4-22.2-56.7 0-53 43-96 96-96l96 0 0 80c0 12.9 7.8 24.6 19.8 29.6s25.7 2.2 34.9-6.9l160-160c12.5-12.5 12.5-32.8 0-45.3l-160-160c-9.2-9.2-22.9-11.9-34.9-6.9z\"><\/path><\/svg><\/span> <a href=\"https:\/\/unedunealapage.fr\/?page_id=2238\" data-type=\"page\" data-id=\"2238\">vers Liste des auteurs<\/a><br><span class=\"wp-rich-text-font-awesome-icon wp-font-awesome-icon\"><svg aria-hidden=\"true\" focusable=\"false\" data-prefix=\"fas\" data-icon=\"share\" class=\"svg-inline--fa fa-share \" role=\"img\" xmlns=\"http:\/\/www.w3.org\/2000\/svg\" viewBox=\"0 0 512 512\"><path fill=\"currentColor\" d=\"M307.8 18.4c-12 5-19.8 16.6-19.8 29.6l0 80-112 0c-97.2 0-176 78.8-176 176 0 113.3 81.5 163.9 100.2 174.1 2.5 1.4 5.3 1.9 8.1 1.9 10.9 0 19.7-8.9 19.7-19.7 0-7.5-4.3-14.4-9.8-19.5-9.4-8.8-22.2-26.4-22.2-56.7 0-53 43-96 96-96l96 0 0 80c0 12.9 7.8 24.6 19.8 29.6s25.7 2.2 34.9-6.9l160-160c12.5-12.5 12.5-32.8 0-45.3l-160-160c-9.2-9.2-22.9-11.9-34.9-6.9z\"><\/path><\/svg><\/span> <a href=\"https:\/\/unedunealapage.fr\/?page_id=1925\" data-type=\"page\" data-id=\"1925\">vers Programme<\/a><\/p>\n<\/div>\n<\/div>\n<\/div><\/div>\n\n\n\n<hr class=\"wp-block-separator has-alpha-channel-opacity\"\/>\n","protected":false},"excerpt":{"rendered":"<p>Rouda Rouda est n\u00e9 en 1976 \u00e0 Montreuil. Pionnier du mouvement slam dans les ann\u00e9es 2000, il a sorti plusieurs albums et multipli\u00e9 les collaborations, notamment avec Grand Corps Malade &hellip; <\/p>\n<p class=\"link-more\"><a href=\"https:\/\/unedunealapage.fr\/?page_id=2623\" class=\"more-link\">Continuer la lecture<span class=\"screen-reader-text\"> de &laquo;&nbsp;Page Rouda&nbsp;&raquo;<\/span><\/a><\/p>\n","protected":false},"author":1,"featured_media":0,"parent":0,"menu_order":0,"comment_status":"closed","ping_status":"closed","template":"","meta":{"_EventAllDay":false,"_EventTimezone":"","_EventStartDate":"","_EventEndDate":"","_EventStartDateUTC":"","_EventEndDateUTC":"","_EventShowMap":false,"_EventShowMapLink":false,"_EventURL":"","_EventCost":"","_EventCostDescription":"","_EventCurrencySymbol":"","_EventCurrencyCode":"","_EventCurrencyPosition":"","_EventDateTimeSeparator":"","_EventTimeRangeSeparator":"","_EventOrganizerID":[],"_EventVenueID":[],"_OrganizerEmail":"","_OrganizerPhone":"","_OrganizerWebsite":"","_VenueAddress":"","_VenueCity":"","_VenueCountry":"","_VenueProvince":"","_VenueState":"","_VenueZip":"","_VenuePhone":"","_VenueURL":"","_VenueStateProvince":"","_VenueLat":"","_VenueLng":"","_VenueShowMap":false,"_VenueShowMapLink":false,"footnotes":""},"class_list":["post-2623","page","type-page","status-publish","hentry"],"_links":{"self":[{"href":"https:\/\/unedunealapage.fr\/index.php?rest_route=\/wp\/v2\/pages\/2623","targetHints":{"allow":["GET"]}}],"collection":[{"href":"https:\/\/unedunealapage.fr\/index.php?rest_route=\/wp\/v2\/pages"}],"about":[{"href":"https:\/\/unedunealapage.fr\/index.php?rest_route=\/wp\/v2\/types\/page"}],"author":[{"embeddable":true,"href":"https:\/\/unedunealapage.fr\/index.php?rest_route=\/wp\/v2\/users\/1"}],"replies":[{"embeddable":true,"href":"https:\/\/unedunealapage.fr\/index.php?rest_route=%2Fwp%2Fv2%2Fcomments&post=2623"}],"version-history":[{"count":4,"href":"https:\/\/unedunealapage.fr\/index.php?rest_route=\/wp\/v2\/pages\/2623\/revisions"}],"predecessor-version":[{"id":3724,"href":"https:\/\/unedunealapage.fr\/index.php?rest_route=\/wp\/v2\/pages\/2623\/revisions\/3724"}],"wp:attachment":[{"href":"https:\/\/unedunealapage.fr\/index.php?rest_route=%2Fwp%2Fv2%2Fmedia&parent=2623"}],"curies":[{"name":"wp","href":"https:\/\/api.w.org\/{rel}","templated":true}]}}