{"id":2874,"date":"2026-03-14T12:33:46","date_gmt":"2026-03-14T11:33:46","guid":{"rendered":"https:\/\/unedunealapage.fr\/?page_id=2874"},"modified":"2026-04-07T15:56:30","modified_gmt":"2026-04-07T13:56:30","slug":"page-emmanuel-de-fontainieu","status":"publish","type":"page","link":"https:\/\/unedunealapage.fr\/?page_id=2874","title":{"rendered":"Page Emmanuel de Fontainieu"},"content":{"rendered":"\n<h1 class=\"wp-block-heading has-luminous-vivid-orange-color has-text-color has-link-color wp-elements-550447803a48dba3e6786fa0fb4d31a1\">Emmanuel de Fontainieu<\/h1>\n\n\n\n<div class=\"wp-block-group\"><div class=\"wp-block-group__inner-container is-layout-constrained wp-block-group-is-layout-constrained\">\n<div class=\"wp-block-media-text is-stacked-on-mobile\" style=\"padding-top:0;padding-bottom:0;grid-template-columns:29% auto\"><figure class=\"wp-block-media-text__media\"><img decoding=\"async\" src=\"https:\/\/unedunealapage.fr\/wp-content\/uploads\/2026\/03\/emmanuel-de-fontainieu.-Photo-Xavier-Leoty.jpg\" alt=\"\" class=\"wp-image-2788 size-large\"\/><\/figure><div class=\"wp-block-media-text__content\">\n<p class=\"has-superbfont-tiny-font-size\" style=\"min-height:0px;line-height:1.4\">Normalien, agr\u00e9g\u00e9 des sciences sociales, officier de Marine de r\u00e9serve. &#8211; Dirige depuis 1993 le Centre international de la mer \u00e0 la Corderie Royale de Rochefort<\/p>\n<\/div><\/div>\n<\/div><\/div>\n\n\n\n<div class=\"wp-block-group\"><div class=\"wp-block-group__inner-container is-layout-constrained wp-block-group-is-layout-constrained\">\n<div class=\"wp-block-media-text has-media-on-the-right is-stacked-on-mobile\" style=\"grid-template-columns:auto 36%\"><div class=\"wp-block-media-text__content\">\n<p style=\"font-size:12px;line-height:1.5\">Des cartes, des bateaux, des vents, des courants, des vagues, des poissons, des oiseaux et des Hommes&#8230;&nbsp;<br><strong>ATLANTIQUE<\/strong>&nbsp;\u00e9dit\u00e9 par les \u00c9ditions&nbsp;<strong>SUD OUEST,&nbsp;<\/strong>est un livre vaste, ambitieux qui raconte en mots, photographies et dessins&nbsp;<strong>L&rsquo;OCEAN,&nbsp;<\/strong>celui d&rsquo;hier et celui d&rsquo;aujourd&rsquo;hui.&nbsp;<br><strong>Au c\u0153ur de l&rsquo;ann\u00e9e de la Mer et au seuil du Trait\u00e9 sur la protection&nbsp;de la haute mer ratifi\u00e9 par plus de soixante pays,<\/strong>&nbsp;<strong>ATLANTIQUE<\/strong>,&nbsp; plus que jamais, est un ouvrage d&rsquo;actualit\u00e9.&nbsp;<br>Pour r\u00e9pondre pleinement aux questions et illustrer avec justesse toute la complexit\u00e9 et la beaut\u00e9 de l&rsquo;Oc\u00e9an,&nbsp;<strong>les \u00c9ditions Sud Ouest, sous la direction d&rsquo;Emmanuel de Fontainieu (Directeur du centre international de la mer \u00e0 la Corderie Royale de Rochefort),&nbsp;<\/strong>ont choisi de s&rsquo;entourer de nombreux contributeurs pour porter ce grand projet.&nbsp;<br>Des \u00e9crivains comme&nbsp;<strong>Erik Orsenna ou Olivier Poivre d&rsquo;Arvor,&nbsp;<\/strong>mais aussi des journalistes, navigateurs, anthropologues, sociologues, photographes, peintres et amoureux de l&rsquo;Oc\u00e9an, des oc\u00e9ans, ont accept\u00e9 de participer au voyage.<br>Textes, photographies et remarquables illustrations de&nbsp;<strong>Marie Detr\u00e9e (Peintre officiel de la Marine)<\/strong>, Atlantique est un vibrant hommage \u00e0 l&rsquo;oc\u00e9an<\/p>\n<\/div><figure class=\"wp-block-media-text__media\"><img loading=\"lazy\" decoding=\"async\" width=\"414\" height=\"500\" src=\"https:\/\/unedunealapage.fr\/wp-content\/uploads\/2026\/03\/COUV-ATLANTIQUE-1-414x500.jpg\" alt=\"\" class=\"wp-image-2875 size-full\" srcset=\"https:\/\/unedunealapage.fr\/wp-content\/uploads\/2026\/03\/COUV-ATLANTIQUE-1-414x500.jpg 414w, https:\/\/unedunealapage.fr\/wp-content\/uploads\/2026\/03\/COUV-ATLANTIQUE-1-124x150.jpg 124w, https:\/\/unedunealapage.fr\/wp-content\/uploads\/2026\/03\/COUV-ATLANTIQUE-1-768x928.jpg 768w, https:\/\/unedunealapage.fr\/wp-content\/uploads\/2026\/03\/COUV-ATLANTIQUE-1-1272x1536.jpg 1272w, https:\/\/unedunealapage.fr\/wp-content\/uploads\/2026\/03\/COUV-ATLANTIQUE-1-1696x2048.jpg 1696w\" sizes=\"auto, (max-width: 414px) 100vw, 414px\" \/><\/figure><\/div>\n<\/div><\/div>\n\n\n\n<hr class=\"wp-block-separator has-alpha-channel-opacity\"\/>\n\n\n\n<div class=\"wp-block-group\"><div class=\"wp-block-group__inner-container is-layout-constrained wp-block-group-is-layout-constrained\">\n<div class=\"wp-block-columns is-layout-flex wp-container-core-columns-is-layout-9d6595d7 wp-block-columns-is-layout-flex\">\n<div class=\"wp-block-column is-layout-flow wp-block-column-is-layout-flow\">\n<p>Calendrier<\/p>\n\n\n\n<p class=\"has-small-font-size\">\ud83d\udcda<a href=\"https:\/\/unedunealapage.fr\/?tribe_events=une-soiree-avec-camille-laurens\" data-type=\"tribe_events\" data-id=\"2597\"><\/a><a href=\"https:\/\/unedunealapage.fr\/?tribe_events=les-oceans\" data-type=\"tribe_events\" data-id=\"2682\">Table ronde Les Oc\u00e9ans<\/a> <span class=\"wp-rich-text-font-awesome-icon wp-font-awesome-icon\"><svg aria-hidden=\"true\" focusable=\"false\" data-prefix=\"fas\" data-icon=\"share\" class=\"svg-inline--fa fa-share \" role=\"img\" xmlns=\"http:\/\/www.w3.org\/2000\/svg\" viewBox=\"0 0 512 512\"><path fill=\"currentColor\" d=\"M307.8 18.4c-12 5-19.8 16.6-19.8 29.6l0 80-112 0c-97.2 0-176 78.8-176 176 0 113.3 81.5 163.9 100.2 174.1 2.5 1.4 5.3 1.9 8.1 1.9 10.9 0 19.7-8.9 19.7-19.7 0-7.5-4.3-14.4-9.8-19.5-9.4-8.8-22.2-26.4-22.2-56.7 0-53 43-96 96-96l96 0 0 80c0 12.9 7.8 24.6 19.8 29.6s25.7 2.2 34.9-6.9l160-160c12.5-12.5 12.5-32.8 0-45.3l-160-160c-9.2-9.2-22.9-11.9-34.9-6.9z\"><\/path><\/svg><\/span><br>\ud83d\udcc5 Samedi 16 mai \u23f0 18h30<br>\ud83d\udccdSalle Marie Madeleine<\/p>\n<\/div>\n\n\n\n<div class=\"wp-block-column is-layout-flow wp-block-column-is-layout-flow\">\n<p>Auteurs et Programme<\/p>\n\n\n\n<p class=\"has-small-font-size\"><span class=\"wp-rich-text-font-awesome-icon wp-font-awesome-icon\"><svg aria-hidden=\"true\" focusable=\"false\" data-prefix=\"fas\" data-icon=\"share\" class=\"svg-inline--fa fa-share \" role=\"img\" xmlns=\"http:\/\/www.w3.org\/2000\/svg\" viewBox=\"0 0 512 512\"><path fill=\"currentColor\" d=\"M307.8 18.4c-12 5-19.8 16.6-19.8 29.6l0 80-112 0c-97.2 0-176 78.8-176 176 0 113.3 81.5 163.9 100.2 174.1 2.5 1.4 5.3 1.9 8.1 1.9 10.9 0 19.7-8.9 19.7-19.7 0-7.5-4.3-14.4-9.8-19.5-9.4-8.8-22.2-26.4-22.2-56.7 0-53 43-96 96-96l96 0 0 80c0 12.9 7.8 24.6 19.8 29.6s25.7 2.2 34.9-6.9l160-160c12.5-12.5 12.5-32.8 0-45.3l-160-160c-9.2-9.2-22.9-11.9-34.9-6.9z\"><\/path><\/svg><\/span> <a href=\"https:\/\/unedunealapage.fr\/?page_id=2238\" data-type=\"page\" data-id=\"2238\">vers Liste des auteurs<\/a><br><span class=\"wp-rich-text-font-awesome-icon wp-font-awesome-icon\"><svg aria-hidden=\"true\" focusable=\"false\" data-prefix=\"fas\" data-icon=\"share\" class=\"svg-inline--fa fa-share \" role=\"img\" xmlns=\"http:\/\/www.w3.org\/2000\/svg\" viewBox=\"0 0 512 512\"><path fill=\"currentColor\" d=\"M307.8 18.4c-12 5-19.8 16.6-19.8 29.6l0 80-112 0c-97.2 0-176 78.8-176 176 0 113.3 81.5 163.9 100.2 174.1 2.5 1.4 5.3 1.9 8.1 1.9 10.9 0 19.7-8.9 19.7-19.7 0-7.5-4.3-14.4-9.8-19.5-9.4-8.8-22.2-26.4-22.2-56.7 0-53 43-96 96-96l96 0 0 80c0 12.9 7.8 24.6 19.8 29.6s25.7 2.2 34.9-6.9l160-160c12.5-12.5 12.5-32.8 0-45.3l-160-160c-9.2-9.2-22.9-11.9-34.9-6.9z\"><\/path><\/svg><\/span> <a href=\"https:\/\/unedunealapage.fr\/?page_id=1925\" data-type=\"page\" data-id=\"1925\">vers Programme<\/a><\/p>\n<\/div>\n<\/div>\n<\/div><\/div>\n","protected":false},"excerpt":{"rendered":"<p>Emmanuel de Fontainieu Normalien, agr\u00e9g\u00e9 des sciences sociales, officier de Marine de r\u00e9serve. &#8211; Dirige depuis 1993 le Centre international de la mer \u00e0 la Corderie Royale de Rochefort Des &hellip; <\/p>\n<p class=\"link-more\"><a href=\"https:\/\/unedunealapage.fr\/?page_id=2874\" class=\"more-link\">Continuer la lecture<span class=\"screen-reader-text\"> de &laquo;&nbsp;Page Emmanuel de Fontainieu&nbsp;&raquo;<\/span><\/a><\/p>\n","protected":false},"author":1,"featured_media":0,"parent":0,"menu_order":0,"comment_status":"closed","ping_status":"closed","template":"","meta":{"_EventAllDay":false,"_EventTimezone":"","_EventStartDate":"","_EventEndDate":"","_EventStartDateUTC":"","_EventEndDateUTC":"","_EventShowMap":false,"_EventShowMapLink":false,"_EventURL":"","_EventCost":"","_EventCostDescription":"","_EventCurrencySymbol":"","_EventCurrencyCode":"","_EventCurrencyPosition":"","_EventDateTimeSeparator":"","_EventTimeRangeSeparator":"","_EventOrganizerID":[],"_EventVenueID":[],"_OrganizerEmail":"","_OrganizerPhone":"","_OrganizerWebsite":"","_VenueAddress":"","_VenueCity":"","_VenueCountry":"","_VenueProvince":"","_VenueState":"","_VenueZip":"","_VenuePhone":"","_VenueURL":"","_VenueStateProvince":"","_VenueLat":"","_VenueLng":"","_VenueShowMap":false,"_VenueShowMapLink":false,"footnotes":""},"class_list":["post-2874","page","type-page","status-publish","hentry"],"_links":{"self":[{"href":"https:\/\/unedunealapage.fr\/index.php?rest_route=\/wp\/v2\/pages\/2874","targetHints":{"allow":["GET"]}}],"collection":[{"href":"https:\/\/unedunealapage.fr\/index.php?rest_route=\/wp\/v2\/pages"}],"about":[{"href":"https:\/\/unedunealapage.fr\/index.php?rest_route=\/wp\/v2\/types\/page"}],"author":[{"embeddable":true,"href":"https:\/\/unedunealapage.fr\/index.php?rest_route=\/wp\/v2\/users\/1"}],"replies":[{"embeddable":true,"href":"https:\/\/unedunealapage.fr\/index.php?rest_route=%2Fwp%2Fv2%2Fcomments&post=2874"}],"version-history":[{"count":5,"href":"https:\/\/unedunealapage.fr\/index.php?rest_route=\/wp\/v2\/pages\/2874\/revisions"}],"predecessor-version":[{"id":3799,"href":"https:\/\/unedunealapage.fr\/index.php?rest_route=\/wp\/v2\/pages\/2874\/revisions\/3799"}],"wp:attachment":[{"href":"https:\/\/unedunealapage.fr\/index.php?rest_route=%2Fwp%2Fv2%2Fmedia&parent=2874"}],"curies":[{"name":"wp","href":"https:\/\/api.w.org\/{rel}","templated":true}]}}