{"id":2881,"date":"2026-03-14T14:26:37","date_gmt":"2026-03-14T13:26:37","guid":{"rendered":"https:\/\/unedunealapage.fr\/?page_id=2881"},"modified":"2026-04-07T15:49:58","modified_gmt":"2026-04-07T13:49:58","slug":"page-jean-didier-urbain","status":"publish","type":"page","link":"https:\/\/unedunealapage.fr\/?page_id=2881","title":{"rendered":"Page Jean-Didier Urbain"},"content":{"rendered":"\n<div class=\"wp-block-group\"><div class=\"wp-block-group__inner-container is-layout-constrained wp-block-group-is-layout-constrained\">\n<h1 class=\"wp-block-heading has-luminous-vivid-orange-color has-text-color has-link-color wp-elements-1da47145929c5cb2a27696172f35f242\">Jean-Didier Urbain<\/h1>\n\n\n\n<div class=\"wp-block-group\"><div class=\"wp-block-group__inner-container is-layout-constrained wp-block-group-is-layout-constrained\">\n<div class=\"wp-block-media-text is-stacked-on-mobile\" style=\"padding-top:0;padding-bottom:0;grid-template-columns:25% auto\"><figure class=\"wp-block-media-text__media\"><img decoding=\"async\" src=\"https:\/\/unedunealapage.fr\/wp-content\/uploads\/2026\/03\/Urbain-NB_DR.jpg\" alt=\"\" class=\"wp-image-3249 size-large\"\/><\/figure><div class=\"wp-block-media-text__content\">\n<p class=\"has-small-font-size\" style=\"min-height:0px;line-height:1.4\">Jean-Didier Urbain est un ethnologue fran\u00e7ais, sp\u00e9cialiste du tourisme. Il est notamment l\u2019auteur de&nbsp;<em>Au soleil. Naissance de la M\u00e9diterran\u00e9e estivale<\/em>&nbsp;(Payot, 2014),&nbsp;<em>L\u2019Envie du monde<\/em>&nbsp;(\u00c9ditions Br\u00e9al, 2011),&nbsp;<em>Le voyage \u00e9tait presque parfait. Essai sur les voyages rat\u00e9s<\/em>&nbsp;(Payot, 2008),&nbsp;<em>Secrets de voyages. Menteurs, imposteurs et autres voyageurs impossibles<\/em>(Petite Biblioth\u00e8que Payot, 2003).<\/p>\n<\/div><\/div>\n<\/div><\/div>\n\n\n\n<hr class=\"wp-block-separator has-alpha-channel-opacity\"\/>\n\n\n\n<div class=\"wp-block-group\"><div class=\"wp-block-group__inner-container is-layout-constrained wp-block-group-is-layout-constrained\">\n<div class=\"wp-block-media-text is-stacked-on-mobile\" style=\"grid-template-columns:33% auto\"><figure class=\"wp-block-media-text__media\"><img loading=\"lazy\" decoding=\"async\" width=\"386\" height=\"500\" src=\"https:\/\/unedunealapage.fr\/wp-content\/uploads\/2026\/03\/couv_affiches-386x500.jpg\" alt=\"\" class=\"wp-image-2884 size-full\" srcset=\"https:\/\/unedunealapage.fr\/wp-content\/uploads\/2026\/03\/couv_affiches-386x500.jpg 386w, https:\/\/unedunealapage.fr\/wp-content\/uploads\/2026\/03\/couv_affiches-116x150.jpg 116w, https:\/\/unedunealapage.fr\/wp-content\/uploads\/2026\/03\/couv_affiches.jpg 463w\" sizes=\"auto, (max-width: 386px) 100vw, 386px\" \/><\/figure><div class=\"wp-block-media-text__content\">\n<p class=\"has-small-font-size\" style=\"line-height:1.5\"><strong>Une promenade touristique en affiches ferroviaires et photos anciennes dans la France de la Belle \u00c9poque<\/strong><\/p>\n\n\n\n<p class=\"has-small-font-size\" style=\"line-height:1.5\">\u00c0 l\u2019heure o\u00f9 nous prenons plaisir \u00e0 (re)d\u00e9couvrir la beaut\u00e9 de nos r\u00e9gions, que diriez-vous d\u2019une promenade touristique hexagonale en train, avant l\u2019invention des cong\u00e9s pay\u00e9s ? C\u2019est ce que nous propose Jean-Didier Urbain, \u00e0 partir d\u2019un choix d\u2019affiches ferroviaires sign\u00e9es de grands illustrateurs de l\u2019\u00e9poque (Alfons Mucha, F. Hugo d\u2019Al\u00e9si, G\u00e9o Dorival, Constant Duval, Charles-Jean Hallo ou Roger Broders) et de photographies anciennes de vacances.<br>Stations baln\u00e9aires, stations de ski, ch\u00e2teaux, \u00e9difi ces religieux, villes thermales\u2026 c\u2019est toute la richesse et la diversit\u00e9 de la France et de ses r\u00e9gions qui nous est ici offerte.<\/p>\n<\/div><\/div>\n<\/div><\/div>\n\n\n\n<hr class=\"wp-block-separator has-alpha-channel-opacity\"\/>\n\n\n\n<div class=\"wp-block-media-text has-media-on-the-right is-stacked-on-mobile\" style=\"grid-template-columns:auto 34%\"><div class=\"wp-block-media-text__content\">\n<p class=\"has-small-font-size\"><strong>Jean-Didier Urbain d\u00e9crypte nos fa\u00e7ons de voyager dans un monde en qu\u00eate de sens.<\/strong><\/p>\n\n\n\n<p class=\"has-small-font-size\">\u00ab\u00a0Nous bougeons tous. Mobiles, nous nous d\u00e9pla\u00e7ons et circulons sans cesse. \u00catre anim\u00e9 est par d\u00e9finition le propre de l&rsquo;animal humain comme de ses semblables. Mais voyager, c&rsquo;est autre chose&#8230;\u00a0\u00bb<br>Qu&rsquo;est-ce que vos voyages disent de vous ? On a tendance \u00e0 r\u00e9duire la question de la mobilit\u00e9 \u00e0 celle des \u00ab\u00a0flux\u00a0\u00bb, mais il y a bien d&rsquo;autres mobilit\u00e9s, avec des origines, des buts. Quand on \u00e9voque la mobilit\u00e9 li\u00e9e aux loisirs, on l&rsquo;associe tout de suite au tourisme, alors que dans la plupart des cas, les deux n&rsquo;ont rien \u00e0 voir. Un voyage \u00e0 l&rsquo;\u00e9tranger, m\u00eame hors du cadre du travail, n&rsquo;a pas forc\u00e9ment une vocation touristique. On nie les rosons et imaginaires qui ont pr\u00e9c\u00e9d\u00e9 l&rsquo;existence du d\u00e9placement. Le voyage en dit beaucoup sur nous, nos habitudes, nos existences. Il convient d&rsquo;\u00eatre \u00e9tudi\u00e9 et analys\u00e9 pour ce qu&rsquo;il est, et non pas comme un simple crit\u00e8re accol\u00e9 au tourisme. Une analyse fine et d\u00e9taill\u00e9e du voyage par un sp\u00e9cialiste de la mobilit\u00e9, toujours \u00e0 l&rsquo;\u00e9coute des questionnements actuels.<\/p>\n<\/div><figure class=\"wp-block-media-text__media\"><img loading=\"lazy\" decoding=\"async\" width=\"318\" height=\"500\" src=\"https:\/\/unedunealapage.fr\/wp-content\/uploads\/2026\/03\/6352-Urbain-Comment-les-voyages-parlent-de-nous-2-318x500.jpg\" alt=\"\" class=\"wp-image-3258 size-full\" srcset=\"https:\/\/unedunealapage.fr\/wp-content\/uploads\/2026\/03\/6352-Urbain-Comment-les-voyages-parlent-de-nous-2-318x500.jpg 318w, https:\/\/unedunealapage.fr\/wp-content\/uploads\/2026\/03\/6352-Urbain-Comment-les-voyages-parlent-de-nous-2-95x150.jpg 95w, https:\/\/unedunealapage.fr\/wp-content\/uploads\/2026\/03\/6352-Urbain-Comment-les-voyages-parlent-de-nous-2-768x1206.jpg 768w, https:\/\/unedunealapage.fr\/wp-content\/uploads\/2026\/03\/6352-Urbain-Comment-les-voyages-parlent-de-nous-2-978x1536.jpg 978w, https:\/\/unedunealapage.fr\/wp-content\/uploads\/2026\/03\/6352-Urbain-Comment-les-voyages-parlent-de-nous-2-1304x2048.jpg 1304w, https:\/\/unedunealapage.fr\/wp-content\/uploads\/2026\/03\/6352-Urbain-Comment-les-voyages-parlent-de-nous-2-scaled.jpg 1630w\" sizes=\"auto, (max-width: 318px) 100vw, 318px\" \/><\/figure><\/div>\n\n\n\n<hr class=\"wp-block-separator has-alpha-channel-opacity\"\/>\n\n\n\n<div class=\"wp-block-group\"><div class=\"wp-block-group__inner-container is-layout-constrained wp-block-group-is-layout-constrained\">\n<div class=\"wp-block-media-text is-stacked-on-mobile\" style=\"grid-template-columns:28% auto\"><figure class=\"wp-block-media-text__media\"><img loading=\"lazy\" decoding=\"async\" width=\"220\" height=\"341\" src=\"https:\/\/unedunealapage.fr\/wp-content\/uploads\/2026\/03\/couv_sur_la_plage_payot.jpg\" alt=\"\" class=\"wp-image-2883 size-full\" srcset=\"https:\/\/unedunealapage.fr\/wp-content\/uploads\/2026\/03\/couv_sur_la_plage_payot.jpg 220w, https:\/\/unedunealapage.fr\/wp-content\/uploads\/2026\/03\/couv_sur_la_plage_payot-97x150.jpg 97w\" sizes=\"auto, (max-width: 220px) 100vw, 220px\" \/><\/figure><div class=\"wp-block-media-text__content\">\n<p class=\"has-small-font-size\" style=\"line-height:1.5\"><strong>La plage ? <\/strong><br>Depuis le XIXe si\u00e8cle, o\u00f9 le bord de mer est devenu une destination de loisirs, on n\u2019y cherche surtout pas l\u2019aventure ou la d\u00e9couverte, mais du calme, de l\u2019entre-soi, une parenth\u00e8se. M\u00eame \u00e0 l\u2019autre bout du monde. Et ce n\u2019est pas le moindre des paradoxes de cette langue de sable toujours plus investie (n\u2019en d\u00e9plaise au tourisme vert ou culturel) qu\u2019aller \u00e0 la plage c\u2019est se d\u00e9placer pour ne plus bouger ! On s\u2019y r\u00e9fugie. Pourquoi ? Et que se joue-t-il de si important en ce lieu vide qui se repeuple le temps d\u2019un \u00e9t\u00e9, d\u2019une vacance ? Que nous dit la plage de notre soci\u00e9t\u00e9 ?<\/p>\n<\/div><\/div>\n<\/div><\/div>\n<\/div><\/div>\n\n\n\n<hr class=\"wp-block-separator has-alpha-channel-opacity\"\/>\n\n\n\n<div class=\"wp-block-group\"><div class=\"wp-block-group__inner-container is-layout-constrained wp-block-group-is-layout-constrained\">\n<div class=\"wp-block-columns is-layout-flex wp-container-core-columns-is-layout-9d6595d7 wp-block-columns-is-layout-flex\">\n<div class=\"wp-block-column is-layout-flow wp-block-column-is-layout-flow\">\n<p>Calendrier<\/p>\n\n\n\n<p class=\"has-small-font-size\">\ud83c\udfa5 \ud83d\udcda <a href=\"https:\/\/unedunealapage.fr\/?tribe_events=lodyssee-des-plages\" data-type=\"tribe_events\" data-id=\"2678\">Projection et Table ronde<br>Plage &amp; Oc\u00e9an<\/a> <span class=\"wp-rich-text-font-awesome-icon wp-font-awesome-icon\"><svg aria-hidden=\"true\" focusable=\"false\" data-prefix=\"fas\" data-icon=\"share\" class=\"svg-inline--fa fa-share \" role=\"img\" xmlns=\"http:\/\/www.w3.org\/2000\/svg\" viewBox=\"0 0 512 512\"><path fill=\"currentColor\" d=\"M307.8 18.4c-12 5-19.8 16.6-19.8 29.6l0 80-112 0c-97.2 0-176 78.8-176 176 0 113.3 81.5 163.9 100.2 174.1 2.5 1.4 5.3 1.9 8.1 1.9 10.9 0 19.7-8.9 19.7-19.7 0-7.5-4.3-14.4-9.8-19.5-9.4-8.8-22.2-26.4-22.2-56.7 0-53 43-96 96-96l96 0 0 80c0 12.9 7.8 24.6 19.8 29.6s25.7 2.2 34.9-6.9l160-160c12.5-12.5 12.5-32.8 0-45.3l-160-160c-9.2-9.2-22.9-11.9-34.9-6.9z\"><\/path><\/svg><\/span><br>\ud83d\udcc5 Samedi 16 mai \u23f0 17h30<br>\ud83d\udccdSalle Marie Madeleine<\/p>\n<\/div>\n\n\n\n<div class=\"wp-block-column is-layout-flow wp-block-column-is-layout-flow\">\n<p>Auteurs et Programme<\/p>\n\n\n\n<p class=\"has-small-font-size\"><span class=\"wp-rich-text-font-awesome-icon wp-font-awesome-icon\"><svg aria-hidden=\"true\" focusable=\"false\" data-prefix=\"fas\" data-icon=\"share\" class=\"svg-inline--fa fa-share \" role=\"img\" xmlns=\"http:\/\/www.w3.org\/2000\/svg\" viewBox=\"0 0 512 512\"><path fill=\"currentColor\" d=\"M307.8 18.4c-12 5-19.8 16.6-19.8 29.6l0 80-112 0c-97.2 0-176 78.8-176 176 0 113.3 81.5 163.9 100.2 174.1 2.5 1.4 5.3 1.9 8.1 1.9 10.9 0 19.7-8.9 19.7-19.7 0-7.5-4.3-14.4-9.8-19.5-9.4-8.8-22.2-26.4-22.2-56.7 0-53 43-96 96-96l96 0 0 80c0 12.9 7.8 24.6 19.8 29.6s25.7 2.2 34.9-6.9l160-160c12.5-12.5 12.5-32.8 0-45.3l-160-160c-9.2-9.2-22.9-11.9-34.9-6.9z\"><\/path><\/svg><\/span> <a href=\"https:\/\/unedunealapage.fr\/?page_id=2238\" data-type=\"page\" data-id=\"2238\">vers Liste des auteurs<\/a><br><span class=\"wp-rich-text-font-awesome-icon wp-font-awesome-icon\"><svg aria-hidden=\"true\" focusable=\"false\" data-prefix=\"fas\" data-icon=\"share\" class=\"svg-inline--fa fa-share \" role=\"img\" xmlns=\"http:\/\/www.w3.org\/2000\/svg\" viewBox=\"0 0 512 512\"><path fill=\"currentColor\" d=\"M307.8 18.4c-12 5-19.8 16.6-19.8 29.6l0 80-112 0c-97.2 0-176 78.8-176 176 0 113.3 81.5 163.9 100.2 174.1 2.5 1.4 5.3 1.9 8.1 1.9 10.9 0 19.7-8.9 19.7-19.7 0-7.5-4.3-14.4-9.8-19.5-9.4-8.8-22.2-26.4-22.2-56.7 0-53 43-96 96-96l96 0 0 80c0 12.9 7.8 24.6 19.8 29.6s25.7 2.2 34.9-6.9l160-160c12.5-12.5 12.5-32.8 0-45.3l-160-160c-9.2-9.2-22.9-11.9-34.9-6.9z\"><\/path><\/svg><\/span> <a href=\"https:\/\/unedunealapage.fr\/?page_id=1925\" data-type=\"page\" data-id=\"1925\">vers Programme<\/a><\/p>\n<\/div>\n<\/div>\n<\/div><\/div>\n","protected":false},"excerpt":{"rendered":"<p>Jean-Didier Urbain Jean-Didier Urbain est un ethnologue fran\u00e7ais, sp\u00e9cialiste du tourisme. Il est notamment l\u2019auteur de&nbsp;Au soleil. Naissance de la M\u00e9diterran\u00e9e estivale&nbsp;(Payot, 2014),&nbsp;L\u2019Envie du monde&nbsp;(\u00c9ditions Br\u00e9al, 2011),&nbsp;Le voyage \u00e9tait presque &hellip; <\/p>\n<p class=\"link-more\"><a href=\"https:\/\/unedunealapage.fr\/?page_id=2881\" class=\"more-link\">Continuer la lecture<span class=\"screen-reader-text\"> de &laquo;&nbsp;Page Jean-Didier Urbain&nbsp;&raquo;<\/span><\/a><\/p>\n","protected":false},"author":1,"featured_media":0,"parent":0,"menu_order":0,"comment_status":"closed","ping_status":"closed","template":"","meta":{"_EventAllDay":false,"_EventTimezone":"","_EventStartDate":"","_EventEndDate":"","_EventStartDateUTC":"","_EventEndDateUTC":"","_EventShowMap":false,"_EventShowMapLink":false,"_EventURL":"","_EventCost":"","_EventCostDescription":"","_EventCurrencySymbol":"","_EventCurrencyCode":"","_EventCurrencyPosition":"","_EventDateTimeSeparator":"","_EventTimeRangeSeparator":"","_EventOrganizerID":[],"_EventVenueID":[],"_OrganizerEmail":"","_OrganizerPhone":"","_OrganizerWebsite":"","_VenueAddress":"","_VenueCity":"","_VenueCountry":"","_VenueProvince":"","_VenueState":"","_VenueZip":"","_VenuePhone":"","_VenueURL":"","_VenueStateProvince":"","_VenueLat":"","_VenueLng":"","_VenueShowMap":false,"_VenueShowMapLink":false,"footnotes":""},"class_list":["post-2881","page","type-page","status-publish","hentry"],"_links":{"self":[{"href":"https:\/\/unedunealapage.fr\/index.php?rest_route=\/wp\/v2\/pages\/2881","targetHints":{"allow":["GET"]}}],"collection":[{"href":"https:\/\/unedunealapage.fr\/index.php?rest_route=\/wp\/v2\/pages"}],"about":[{"href":"https:\/\/unedunealapage.fr\/index.php?rest_route=\/wp\/v2\/types\/page"}],"author":[{"embeddable":true,"href":"https:\/\/unedunealapage.fr\/index.php?rest_route=\/wp\/v2\/users\/1"}],"replies":[{"embeddable":true,"href":"https:\/\/unedunealapage.fr\/index.php?rest_route=%2Fwp%2Fv2%2Fcomments&post=2881"}],"version-history":[{"count":9,"href":"https:\/\/unedunealapage.fr\/index.php?rest_route=\/wp\/v2\/pages\/2881\/revisions"}],"predecessor-version":[{"id":3789,"href":"https:\/\/unedunealapage.fr\/index.php?rest_route=\/wp\/v2\/pages\/2881\/revisions\/3789"}],"wp:attachment":[{"href":"https:\/\/unedunealapage.fr\/index.php?rest_route=%2Fwp%2Fv2%2Fmedia&parent=2881"}],"curies":[{"name":"wp","href":"https:\/\/api.w.org\/{rel}","templated":true}]}}