{"id":2938,"date":"2026-03-14T16:25:03","date_gmt":"2026-03-14T15:25:03","guid":{"rendered":"https:\/\/unedunealapage.fr\/?page_id=2938"},"modified":"2026-04-08T16:09:06","modified_gmt":"2026-04-08T14:09:06","slug":"page-sophie-avon","status":"publish","type":"page","link":"https:\/\/unedunealapage.fr\/?page_id=2938","title":{"rendered":"Page Sophie Avon"},"content":{"rendered":"\n<div class=\"wp-block-group\"><div class=\"wp-block-group__inner-container is-layout-constrained wp-block-group-is-layout-constrained\">\n<h1 class=\"wp-block-heading has-luminous-vivid-orange-color has-text-color has-link-color wp-elements-93b2d4767224f9220cdea0c09469abf3\">Sophie Avon<\/h1>\n\n\n\n<div class=\"wp-block-group\"><div class=\"wp-block-group__inner-container is-layout-constrained wp-block-group-is-layout-constrained\">\n<div class=\"wp-block-group\"><div class=\"wp-block-group__inner-container is-layout-constrained wp-block-group-is-layout-constrained\">\n<div class=\"wp-block-media-text is-stacked-on-mobile\" style=\"padding-top:0;padding-bottom:0;grid-template-columns:48% auto\"><figure class=\"wp-block-media-text__media\"><img loading=\"lazy\" decoding=\"async\" width=\"500\" height=\"333\" src=\"https:\/\/unedunealapage.fr\/wp-content\/uploads\/2026\/03\/Sophie_Avon_2025\u00a9Gallimard_photo_Francesca_M-antovani_87A9803_20X30-500x333.jpg\" alt=\"\" class=\"wp-image-2257 size-large\" srcset=\"https:\/\/unedunealapage.fr\/wp-content\/uploads\/2026\/03\/Sophie_Avon_2025\u00a9Gallimard_photo_Francesca_M-antovani_87A9803_20X30-500x333.jpg 500w, https:\/\/unedunealapage.fr\/wp-content\/uploads\/2026\/03\/Sophie_Avon_2025\u00a9Gallimard_photo_Francesca_M-antovani_87A9803_20X30-150x100.jpg 150w, https:\/\/unedunealapage.fr\/wp-content\/uploads\/2026\/03\/Sophie_Avon_2025\u00a9Gallimard_photo_Francesca_M-antovani_87A9803_20X30-768x512.jpg 768w, https:\/\/unedunealapage.fr\/wp-content\/uploads\/2026\/03\/Sophie_Avon_2025\u00a9Gallimard_photo_Francesca_M-antovani_87A9803_20X30-1536x1024.jpg 1536w, https:\/\/unedunealapage.fr\/wp-content\/uploads\/2026\/03\/Sophie_Avon_2025\u00a9Gallimard_photo_Francesca_M-antovani_87A9803_20X30-2048x1365.jpg 2048w\" sizes=\"auto, (max-width: 500px) 100vw, 500px\" \/><\/figure><div class=\"wp-block-media-text__content\">\n<p class=\"has-small-font-size\" style=\"min-height:0px;line-height:1.4\">SOPHIE&nbsp;AVON&nbsp;est l\u2019auteure de nombreux romans, notamment Le vent se l\u00e8ve, La petite famille, Une femme remarquable et Le go\u00fbt du bonheur.<\/p>\n<\/div><\/div>\n<\/div><\/div>\n\n\n\n<div class=\"wp-block-group\"><div class=\"wp-block-group__inner-container is-layout-constrained wp-block-group-is-layout-constrained\">\n<div class=\"wp-block-media-text has-media-on-the-right is-stacked-on-mobile\" style=\"grid-template-columns:auto 31%\"><div class=\"wp-block-media-text__content\">\n<p style=\"font-size:12px;line-height:1.5\">\u00ab Camille et Nina ne se ressemblent pas mais elles sont identiques au-dedans \u2013 \u00e0 la recherche d\u2019un air plus vif, loin de la couveuse de l\u2019enfance. Elles r\u00eavent des m\u00eames choses, se projettent dans un m\u00eame id\u00e9al d\u00e9barrass\u00e9 des conformismes de leurs parents, ressentent les m\u00eames \u00e9motions sans limite. \u00bb<br>1970, Bordeaux. Nina et Camille, 10 et 11 ans, entrent en sixi\u00e8me. Un monde inconnu et immense s\u2019ouvre \u00e0 elles\u2026 Ins\u00e9parables, li\u00e9es \u00e0 la vie \u00e0 la mort par une amiti\u00e9 exclusive et intransigeante, elles ont une seule pr\u00e9occupation : grandir, sortir de l\u2019enfance. Au fil de leur scolarit\u00e9 jusqu\u2019\u00e0 la terminale, les petites filles deviennent des jeunes filles. Leurs centres d\u2019int\u00e9r\u00eat, leurs corps et leurs d\u00e9sirs se transforment. L\u2019amiti\u00e9 r\u00e9sistera-t-elle au temps qui passe ? Seront-elles \u00e0 la hauteur de l\u2019existence qu\u2019elles esp\u00e8rent ?<br><br>Avec son style sensible, Sophie Avon se tient au plus pr\u00e8s de ses jeunes personnages.<\/p>\n<\/div><figure class=\"wp-block-media-text__media\"><img loading=\"lazy\" decoding=\"async\" width=\"1394\" height=\"2185\" src=\"https:\/\/unedunealapage.fr\/wp-content\/uploads\/2026\/03\/AVON_LesFilles_Couv.jpg\" alt=\"\" class=\"wp-image-2191 size-full\" srcset=\"https:\/\/unedunealapage.fr\/wp-content\/uploads\/2026\/03\/AVON_LesFilles_Couv.jpg 1394w, https:\/\/unedunealapage.fr\/wp-content\/uploads\/2026\/03\/AVON_LesFilles_Couv-96x150.jpg 96w\" sizes=\"auto, (max-width: 767px) 89vw, (max-width: 1000px) 54vw, (max-width: 1071px) 543px, 580px\" \/><\/figure><\/div>\n<\/div><\/div>\n<\/div><\/div>\n\n\n\n<hr class=\"wp-block-separator has-alpha-channel-opacity\"\/>\n\n\n\n<div class=\"wp-block-group\"><div class=\"wp-block-group__inner-container is-layout-constrained wp-block-group-is-layout-constrained\">\n<div class=\"wp-block-columns is-layout-flex wp-container-core-columns-is-layout-9d6595d7 wp-block-columns-is-layout-flex\">\n<div class=\"wp-block-column is-layout-flow wp-block-column-is-layout-flow\">\n<p>Calendrier<\/p>\n\n\n\n<p class=\"has-small-font-size\">\ud83d\udcda<a href=\"https:\/\/unedunealapage.fr\/?tribe_events=sophie-avon\" data-type=\"tribe_events\" data-id=\"2659\">Rencontre litt\u00e9raire<\/a> <span class=\"wp-rich-text-font-awesome-icon wp-font-awesome-icon\"><svg aria-hidden=\"true\" focusable=\"false\" data-prefix=\"fas\" data-icon=\"share\" class=\"svg-inline--fa fa-share \" role=\"img\" xmlns=\"http:\/\/www.w3.org\/2000\/svg\" viewBox=\"0 0 512 512\"><path fill=\"currentColor\" d=\"M307.8 18.4c-12 5-19.8 16.6-19.8 29.6l0 80-112 0c-97.2 0-176 78.8-176 176 0 113.3 81.5 163.9 100.2 174.1 2.5 1.4 5.3 1.9 8.1 1.9 10.9 0 19.7-8.9 19.7-19.7 0-7.5-4.3-14.4-9.8-19.5-9.4-8.8-22.2-26.4-22.2-56.7 0-53 43-96 96-96l96 0 0 80c0 12.9 7.8 24.6 19.8 29.6s25.7 2.2 34.9-6.9l160-160c12.5-12.5 12.5-32.8 0-45.3l-160-160c-9.2-9.2-22.9-11.9-34.9-6.9z\"><\/path><\/svg><\/span><br>\ud83d\udcc5 Vendredi 15 mai \u23f0 17h30<br>\ud83d\udccdMaison de la Station<\/p>\n<\/div>\n\n\n\n<div class=\"wp-block-column is-layout-flow wp-block-column-is-layout-flow\">\n<p>Auteurs et Programme<\/p>\n\n\n\n<p class=\"has-small-font-size\"><span class=\"wp-rich-text-font-awesome-icon wp-font-awesome-icon\"><svg aria-hidden=\"true\" focusable=\"false\" data-prefix=\"fas\" data-icon=\"share\" class=\"svg-inline--fa fa-share \" role=\"img\" xmlns=\"http:\/\/www.w3.org\/2000\/svg\" viewBox=\"0 0 512 512\"><path fill=\"currentColor\" d=\"M307.8 18.4c-12 5-19.8 16.6-19.8 29.6l0 80-112 0c-97.2 0-176 78.8-176 176 0 113.3 81.5 163.9 100.2 174.1 2.5 1.4 5.3 1.9 8.1 1.9 10.9 0 19.7-8.9 19.7-19.7 0-7.5-4.3-14.4-9.8-19.5-9.4-8.8-22.2-26.4-22.2-56.7 0-53 43-96 96-96l96 0 0 80c0 12.9 7.8 24.6 19.8 29.6s25.7 2.2 34.9-6.9l160-160c12.5-12.5 12.5-32.8 0-45.3l-160-160c-9.2-9.2-22.9-11.9-34.9-6.9z\"><\/path><\/svg><\/span> <a href=\"https:\/\/unedunealapage.fr\/?page_id=2238\" data-type=\"page\" data-id=\"2238\">vers Liste des auteurs<\/a><br><span class=\"wp-rich-text-font-awesome-icon wp-font-awesome-icon\"><svg aria-hidden=\"true\" focusable=\"false\" data-prefix=\"fas\" data-icon=\"share\" class=\"svg-inline--fa fa-share \" role=\"img\" xmlns=\"http:\/\/www.w3.org\/2000\/svg\" viewBox=\"0 0 512 512\"><path fill=\"currentColor\" d=\"M307.8 18.4c-12 5-19.8 16.6-19.8 29.6l0 80-112 0c-97.2 0-176 78.8-176 176 0 113.3 81.5 163.9 100.2 174.1 2.5 1.4 5.3 1.9 8.1 1.9 10.9 0 19.7-8.9 19.7-19.7 0-7.5-4.3-14.4-9.8-19.5-9.4-8.8-22.2-26.4-22.2-56.7 0-53 43-96 96-96l96 0 0 80c0 12.9 7.8 24.6 19.8 29.6s25.7 2.2 34.9-6.9l160-160c12.5-12.5 12.5-32.8 0-45.3l-160-160c-9.2-9.2-22.9-11.9-34.9-6.9z\"><\/path><\/svg><\/span> <a href=\"https:\/\/unedunealapage.fr\/?page_id=1925\" data-type=\"page\" data-id=\"1925\">vers Programme<\/a><\/p>\n<\/div>\n<\/div>\n<\/div><\/div>\n\n\n\n<hr class=\"wp-block-separator has-alpha-channel-opacity\"\/>\n<\/div><\/div>\n","protected":false},"excerpt":{"rendered":"<p>Sophie Avon SOPHIE&nbsp;AVON&nbsp;est l\u2019auteure de nombreux romans, notamment Le vent se l\u00e8ve, La petite famille, Une femme remarquable et Le go\u00fbt du bonheur. \u00ab Camille et Nina ne se ressemblent &hellip; <\/p>\n<p class=\"link-more\"><a href=\"https:\/\/unedunealapage.fr\/?page_id=2938\" class=\"more-link\">Continuer la lecture<span class=\"screen-reader-text\"> de &laquo;&nbsp;Page Sophie Avon&nbsp;&raquo;<\/span><\/a><\/p>\n","protected":false},"author":1,"featured_media":0,"parent":0,"menu_order":0,"comment_status":"closed","ping_status":"closed","template":"","meta":{"_EventAllDay":false,"_EventTimezone":"","_EventStartDate":"","_EventEndDate":"","_EventStartDateUTC":"","_EventEndDateUTC":"","_EventShowMap":false,"_EventShowMapLink":false,"_EventURL":"","_EventCost":"","_EventCostDescription":"","_EventCurrencySymbol":"","_EventCurrencyCode":"","_EventCurrencyPosition":"","_EventDateTimeSeparator":"","_EventTimeRangeSeparator":"","_EventOrganizerID":[],"_EventVenueID":[],"_OrganizerEmail":"","_OrganizerPhone":"","_OrganizerWebsite":"","_VenueAddress":"","_VenueCity":"","_VenueCountry":"","_VenueProvince":"","_VenueState":"","_VenueZip":"","_VenuePhone":"","_VenueURL":"","_VenueStateProvince":"","_VenueLat":"","_VenueLng":"","_VenueShowMap":false,"_VenueShowMapLink":false,"footnotes":""},"class_list":["post-2938","page","type-page","status-publish","hentry"],"_links":{"self":[{"href":"https:\/\/unedunealapage.fr\/index.php?rest_route=\/wp\/v2\/pages\/2938","targetHints":{"allow":["GET"]}}],"collection":[{"href":"https:\/\/unedunealapage.fr\/index.php?rest_route=\/wp\/v2\/pages"}],"about":[{"href":"https:\/\/unedunealapage.fr\/index.php?rest_route=\/wp\/v2\/types\/page"}],"author":[{"embeddable":true,"href":"https:\/\/unedunealapage.fr\/index.php?rest_route=\/wp\/v2\/users\/1"}],"replies":[{"embeddable":true,"href":"https:\/\/unedunealapage.fr\/index.php?rest_route=%2Fwp%2Fv2%2Fcomments&post=2938"}],"version-history":[{"count":4,"href":"https:\/\/unedunealapage.fr\/index.php?rest_route=\/wp\/v2\/pages\/2938\/revisions"}],"predecessor-version":[{"id":3810,"href":"https:\/\/unedunealapage.fr\/index.php?rest_route=\/wp\/v2\/pages\/2938\/revisions\/3810"}],"wp:attachment":[{"href":"https:\/\/unedunealapage.fr\/index.php?rest_route=%2Fwp%2Fv2%2Fmedia&parent=2938"}],"curies":[{"name":"wp","href":"https:\/\/api.w.org\/{rel}","templated":true}]}}