{"id":2958,"date":"2026-03-14T18:09:01","date_gmt":"2026-03-14T17:09:01","guid":{"rendered":"https:\/\/unedunealapage.fr\/?page_id=2958"},"modified":"2026-03-30T16:01:59","modified_gmt":"2026-03-30T14:01:59","slug":"page-sophie-brocas","status":"publish","type":"page","link":"https:\/\/unedunealapage.fr\/?page_id=2958","title":{"rendered":"Page Sophie Brocas"},"content":{"rendered":"\n<div class=\"wp-block-group\"><div class=\"wp-block-group__inner-container is-layout-constrained wp-block-group-is-layout-constrained\">\n<h1 class=\"wp-block-heading has-luminous-vivid-orange-color has-text-color has-link-color wp-elements-d43f4cc89590d4ec400ed9af36d4998c\">Sophie Brocas<\/h1>\n\n\n\n<div class=\"wp-block-group\"><div class=\"wp-block-group__inner-container is-layout-constrained wp-block-group-is-layout-constrained\">\n<div class=\"wp-block-group\"><div class=\"wp-block-group__inner-container is-layout-constrained wp-block-group-is-layout-constrained\">\n<div class=\"wp-block-media-text is-stacked-on-mobile\" style=\"padding-top:0;padding-bottom:0;grid-template-columns:31% auto\"><figure class=\"wp-block-media-text__media\"><img loading=\"lazy\" decoding=\"async\" width=\"500\" height=\"475\" src=\"https:\/\/unedunealapage.fr\/wp-content\/uploads\/2026\/03\/BROCAS_Sophie_1_2-1200x1140-2-500x475.jpg\" alt=\"\" class=\"wp-image-2258 size-large\" srcset=\"https:\/\/unedunealapage.fr\/wp-content\/uploads\/2026\/03\/BROCAS_Sophie_1_2-1200x1140-2-500x475.jpg 500w, https:\/\/unedunealapage.fr\/wp-content\/uploads\/2026\/03\/BROCAS_Sophie_1_2-1200x1140-2-150x143.jpg 150w, https:\/\/unedunealapage.fr\/wp-content\/uploads\/2026\/03\/BROCAS_Sophie_1_2-1200x1140-2-768x730.jpg 768w, https:\/\/unedunealapage.fr\/wp-content\/uploads\/2026\/03\/BROCAS_Sophie_1_2-1200x1140-2.jpg 1200w\" sizes=\"auto, (max-width: 500px) 100vw, 500px\" \/><\/figure><div class=\"wp-block-media-text__content\">\n<p class=\"has-small-font-size\" style=\"min-height:0px;line-height:1.4\">Sophie Brocas est haut-fonctionnaire. Apr\u00e8s&nbsp;<em>La Sauvagine&nbsp;<\/em>(2021),&nbsp;<em>Le Lit clos&nbsp;<\/em>est son cinqui\u00e8me roman.<\/p>\n<\/div><\/div>\n<\/div><\/div>\n\n\n\n<div class=\"wp-block-group\"><div class=\"wp-block-group__inner-container is-layout-constrained wp-block-group-is-layout-constrained\">\n<div class=\"wp-block-media-text has-media-on-the-right is-stacked-on-mobile\" style=\"grid-template-columns:auto 36%\"><div class=\"wp-block-media-text__content\">\n<p style=\"font-size:12px;line-height:1.5\">Lorsqu\u2019en novembre 1924, la col\u00e8re explose dans le port de Douarnenez, Louise, la R\u00e9publicaine \u00e0 la voix prodigieuse, est l\u2019une des meneuses qui vont entra\u00eener 3 000 ouvri\u00e8res des sardineries dans ce qui restera la plus grande gr\u00e8ve f\u00e9ministe du XXe si\u00e8cle. Parmi elles, Rose, une jeune paysanne catholique. Contre les cadences infernales, les salaires de mis\u00e8re, les enfants exploit\u00e9s, le combat est juste. Pour obtenir ce franc de l\u2019heure tant esp\u00e9r\u00e9, ces femmes dociles et r\u00e9sign\u00e9es vont se r\u00e9v\u00e9ler capables de toutes les audaces. Louise et Rose, entra\u00een\u00e9es dans ce vertige lib\u00e9rateur, vont m\u00eame oser s\u2019aimer. Aussi diff\u00e9rentes soient-elles, elles d\u00e9couvrent dans le lit clos, l\u2019ivresse de jouir de son corps comme de sa pens\u00e9e. Mais le joug social reste le plus fort. Une fois la fi\u00e8vre de la gr\u00e8ve retomb\u00e9e, l\u2019\u00e9ducation, la tradition et la religion reprennent leurs droits. Tandis que Louise refuse de renoncer \u00e0 cette libert\u00e9 si durement gagn\u00e9e et s\u2019enfuit \u00e0 Paris pour vivre sa vie de femme libre, Rose, effray\u00e9e, ne songe qu\u2019\u00e0 rejoindre les rangs des m\u00e8res de famille soumises. Chacune poursuivra son chemin singulier jusqu\u2019au jour o\u00f9 la vie les mettra de nouveau face \u00e0 face.<\/p>\n<\/div><figure class=\"wp-block-media-text__media\"><img loading=\"lazy\" decoding=\"async\" width=\"317\" height=\"500\" src=\"https:\/\/unedunealapage.fr\/wp-content\/uploads\/2026\/03\/Sophie-Brocas-600x946-1-317x500.jpg\" alt=\"\" class=\"wp-image-2212 size-full\" srcset=\"https:\/\/unedunealapage.fr\/wp-content\/uploads\/2026\/03\/Sophie-Brocas-600x946-1-317x500.jpg 317w, https:\/\/unedunealapage.fr\/wp-content\/uploads\/2026\/03\/Sophie-Brocas-600x946-1-95x150.jpg 95w, https:\/\/unedunealapage.fr\/wp-content\/uploads\/2026\/03\/Sophie-Brocas-600x946-1.jpg 600w\" sizes=\"auto, (max-width: 317px) 100vw, 317px\" \/><\/figure><\/div>\n<\/div><\/div>\n<\/div><\/div>\n\n\n\n<hr class=\"wp-block-separator has-alpha-channel-opacity\"\/>\n\n\n\n<div class=\"wp-block-group\"><div class=\"wp-block-group__inner-container is-layout-constrained wp-block-group-is-layout-constrained\">\n<div class=\"wp-block-columns is-layout-flex wp-container-core-columns-is-layout-9d6595d7 wp-block-columns-is-layout-flex\">\n<div class=\"wp-block-column is-layout-flow wp-block-column-is-layout-flow\">\n<p>Calendrier<\/p>\n\n\n\n<p class=\"has-small-font-size\">\ud83d\udcda<a href=\"https:\/\/unedunealapage.fr\/?tribe_events=sophie-brocas\" data-type=\"tribe_events\" data-id=\"2672\">Rencontre litt\u00e9raire<\/a> <span class=\"wp-rich-text-font-awesome-icon wp-font-awesome-icon\"><svg aria-hidden=\"true\" focusable=\"false\" data-prefix=\"fas\" data-icon=\"share\" class=\"svg-inline--fa fa-share \" role=\"img\" xmlns=\"http:\/\/www.w3.org\/2000\/svg\" viewBox=\"0 0 512 512\"><path fill=\"currentColor\" d=\"M307.8 18.4c-12 5-19.8 16.6-19.8 29.6l0 80-112 0c-97.2 0-176 78.8-176 176 0 113.3 81.5 163.9 100.2 174.1 2.5 1.4 5.3 1.9 8.1 1.9 10.9 0 19.7-8.9 19.7-19.7 0-7.5-4.3-14.4-9.8-19.5-9.4-8.8-22.2-26.4-22.2-56.7 0-53 43-96 96-96l96 0 0 80c0 12.9 7.8 24.6 19.8 29.6s25.7 2.2 34.9-6.9l160-160c12.5-12.5 12.5-32.8 0-45.3l-160-160c-9.2-9.2-22.9-11.9-34.9-6.9z\"><\/path><\/svg><\/span><br>\ud83d\udcc5 Samedi 16 mai \u23f0 12h<br>\ud83d\udccdMaison de la Station<\/p>\n<\/div>\n\n\n\n<div class=\"wp-block-column is-layout-flow wp-block-column-is-layout-flow\">\n<p>Auteurs et Programme<\/p>\n\n\n\n<p class=\"has-small-font-size\"><span class=\"wp-rich-text-font-awesome-icon wp-font-awesome-icon\"><svg aria-hidden=\"true\" focusable=\"false\" data-prefix=\"fas\" data-icon=\"share\" class=\"svg-inline--fa fa-share \" role=\"img\" xmlns=\"http:\/\/www.w3.org\/2000\/svg\" viewBox=\"0 0 512 512\"><path fill=\"currentColor\" d=\"M307.8 18.4c-12 5-19.8 16.6-19.8 29.6l0 80-112 0c-97.2 0-176 78.8-176 176 0 113.3 81.5 163.9 100.2 174.1 2.5 1.4 5.3 1.9 8.1 1.9 10.9 0 19.7-8.9 19.7-19.7 0-7.5-4.3-14.4-9.8-19.5-9.4-8.8-22.2-26.4-22.2-56.7 0-53 43-96 96-96l96 0 0 80c0 12.9 7.8 24.6 19.8 29.6s25.7 2.2 34.9-6.9l160-160c12.5-12.5 12.5-32.8 0-45.3l-160-160c-9.2-9.2-22.9-11.9-34.9-6.9z\"><\/path><\/svg><\/span> <a href=\"https:\/\/unedunealapage.fr\/?page_id=2238\" data-type=\"page\" data-id=\"2238\">vers Liste des auteurs<\/a><br><span class=\"wp-rich-text-font-awesome-icon wp-font-awesome-icon\"><svg aria-hidden=\"true\" focusable=\"false\" data-prefix=\"fas\" data-icon=\"share\" class=\"svg-inline--fa fa-share \" role=\"img\" xmlns=\"http:\/\/www.w3.org\/2000\/svg\" viewBox=\"0 0 512 512\"><path fill=\"currentColor\" d=\"M307.8 18.4c-12 5-19.8 16.6-19.8 29.6l0 80-112 0c-97.2 0-176 78.8-176 176 0 113.3 81.5 163.9 100.2 174.1 2.5 1.4 5.3 1.9 8.1 1.9 10.9 0 19.7-8.9 19.7-19.7 0-7.5-4.3-14.4-9.8-19.5-9.4-8.8-22.2-26.4-22.2-56.7 0-53 43-96 96-96l96 0 0 80c0 12.9 7.8 24.6 19.8 29.6s25.7 2.2 34.9-6.9l160-160c12.5-12.5 12.5-32.8 0-45.3l-160-160c-9.2-9.2-22.9-11.9-34.9-6.9z\"><\/path><\/svg><\/span> <a href=\"https:\/\/unedunealapage.fr\/?page_id=1925\" data-type=\"page\" data-id=\"1925\">vers Programme<\/a><\/p>\n<\/div>\n<\/div>\n<\/div><\/div>\n\n\n\n<hr class=\"wp-block-separator has-alpha-channel-opacity\"\/>\n<\/div><\/div>\n","protected":false},"excerpt":{"rendered":"<p>Sophie Brocas Sophie Brocas est haut-fonctionnaire. Apr\u00e8s&nbsp;La Sauvagine&nbsp;(2021),&nbsp;Le Lit clos&nbsp;est son cinqui\u00e8me roman. Lorsqu\u2019en novembre 1924, la col\u00e8re explose dans le port de Douarnenez, Louise, la R\u00e9publicaine \u00e0 la voix &hellip; <\/p>\n<p class=\"link-more\"><a href=\"https:\/\/unedunealapage.fr\/?page_id=2958\" class=\"more-link\">Continuer la lecture<span class=\"screen-reader-text\"> de &laquo;&nbsp;Page Sophie Brocas&nbsp;&raquo;<\/span><\/a><\/p>\n","protected":false},"author":1,"featured_media":0,"parent":0,"menu_order":0,"comment_status":"closed","ping_status":"closed","template":"","meta":{"_EventAllDay":false,"_EventTimezone":"","_EventStartDate":"","_EventEndDate":"","_EventStartDateUTC":"","_EventEndDateUTC":"","_EventShowMap":false,"_EventShowMapLink":false,"_EventURL":"","_EventCost":"","_EventCostDescription":"","_EventCurrencySymbol":"","_EventCurrencyCode":"","_EventCurrencyPosition":"","_EventDateTimeSeparator":"","_EventTimeRangeSeparator":"","_EventOrganizerID":[],"_EventVenueID":[],"_OrganizerEmail":"","_OrganizerPhone":"","_OrganizerWebsite":"","_VenueAddress":"","_VenueCity":"","_VenueCountry":"","_VenueProvince":"","_VenueState":"","_VenueZip":"","_VenuePhone":"","_VenueURL":"","_VenueStateProvince":"","_VenueLat":"","_VenueLng":"","_VenueShowMap":false,"_VenueShowMapLink":false,"footnotes":""},"class_list":["post-2958","page","type-page","status-publish","hentry"],"_links":{"self":[{"href":"https:\/\/unedunealapage.fr\/index.php?rest_route=\/wp\/v2\/pages\/2958","targetHints":{"allow":["GET"]}}],"collection":[{"href":"https:\/\/unedunealapage.fr\/index.php?rest_route=\/wp\/v2\/pages"}],"about":[{"href":"https:\/\/unedunealapage.fr\/index.php?rest_route=\/wp\/v2\/types\/page"}],"author":[{"embeddable":true,"href":"https:\/\/unedunealapage.fr\/index.php?rest_route=\/wp\/v2\/users\/1"}],"replies":[{"embeddable":true,"href":"https:\/\/unedunealapage.fr\/index.php?rest_route=%2Fwp%2Fv2%2Fcomments&post=2958"}],"version-history":[{"count":2,"href":"https:\/\/unedunealapage.fr\/index.php?rest_route=\/wp\/v2\/pages\/2958\/revisions"}],"predecessor-version":[{"id":3727,"href":"https:\/\/unedunealapage.fr\/index.php?rest_route=\/wp\/v2\/pages\/2958\/revisions\/3727"}],"wp:attachment":[{"href":"https:\/\/unedunealapage.fr\/index.php?rest_route=%2Fwp%2Fv2%2Fmedia&parent=2958"}],"curies":[{"name":"wp","href":"https:\/\/api.w.org\/{rel}","templated":true}]}}