{"id":2990,"date":"2026-03-14T19:12:21","date_gmt":"2026-03-14T18:12:21","guid":{"rendered":"https:\/\/unedunealapage.fr\/?page_id=2990"},"modified":"2026-03-30T16:05:36","modified_gmt":"2026-03-30T14:05:36","slug":"page-vincent-ravalec","status":"publish","type":"page","link":"https:\/\/unedunealapage.fr\/?page_id=2990","title":{"rendered":"Page Vincent Ravalec"},"content":{"rendered":"\n<div class=\"wp-block-group\"><div class=\"wp-block-group__inner-container is-layout-constrained wp-block-group-is-layout-constrained\">\n<h1 class=\"wp-block-heading has-luminous-vivid-orange-color has-text-color has-link-color wp-elements-13f5cc198a08ac918e06a71b4956c6e9\">Vincent Ravalec<\/h1>\n\n\n\n<div class=\"wp-block-group\"><div class=\"wp-block-group__inner-container is-layout-constrained wp-block-group-is-layout-constrained\">\n<div class=\"wp-block-group\"><div class=\"wp-block-group__inner-container is-layout-constrained wp-block-group-is-layout-constrained\">\n<div class=\"wp-block-media-text is-stacked-on-mobile\" style=\"padding-top:0;padding-bottom:0;grid-template-columns:39% auto\"><figure class=\"wp-block-media-text__media\"><img loading=\"lazy\" decoding=\"async\" width=\"500\" height=\"333\" src=\"https:\/\/unedunealapage.fr\/wp-content\/uploads\/2026\/03\/Ravalec-Vincent-noir-et-blanc-500x333.jpg\" alt=\"\" class=\"wp-image-2260 size-large\" srcset=\"https:\/\/unedunealapage.fr\/wp-content\/uploads\/2026\/03\/Ravalec-Vincent-noir-et-blanc-500x333.jpg 500w, https:\/\/unedunealapage.fr\/wp-content\/uploads\/2026\/03\/Ravalec-Vincent-noir-et-blanc-150x100.jpg 150w\" sizes=\"auto, (max-width: 500px) 100vw, 500px\" \/><\/figure><div class=\"wp-block-media-text__content\">\n<p class=\"has-small-font-size\" style=\"min-height:0px;line-height:1.4\">Touche \u00e0 tout et autodidacte, Vincent Ravalec est sc\u00e9nariste, parolier, r\u00e9alisateur et \u00e9crivain publi\u00e9 chez Flammarion, au Seuil, Le Rocher ou Fayard.<\/p>\n\n\n\n<p class=\"has-small-font-size\" style=\"min-height:0px;line-height:1.4\">Avec Hugo Cl\u00e9ment, il a d\u00e9j\u00e0 sc\u00e9naris\u00e9 l&rsquo;essai graphique \u00ab\u00a0Le Th\u00e9or\u00e8me de Vaquita\u00a0\u00bb.<\/p>\n<\/div><\/div>\n\n\n\n<div style=\"height:46px\" aria-hidden=\"true\" class=\"wp-block-spacer\"><\/div>\n<\/div><\/div>\n\n\n<div class=\"wp-block-image\">\n<figure class=\"alignleft size-large is-resized\"><img loading=\"lazy\" decoding=\"async\" width=\"375\" height=\"500\" src=\"https:\/\/unedunealapage.fr\/wp-content\/uploads\/2026\/03\/Couverture-375x500.jpg\" alt=\"\" class=\"wp-image-2213\" style=\"width:195px;height:auto\" srcset=\"https:\/\/unedunealapage.fr\/wp-content\/uploads\/2026\/03\/Couverture-375x500.jpg 375w, https:\/\/unedunealapage.fr\/wp-content\/uploads\/2026\/03\/Couverture-113x150.jpg 113w, https:\/\/unedunealapage.fr\/wp-content\/uploads\/2026\/03\/Couverture-768x1023.jpg 768w, https:\/\/unedunealapage.fr\/wp-content\/uploads\/2026\/03\/Couverture-1153x1536.jpg 1153w, https:\/\/unedunealapage.fr\/wp-content\/uploads\/2026\/03\/Couverture-1538x2048.jpg 1538w, https:\/\/unedunealapage.fr\/wp-content\/uploads\/2026\/03\/Couverture-scaled.jpg 1922w\" sizes=\"auto, (max-width: 375px) 100vw, 375px\" \/><\/figure>\n<\/div>\n\n\n<p style=\"font-size:12px;line-height:1.5\"><em>Le Paradoxe de l\u2019abondance<\/em>&nbsp;ou comment l\u2019agriculture industrielle, en produisant une quantit\u00e9 colossale de nourriture, d\u00e9truit les sols, pollue l\u2019air et empoisonne les nappes phr\u00e9atiques. Mais peut-on faire autrement pour qu\u2019une population toujours plus importante mange \u00e0 sa faim ? Le journaliste Hugo Cl\u00e9ment remonte les fili\u00e8res et laisse la parole aux scientifiques, ainsi qu\u2019aux \u00e9leveurs et cultivateurs qui travaillent de mani\u00e8re durable, en pr\u00e9servant l\u2019environnement. Cette implacable enqu\u00eate, enrichie d\u2019une \u00e9tude sur l\u2019\u00e9volution de l\u2019agriculture \u00e0 travers les si\u00e8cles, donne toutes les cl\u00e9s aux consommateurs, car il y a bien un choix \u00e0 faire et il peut \u00eatre fait au quotidien, dans nos assiettes.<\/p>\n\n\n\n<p style=\"font-size:12px;line-height:1.5\">Dans cette bande dessin\u00e9e documentaire, les lecteurs (re)d\u00e9couvrent ce qui fait le succ\u00e8s et la redoutable efficacit\u00e9 des enqu\u00eates d\u2019Hugo Cl\u00e9ment : partir de la vie quotidienne et de ce que chacun peut constater par lui-m\u00eame, revenir \u00e0 la source, sur le terrain, enqu\u00eater et interroger. Pas moins de vingt-cinq intervenants sont sollicit\u00e9s : scientifiques, paysans et militants. Et ces trois prismes se rejoignent : l\u2019agriculture intensive est mortif\u00e8re et il existe bien une autre solution. La bande dessin\u00e9e est le m\u00e9dium id\u00e9al pour rendre compte de ces recherches, d\u2019autant plus avec un sp\u00e9cialiste de la narration tel que Vincent Ravalec, et Dominique Mermoux pour la mise en images. Ses aquarelles font comprendre autant la pollution aux nitrates sur une carte de France, la douleur d\u2019une vache \u00e0 qui on enl\u00e8ve son veau pour produire davantage de lait, que les origines de l\u2019agriculture depuis dix mille ans : de la s\u00e9dentarisation agricole jusqu\u2019\u00e0 maintenant o\u00f9 la terre ne nourrit plus seulement les hommes, mais aussi le capital. \u00c9tude du pass\u00e9 et pr\u00e9sent de l\u2019enqu\u00eate pour conduire \u00e0 un avenir d\u00e9sirable.<\/p>\n<\/div><\/div>\n\n\n\n<hr class=\"wp-block-separator has-alpha-channel-opacity\"\/>\n\n\n\n<div class=\"wp-block-group\"><div class=\"wp-block-group__inner-container is-layout-constrained wp-block-group-is-layout-constrained\">\n<div class=\"wp-block-columns is-layout-flex wp-container-core-columns-is-layout-9d6595d7 wp-block-columns-is-layout-flex\">\n<div class=\"wp-block-column is-layout-flow wp-block-column-is-layout-flow\">\n<p>Calendrier<\/p>\n\n\n\n<p class=\"has-small-font-size\">\ud83d\udcda<a href=\"https:\/\/unedunealapage.fr\/?tribe_events=retour-a-la-terre\" data-type=\"tribe_events\" data-id=\"2674\">Table ronde<br>Retour \u00e0 la terre<\/a> <span class=\"wp-rich-text-font-awesome-icon wp-font-awesome-icon\"><svg aria-hidden=\"true\" focusable=\"false\" data-prefix=\"fas\" data-icon=\"share\" class=\"svg-inline--fa fa-share \" role=\"img\" xmlns=\"http:\/\/www.w3.org\/2000\/svg\" viewBox=\"0 0 512 512\"><path fill=\"currentColor\" d=\"M307.8 18.4c-12 5-19.8 16.6-19.8 29.6l0 80-112 0c-97.2 0-176 78.8-176 176 0 113.3 81.5 163.9 100.2 174.1 2.5 1.4 5.3 1.9 8.1 1.9 10.9 0 19.7-8.9 19.7-19.7 0-7.5-4.3-14.4-9.8-19.5-9.4-8.8-22.2-26.4-22.2-56.7 0-53 43-96 96-96l96 0 0 80c0 12.9 7.8 24.6 19.8 29.6s25.7 2.2 34.9-6.9l160-160c12.5-12.5 12.5-32.8 0-45.3l-160-160c-9.2-9.2-22.9-11.9-34.9-6.9z\"><\/path><\/svg><\/span><br>\ud83d\udcc5 Samedi 16 mai \u23f0 14h<br>\ud83d\udccdMaison de la Station <\/p>\n<\/div>\n\n\n\n<div class=\"wp-block-column is-layout-flow wp-block-column-is-layout-flow\">\n<p>Auteurs et Programme<\/p>\n\n\n\n<p class=\"has-small-font-size\"><span class=\"wp-rich-text-font-awesome-icon wp-font-awesome-icon\"><svg aria-hidden=\"true\" focusable=\"false\" data-prefix=\"fas\" data-icon=\"share\" class=\"svg-inline--fa fa-share \" role=\"img\" xmlns=\"http:\/\/www.w3.org\/2000\/svg\" viewBox=\"0 0 512 512\"><path fill=\"currentColor\" d=\"M307.8 18.4c-12 5-19.8 16.6-19.8 29.6l0 80-112 0c-97.2 0-176 78.8-176 176 0 113.3 81.5 163.9 100.2 174.1 2.5 1.4 5.3 1.9 8.1 1.9 10.9 0 19.7-8.9 19.7-19.7 0-7.5-4.3-14.4-9.8-19.5-9.4-8.8-22.2-26.4-22.2-56.7 0-53 43-96 96-96l96 0 0 80c0 12.9 7.8 24.6 19.8 29.6s25.7 2.2 34.9-6.9l160-160c12.5-12.5 12.5-32.8 0-45.3l-160-160c-9.2-9.2-22.9-11.9-34.9-6.9z\"><\/path><\/svg><\/span> <a href=\"https:\/\/unedunealapage.fr\/?page_id=2238\" data-type=\"page\" data-id=\"2238\">vers Liste des auteurs<\/a><br><span class=\"wp-rich-text-font-awesome-icon wp-font-awesome-icon\"><svg aria-hidden=\"true\" focusable=\"false\" data-prefix=\"fas\" data-icon=\"share\" class=\"svg-inline--fa fa-share \" role=\"img\" xmlns=\"http:\/\/www.w3.org\/2000\/svg\" viewBox=\"0 0 512 512\"><path fill=\"currentColor\" d=\"M307.8 18.4c-12 5-19.8 16.6-19.8 29.6l0 80-112 0c-97.2 0-176 78.8-176 176 0 113.3 81.5 163.9 100.2 174.1 2.5 1.4 5.3 1.9 8.1 1.9 10.9 0 19.7-8.9 19.7-19.7 0-7.5-4.3-14.4-9.8-19.5-9.4-8.8-22.2-26.4-22.2-56.7 0-53 43-96 96-96l96 0 0 80c0 12.9 7.8 24.6 19.8 29.6s25.7 2.2 34.9-6.9l160-160c12.5-12.5 12.5-32.8 0-45.3l-160-160c-9.2-9.2-22.9-11.9-34.9-6.9z\"><\/path><\/svg><\/span> <a href=\"https:\/\/unedunealapage.fr\/?page_id=1925\" data-type=\"page\" data-id=\"1925\">vers Programme<\/a><\/p>\n<\/div>\n<\/div>\n<\/div><\/div>\n\n\n\n<hr class=\"wp-block-separator has-alpha-channel-opacity\"\/>\n<\/div><\/div>\n","protected":false},"excerpt":{"rendered":"<p>Vincent Ravalec Touche \u00e0 tout et autodidacte, Vincent Ravalec est sc\u00e9nariste, parolier, r\u00e9alisateur et \u00e9crivain publi\u00e9 chez Flammarion, au Seuil, Le Rocher ou Fayard. Avec Hugo Cl\u00e9ment, il a d\u00e9j\u00e0 &hellip; <\/p>\n<p class=\"link-more\"><a href=\"https:\/\/unedunealapage.fr\/?page_id=2990\" class=\"more-link\">Continuer la lecture<span class=\"screen-reader-text\"> de &laquo;&nbsp;Page Vincent Ravalec&nbsp;&raquo;<\/span><\/a><\/p>\n","protected":false},"author":1,"featured_media":0,"parent":0,"menu_order":0,"comment_status":"closed","ping_status":"closed","template":"","meta":{"_EventAllDay":false,"_EventTimezone":"","_EventStartDate":"","_EventEndDate":"","_EventStartDateUTC":"","_EventEndDateUTC":"","_EventShowMap":false,"_EventShowMapLink":false,"_EventURL":"","_EventCost":"","_EventCostDescription":"","_EventCurrencySymbol":"","_EventCurrencyCode":"","_EventCurrencyPosition":"","_EventDateTimeSeparator":"","_EventTimeRangeSeparator":"","_EventOrganizerID":[],"_EventVenueID":[],"_OrganizerEmail":"","_OrganizerPhone":"","_OrganizerWebsite":"","_VenueAddress":"","_VenueCity":"","_VenueCountry":"","_VenueProvince":"","_VenueState":"","_VenueZip":"","_VenuePhone":"","_VenueURL":"","_VenueStateProvince":"","_VenueLat":"","_VenueLng":"","_VenueShowMap":false,"_VenueShowMapLink":false,"footnotes":""},"class_list":["post-2990","page","type-page","status-publish","hentry"],"_links":{"self":[{"href":"https:\/\/unedunealapage.fr\/index.php?rest_route=\/wp\/v2\/pages\/2990","targetHints":{"allow":["GET"]}}],"collection":[{"href":"https:\/\/unedunealapage.fr\/index.php?rest_route=\/wp\/v2\/pages"}],"about":[{"href":"https:\/\/unedunealapage.fr\/index.php?rest_route=\/wp\/v2\/types\/page"}],"author":[{"embeddable":true,"href":"https:\/\/unedunealapage.fr\/index.php?rest_route=\/wp\/v2\/users\/1"}],"replies":[{"embeddable":true,"href":"https:\/\/unedunealapage.fr\/index.php?rest_route=%2Fwp%2Fv2%2Fcomments&post=2990"}],"version-history":[{"count":2,"href":"https:\/\/unedunealapage.fr\/index.php?rest_route=\/wp\/v2\/pages\/2990\/revisions"}],"predecessor-version":[{"id":3731,"href":"https:\/\/unedunealapage.fr\/index.php?rest_route=\/wp\/v2\/pages\/2990\/revisions\/3731"}],"wp:attachment":[{"href":"https:\/\/unedunealapage.fr\/index.php?rest_route=%2Fwp%2Fv2%2Fmedia&parent=2990"}],"curies":[{"name":"wp","href":"https:\/\/api.w.org\/{rel}","templated":true}]}}