{"id":2992,"date":"2026-03-14T19:28:03","date_gmt":"2026-03-14T18:28:03","guid":{"rendered":"https:\/\/unedunealapage.fr\/?page_id=2992"},"modified":"2026-04-07T15:54:33","modified_gmt":"2026-04-07T13:54:33","slug":"page-stephane-melchior","status":"publish","type":"page","link":"https:\/\/unedunealapage.fr\/?page_id=2992","title":{"rendered":"Page St\u00e9phane Melchior"},"content":{"rendered":"\n<div class=\"wp-block-group\"><div class=\"wp-block-group__inner-container is-layout-constrained wp-block-group-is-layout-constrained\">\n<h1 class=\"wp-block-heading has-luminous-vivid-orange-color has-text-color has-link-color wp-elements-7b996d07864b1b9eff2831c3e4402a8c\">St\u00e9phane Melchior<\/h1>\n\n\n\n<div class=\"wp-block-group\"><div class=\"wp-block-group__inner-container is-layout-constrained wp-block-group-is-layout-constrained\">\n<div class=\"wp-block-group\"><div class=\"wp-block-group__inner-container is-layout-constrained wp-block-group-is-layout-constrained\">\n<div class=\"wp-block-media-text is-stacked-on-mobile\" style=\"padding-top:0;padding-bottom:0;grid-template-columns:29% auto\"><figure class=\"wp-block-media-text__media\"><img loading=\"lazy\" decoding=\"async\" width=\"321\" height=\"500\" src=\"https:\/\/unedunealapage.fr\/wp-content\/uploads\/2026\/03\/Melchior-Stephane-c-Chloe-Vollmer-lo-321x500.jpg\" alt=\"\" class=\"wp-image-2259 size-large\" srcset=\"https:\/\/unedunealapage.fr\/wp-content\/uploads\/2026\/03\/Melchior-Stephane-c-Chloe-Vollmer-lo-321x500.jpg 321w, https:\/\/unedunealapage.fr\/wp-content\/uploads\/2026\/03\/Melchior-Stephane-c-Chloe-Vollmer-lo-96x150.jpg 96w, https:\/\/unedunealapage.fr\/wp-content\/uploads\/2026\/03\/Melchior-Stephane-c-Chloe-Vollmer-lo-768x1195.jpg 768w, https:\/\/unedunealapage.fr\/wp-content\/uploads\/2026\/03\/Melchior-Stephane-c-Chloe-Vollmer-lo-scaled.jpg 1645w\" sizes=\"auto, (max-width: 321px) 100vw, 321px\" \/><\/figure><div class=\"wp-block-media-text__content\">\n<p class=\"has-small-font-size\" style=\"min-height:0px;line-height:1.4\">N\u00e9 en Bretagne en 1965,&nbsp;St\u00e9phane Melchior&nbsp;a su naviguer avant de savoir faire du v\u00e9lo. Passionn\u00e9 d\u2019histoire de l\u2019art et de mythologies, il est le sc\u00e9nariste de plus d\u2019une vingtaine d\u2019albums, alternant cr\u00e9ations originales et adaptations litt\u00e9raires : Ta\u00efpi, Itchi et les mille Yoka\u00ef, Les Royaumes du Nord (Fauve Jeunesse, Angoul\u00eame 2015), Le Clan des Otori\u2026 Il vit au Bono, \u00e0 quelques minutes de l\u2019endroito\u00f9 repose Bernard Moitessier.<\/p>\n<\/div><\/div>\n<\/div><\/div>\n\n\n<div class=\"wp-block-image\">\n<figure class=\"alignleft size-full is-resized\"><img decoding=\"async\" src=\"https:\/\/unedunealapage.fr\/wp-content\/uploads\/2026\/03\/LaLongue-Route_Couv.jpg\" alt=\"\" class=\"wp-image-2216\" style=\"aspect-ratio:0.7413849406183937;width:221px;height:auto\"\/><\/figure>\n<\/div>\n\n\n<p class=\"has-text-align-center\">La longue Route<br>St\u00e9phane Melchior \/ Younn Locard<\/p>\n\n\n\n<p class=\"has-small-font-size\"><em>Le 22 ao\u00fbt 1968, <\/em>Bernard Moitessier s\u2019\u00e9lance pour une course \u00e0 la voile en solitaire. Mais apr\u00e8s des<em> semaines de navigation, au moment de conclure son tour du monde et de remporter la course, le marin prend la folle d\u00e9cision de continuer sa route. Son voyage durera plus de 300 jours, avec pour compagnons les oiseaux, les poissons volants, les \u00e9toiles et la mer. La Longue Route est le r\u00e9cit mythique de cette aventure nautique entre calmes et temp\u00eates, o\u00f9 le navigateur go\u00fbte \u00e0 la libert\u00e9 absolue. Plus de cinquante ans plus tard, St\u00e9phane Melchior et Younn Locard donnent \u00e0 voir les immensit\u00e9s bleues, et le cheminement existentiel d\u2019un homme qui r\u00e9sonne toujours avec la m\u00eame modernit\u00e9.<\/em><\/p>\n<\/div><\/div>\n\n\n\n<hr class=\"wp-block-separator has-alpha-channel-opacity\"\/>\n\n\n\n<div class=\"wp-block-group\"><div class=\"wp-block-group__inner-container is-layout-constrained wp-block-group-is-layout-constrained\">\n<div class=\"wp-block-columns is-layout-flex wp-container-core-columns-is-layout-9d6595d7 wp-block-columns-is-layout-flex\">\n<div class=\"wp-block-column is-layout-flow wp-block-column-is-layout-flow\">\n<p>Calendrier<\/p>\n\n\n\n<p class=\"has-small-font-size\">\ud83d\udcda <a href=\"https:\/\/unedunealapage.fr\/?tribe_events=navigateurs-et-oceans-en-bd\" data-type=\"tribe_events\" data-id=\"2680\">Table ronde<br>Navigateurs et Oc\u00e9an en BD<\/a> <span class=\"wp-rich-text-font-awesome-icon wp-font-awesome-icon\"><svg aria-hidden=\"true\" focusable=\"false\" data-prefix=\"fas\" data-icon=\"share\" class=\"svg-inline--fa fa-share \" role=\"img\" xmlns=\"http:\/\/www.w3.org\/2000\/svg\" viewBox=\"0 0 512 512\"><path fill=\"currentColor\" d=\"M307.8 18.4c-12 5-19.8 16.6-19.8 29.6l0 80-112 0c-97.2 0-176 78.8-176 176 0 113.3 81.5 163.9 100.2 174.1 2.5 1.4 5.3 1.9 8.1 1.9 10.9 0 19.7-8.9 19.7-19.7 0-7.5-4.3-14.4-9.8-19.5-9.4-8.8-22.2-26.4-22.2-56.7 0-53 43-96 96-96l96 0 0 80c0 12.9 7.8 24.6 19.8 29.6s25.7 2.2 34.9-6.9l160-160c12.5-12.5 12.5-32.8 0-45.3l-160-160c-9.2-9.2-22.9-11.9-34.9-6.9z\"><\/path><\/svg><\/span><br>\ud83d\udcc5 Samedi 16 mai \u23f0 19h30<br>\ud83d\udccdSalle Marie Madeleine<\/p>\n<\/div>\n\n\n\n<div class=\"wp-block-column is-layout-flow wp-block-column-is-layout-flow\">\n<p>Auteurs et Programme<\/p>\n\n\n\n<p class=\"has-small-font-size\"><span class=\"wp-rich-text-font-awesome-icon wp-font-awesome-icon\"><svg aria-hidden=\"true\" focusable=\"false\" data-prefix=\"fas\" data-icon=\"share\" class=\"svg-inline--fa fa-share \" role=\"img\" xmlns=\"http:\/\/www.w3.org\/2000\/svg\" viewBox=\"0 0 512 512\"><path fill=\"currentColor\" d=\"M307.8 18.4c-12 5-19.8 16.6-19.8 29.6l0 80-112 0c-97.2 0-176 78.8-176 176 0 113.3 81.5 163.9 100.2 174.1 2.5 1.4 5.3 1.9 8.1 1.9 10.9 0 19.7-8.9 19.7-19.7 0-7.5-4.3-14.4-9.8-19.5-9.4-8.8-22.2-26.4-22.2-56.7 0-53 43-96 96-96l96 0 0 80c0 12.9 7.8 24.6 19.8 29.6s25.7 2.2 34.9-6.9l160-160c12.5-12.5 12.5-32.8 0-45.3l-160-160c-9.2-9.2-22.9-11.9-34.9-6.9z\"><\/path><\/svg><\/span> <a href=\"https:\/\/unedunealapage.fr\/?page_id=2238\" data-type=\"page\" data-id=\"2238\">vers Liste des auteurs<\/a><br><span class=\"wp-rich-text-font-awesome-icon wp-font-awesome-icon\"><svg aria-hidden=\"true\" focusable=\"false\" data-prefix=\"fas\" data-icon=\"share\" class=\"svg-inline--fa fa-share \" role=\"img\" xmlns=\"http:\/\/www.w3.org\/2000\/svg\" viewBox=\"0 0 512 512\"><path fill=\"currentColor\" d=\"M307.8 18.4c-12 5-19.8 16.6-19.8 29.6l0 80-112 0c-97.2 0-176 78.8-176 176 0 113.3 81.5 163.9 100.2 174.1 2.5 1.4 5.3 1.9 8.1 1.9 10.9 0 19.7-8.9 19.7-19.7 0-7.5-4.3-14.4-9.8-19.5-9.4-8.8-22.2-26.4-22.2-56.7 0-53 43-96 96-96l96 0 0 80c0 12.9 7.8 24.6 19.8 29.6s25.7 2.2 34.9-6.9l160-160c12.5-12.5 12.5-32.8 0-45.3l-160-160c-9.2-9.2-22.9-11.9-34.9-6.9z\"><\/path><\/svg><\/span> <a href=\"https:\/\/unedunealapage.fr\/?page_id=1925\" data-type=\"page\" data-id=\"1925\">vers Programme<\/a><\/p>\n<\/div>\n<\/div>\n<\/div><\/div>\n\n\n\n<hr class=\"wp-block-separator has-alpha-channel-opacity\"\/>\n<\/div><\/div>\n","protected":false},"excerpt":{"rendered":"<p>St\u00e9phane Melchior N\u00e9 en Bretagne en 1965,&nbsp;St\u00e9phane Melchior&nbsp;a su naviguer avant de savoir faire du v\u00e9lo. Passionn\u00e9 d\u2019histoire de l\u2019art et de mythologies, il est le sc\u00e9nariste de plus d\u2019une &hellip; <\/p>\n<p class=\"link-more\"><a href=\"https:\/\/unedunealapage.fr\/?page_id=2992\" class=\"more-link\">Continuer la lecture<span class=\"screen-reader-text\"> de &laquo;&nbsp;Page St\u00e9phane Melchior&nbsp;&raquo;<\/span><\/a><\/p>\n","protected":false},"author":1,"featured_media":0,"parent":0,"menu_order":0,"comment_status":"closed","ping_status":"closed","template":"","meta":{"_EventAllDay":false,"_EventTimezone":"","_EventStartDate":"","_EventEndDate":"","_EventStartDateUTC":"","_EventEndDateUTC":"","_EventShowMap":false,"_EventShowMapLink":false,"_EventURL":"","_EventCost":"","_EventCostDescription":"","_EventCurrencySymbol":"","_EventCurrencyCode":"","_EventCurrencyPosition":"","_EventDateTimeSeparator":"","_EventTimeRangeSeparator":"","_EventOrganizerID":[],"_EventVenueID":[],"_OrganizerEmail":"","_OrganizerPhone":"","_OrganizerWebsite":"","_VenueAddress":"","_VenueCity":"","_VenueCountry":"","_VenueProvince":"","_VenueState":"","_VenueZip":"","_VenuePhone":"","_VenueURL":"","_VenueStateProvince":"","_VenueLat":"","_VenueLng":"","_VenueShowMap":false,"_VenueShowMapLink":false,"footnotes":""},"class_list":["post-2992","page","type-page","status-publish","hentry"],"_links":{"self":[{"href":"https:\/\/unedunealapage.fr\/index.php?rest_route=\/wp\/v2\/pages\/2992","targetHints":{"allow":["GET"]}}],"collection":[{"href":"https:\/\/unedunealapage.fr\/index.php?rest_route=\/wp\/v2\/pages"}],"about":[{"href":"https:\/\/unedunealapage.fr\/index.php?rest_route=\/wp\/v2\/types\/page"}],"author":[{"embeddable":true,"href":"https:\/\/unedunealapage.fr\/index.php?rest_route=\/wp\/v2\/users\/1"}],"replies":[{"embeddable":true,"href":"https:\/\/unedunealapage.fr\/index.php?rest_route=%2Fwp%2Fv2%2Fcomments&post=2992"}],"version-history":[{"count":5,"href":"https:\/\/unedunealapage.fr\/index.php?rest_route=\/wp\/v2\/pages\/2992\/revisions"}],"predecessor-version":[{"id":3796,"href":"https:\/\/unedunealapage.fr\/index.php?rest_route=\/wp\/v2\/pages\/2992\/revisions\/3796"}],"wp:attachment":[{"href":"https:\/\/unedunealapage.fr\/index.php?rest_route=%2Fwp%2Fv2%2Fmedia&parent=2992"}],"curies":[{"name":"wp","href":"https:\/\/api.w.org\/{rel}","templated":true}]}}