{"id":3017,"date":"2026-03-14T20:26:36","date_gmt":"2026-03-14T19:26:36","guid":{"rendered":"https:\/\/unedunealapage.fr\/?page_id=3017"},"modified":"2026-04-07T15:56:14","modified_gmt":"2026-04-07T13:56:14","slug":"page-emmanuel-blanchard","status":"publish","type":"page","link":"https:\/\/unedunealapage.fr\/?page_id=3017","title":{"rendered":"Page Emmanuel Blanchard"},"content":{"rendered":"\n<div class=\"wp-block-group\"><div class=\"wp-block-group__inner-container is-layout-constrained wp-block-group-is-layout-constrained\">\n<h1 class=\"wp-block-heading has-luminous-vivid-orange-color has-text-color has-link-color wp-elements-1482d8f8db435ee1a25541f2b0f76e87\">Emmanuel Blanchard<\/h1>\n\n\n\n<div class=\"wp-block-media-text is-stacked-on-mobile\" style=\"grid-template-columns:30% auto\"><figure class=\"wp-block-media-text__media\"><img loading=\"lazy\" decoding=\"async\" width=\"333\" height=\"500\" src=\"https:\/\/unedunealapage.fr\/wp-content\/uploads\/2026\/03\/PORTRAIT-EB-copie-333x500.jpg\" alt=\"\" class=\"wp-image-3169 size-full\" srcset=\"https:\/\/unedunealapage.fr\/wp-content\/uploads\/2026\/03\/PORTRAIT-EB-copie-333x500.jpg 333w, https:\/\/unedunealapage.fr\/wp-content\/uploads\/2026\/03\/PORTRAIT-EB-copie-100x150.jpg 100w, https:\/\/unedunealapage.fr\/wp-content\/uploads\/2026\/03\/PORTRAIT-EB-copie.jpg 640w\" sizes=\"auto, (max-width: 333px) 100vw, 333px\" \/><\/figure><div class=\"wp-block-media-text__content\">\n<p class=\"has-small-font-size\">Emmanuel Blanchard est documentariste. Historien de formation, il est l\u2019auteur d\u2019une \u0153uvre exigeante et populaire, m\u00ealant rigueur scientifique et ambition narrative. Parmi ses films marquants :&nbsp;<em>Le Monde sous les bombes&nbsp;<\/em>(Prix du FIGRA 2017),&nbsp;<em>Notre-Dame de Paris, l\u2019\u00e9preuve des si\u00e8cles&nbsp;<\/em>(pr\u00e8s de 10 millions de spectateurs), ou&nbsp;<em>L\u2019Odyss\u00e9e des plages<\/em>. Son dernier film,&nbsp;<em>La Recluse de Saint-Flour : contre-enqu\u00eate<\/em>, co-\u00e9crit avec Gr\u00e9goire Kauffmann entrem\u00eale tournage, archives et dessin pour redonner sa voix \u00e0 une femme tondue.<\/p>\n<\/div><\/div>\n\n\n\n<div class=\"wp-block-group\"><div class=\"wp-block-group__inner-container is-layout-constrained wp-block-group-is-layout-constrained\">\n<div class=\"wp-block-group\"><div class=\"wp-block-group__inner-container is-layout-constrained wp-block-group-is-layout-constrained\">\n<div class=\"wp-block-media-text has-media-on-the-right is-stacked-on-mobile\"><div class=\"wp-block-media-text__content\">\n<h2 class=\"wp-block-heading\">L&rsquo;Odyss\u00e9e des plages<\/h2>\n\n\n\n<p class=\"has-small-font-size\">Sur 5 000 km, la beaut\u00e9 et la vari\u00e9t\u00e9 des plages fran\u00e7aises constituent l\u2019un de nos plus pr\u00e9cieux tr\u00e9sors. Devenue la destination de vacances d\u2019un Fran\u00e7ais sur deux, la plage fait partie de nos vies mais il n\u2019en a pas \u00e9t\u00e9 toujours ainsi. Des premiers bains th\u00e9rapeutiques aux rivages surpeupl\u00e9s, des vill\u00e9giatures aristocrates \u00e0 \u00ab\u00a0Paris-plage\u00a0\u00bb et du pyjama de plage au monokini, ce document raconte comment les plages ont transform\u00e9 notre territoire, nos loisirs et nos m\u0153urs. Au fil des d\u00e9cennies, elles se sont impos\u00e9es comme un symbole de libert\u00e9, le lieu de nos retrouvailles avec un \u00e9tat de nature fantasme, un paradis fragile et indispensable.<\/p>\n\n\n\n<p class=\"has-small-font-size\">Production33<br>R\u00e9alisation Emmanuel Blanchard<\/p>\n<\/div><figure class=\"wp-block-media-text__media\"><img loading=\"lazy\" decoding=\"async\" width=\"500\" height=\"369\" src=\"https:\/\/unedunealapage.fr\/wp-content\/uploads\/2026\/03\/visuel_odyssee_des_plages-500x369.jpg\" alt=\"\" class=\"wp-image-2215 size-full\" srcset=\"https:\/\/unedunealapage.fr\/wp-content\/uploads\/2026\/03\/visuel_odyssee_des_plages-500x369.jpg 500w, https:\/\/unedunealapage.fr\/wp-content\/uploads\/2026\/03\/visuel_odyssee_des_plages-150x111.jpg 150w, https:\/\/unedunealapage.fr\/wp-content\/uploads\/2026\/03\/visuel_odyssee_des_plages.jpg 650w\" sizes=\"auto, (max-width: 500px) 100vw, 500px\" \/><\/figure><\/div>\n<\/div><\/div>\n<\/div><\/div>\n\n\n\n<hr class=\"wp-block-separator has-alpha-channel-opacity\"\/>\n\n\n\n<div class=\"wp-block-group\"><div class=\"wp-block-group__inner-container is-layout-constrained wp-block-group-is-layout-constrained\">\n<div class=\"wp-block-columns is-layout-flex wp-container-core-columns-is-layout-9d6595d7 wp-block-columns-is-layout-flex\">\n<div class=\"wp-block-column is-layout-flow wp-block-column-is-layout-flow\">\n<p>Calendrier<\/p>\n\n\n\n<p class=\"has-small-font-size\">\ud83d\udcda <a href=\"https:\/\/unedunealapage.fr\/?tribe_events=lodyssee-des-plages\" data-type=\"tribe_events\" data-id=\"2678\">Table ronde et<br>\ud83c\udfa5 Projection L&rsquo;Odyss\u00e9e des plages<\/a> <span class=\"wp-rich-text-font-awesome-icon wp-font-awesome-icon\"><svg aria-hidden=\"true\" focusable=\"false\" data-prefix=\"fas\" data-icon=\"share\" class=\"svg-inline--fa fa-share \" role=\"img\" xmlns=\"http:\/\/www.w3.org\/2000\/svg\" viewBox=\"0 0 512 512\"><path fill=\"currentColor\" d=\"M307.8 18.4c-12 5-19.8 16.6-19.8 29.6l0 80-112 0c-97.2 0-176 78.8-176 176 0 113.3 81.5 163.9 100.2 174.1 2.5 1.4 5.3 1.9 8.1 1.9 10.9 0 19.7-8.9 19.7-19.7 0-7.5-4.3-14.4-9.8-19.5-9.4-8.8-22.2-26.4-22.2-56.7 0-53 43-96 96-96l96 0 0 80c0 12.9 7.8 24.6 19.8 29.6s25.7 2.2 34.9-6.9l160-160c12.5-12.5 12.5-32.8 0-45.3l-160-160c-9.2-9.2-22.9-11.9-34.9-6.9z\"><\/path><\/svg><\/span><br>\ud83d\udcc5 Samedi 16 mai \u23f0 17h30<br>\ud83d\udccdSalle Marie Madeleine<\/p>\n<\/div>\n\n\n\n<div class=\"wp-block-column is-layout-flow wp-block-column-is-layout-flow\">\n<p>Auteurs et Programme<\/p>\n\n\n\n<p class=\"has-small-font-size\"><span class=\"wp-rich-text-font-awesome-icon wp-font-awesome-icon\"><svg aria-hidden=\"true\" focusable=\"false\" data-prefix=\"fas\" data-icon=\"share\" class=\"svg-inline--fa fa-share \" role=\"img\" xmlns=\"http:\/\/www.w3.org\/2000\/svg\" viewBox=\"0 0 512 512\"><path fill=\"currentColor\" d=\"M307.8 18.4c-12 5-19.8 16.6-19.8 29.6l0 80-112 0c-97.2 0-176 78.8-176 176 0 113.3 81.5 163.9 100.2 174.1 2.5 1.4 5.3 1.9 8.1 1.9 10.9 0 19.7-8.9 19.7-19.7 0-7.5-4.3-14.4-9.8-19.5-9.4-8.8-22.2-26.4-22.2-56.7 0-53 43-96 96-96l96 0 0 80c0 12.9 7.8 24.6 19.8 29.6s25.7 2.2 34.9-6.9l160-160c12.5-12.5 12.5-32.8 0-45.3l-160-160c-9.2-9.2-22.9-11.9-34.9-6.9z\"><\/path><\/svg><\/span> <a href=\"https:\/\/unedunealapage.fr\/?page_id=2238\" data-type=\"page\" data-id=\"2238\">vers Liste des auteurs<\/a><br><span class=\"wp-rich-text-font-awesome-icon wp-font-awesome-icon\"><svg aria-hidden=\"true\" focusable=\"false\" data-prefix=\"fas\" data-icon=\"share\" class=\"svg-inline--fa fa-share \" role=\"img\" xmlns=\"http:\/\/www.w3.org\/2000\/svg\" viewBox=\"0 0 512 512\"><path fill=\"currentColor\" d=\"M307.8 18.4c-12 5-19.8 16.6-19.8 29.6l0 80-112 0c-97.2 0-176 78.8-176 176 0 113.3 81.5 163.9 100.2 174.1 2.5 1.4 5.3 1.9 8.1 1.9 10.9 0 19.7-8.9 19.7-19.7 0-7.5-4.3-14.4-9.8-19.5-9.4-8.8-22.2-26.4-22.2-56.7 0-53 43-96 96-96l96 0 0 80c0 12.9 7.8 24.6 19.8 29.6s25.7 2.2 34.9-6.9l160-160c12.5-12.5 12.5-32.8 0-45.3l-160-160c-9.2-9.2-22.9-11.9-34.9-6.9z\"><\/path><\/svg><\/span> <a href=\"https:\/\/unedunealapage.fr\/?page_id=1925\" data-type=\"page\" data-id=\"1925\">vers Programme<\/a><\/p>\n<\/div>\n<\/div>\n<\/div><\/div>\n\n\n\n<hr class=\"wp-block-separator has-alpha-channel-opacity\"\/>\n<\/div><\/div>\n\n\n\n<p><\/p>\n","protected":false},"excerpt":{"rendered":"<p>Emmanuel Blanchard Emmanuel Blanchard est documentariste. Historien de formation, il est l\u2019auteur d\u2019une \u0153uvre exigeante et populaire, m\u00ealant rigueur scientifique et ambition narrative. Parmi ses films marquants :&nbsp;Le Monde sous &hellip; <\/p>\n<p class=\"link-more\"><a href=\"https:\/\/unedunealapage.fr\/?page_id=3017\" class=\"more-link\">Continuer la lecture<span class=\"screen-reader-text\"> de &laquo;&nbsp;Page Emmanuel Blanchard&nbsp;&raquo;<\/span><\/a><\/p>\n","protected":false},"author":1,"featured_media":0,"parent":0,"menu_order":0,"comment_status":"closed","ping_status":"closed","template":"","meta":{"_EventAllDay":false,"_EventTimezone":"","_EventStartDate":"","_EventEndDate":"","_EventStartDateUTC":"","_EventEndDateUTC":"","_EventShowMap":false,"_EventShowMapLink":false,"_EventURL":"","_EventCost":"","_EventCostDescription":"","_EventCurrencySymbol":"","_EventCurrencyCode":"","_EventCurrencyPosition":"","_EventDateTimeSeparator":"","_EventTimeRangeSeparator":"","_EventOrganizerID":[],"_EventVenueID":[],"_OrganizerEmail":"","_OrganizerPhone":"","_OrganizerWebsite":"","_VenueAddress":"","_VenueCity":"","_VenueCountry":"","_VenueProvince":"","_VenueState":"","_VenueZip":"","_VenuePhone":"","_VenueURL":"","_VenueStateProvince":"","_VenueLat":"","_VenueLng":"","_VenueShowMap":false,"_VenueShowMapLink":false,"footnotes":""},"class_list":["post-3017","page","type-page","status-publish","hentry"],"_links":{"self":[{"href":"https:\/\/unedunealapage.fr\/index.php?rest_route=\/wp\/v2\/pages\/3017","targetHints":{"allow":["GET"]}}],"collection":[{"href":"https:\/\/unedunealapage.fr\/index.php?rest_route=\/wp\/v2\/pages"}],"about":[{"href":"https:\/\/unedunealapage.fr\/index.php?rest_route=\/wp\/v2\/types\/page"}],"author":[{"embeddable":true,"href":"https:\/\/unedunealapage.fr\/index.php?rest_route=\/wp\/v2\/users\/1"}],"replies":[{"embeddable":true,"href":"https:\/\/unedunealapage.fr\/index.php?rest_route=%2Fwp%2Fv2%2Fcomments&post=3017"}],"version-history":[{"count":5,"href":"https:\/\/unedunealapage.fr\/index.php?rest_route=\/wp\/v2\/pages\/3017\/revisions"}],"predecessor-version":[{"id":3798,"href":"https:\/\/unedunealapage.fr\/index.php?rest_route=\/wp\/v2\/pages\/3017\/revisions\/3798"}],"wp:attachment":[{"href":"https:\/\/unedunealapage.fr\/index.php?rest_route=%2Fwp%2Fv2%2Fmedia&parent=3017"}],"curies":[{"name":"wp","href":"https:\/\/api.w.org\/{rel}","templated":true}]}}