{"id":3053,"date":"2026-03-15T12:36:20","date_gmt":"2026-03-15T11:36:20","guid":{"rendered":"https:\/\/unedunealapage.fr\/?page_id=3053"},"modified":"2026-04-21T17:50:00","modified_gmt":"2026-04-21T15:50:00","slug":"infos-pratiques","status":"publish","type":"page","link":"https:\/\/unedunealapage.fr\/?page_id=3053","title":{"rendered":"Infos pratiques"},"content":{"rendered":"\n<h1 class=\"wp-block-heading has-luminous-vivid-orange-color has-text-color has-link-color wp-elements-961da52a430c5be2be5f933ae64695fd\"><strong>Infos pratiques<\/strong><\/h1>\n\n\n\n<div class=\"wp-block-columns is-layout-flex wp-container-core-columns-is-layout-9d6595d7 wp-block-columns-is-layout-flex\">\n<div class=\"wp-block-column is-vertically-aligned-center is-layout-flow wp-block-column-is-layout-flow\">\n<p class=\"has-text-align-center\">\ud83d\udccd Festival Une Dune \u00e0 la Page<br><br>234 bd de la plage<br>Contis plage<br>40170 Saint Julien en Born<\/p>\n<\/div>\n\n\n\n<div class=\"wp-block-column is-vertically-aligned-top is-layout-flow wp-block-column-is-layout-flow\">\n<iframe src=\"https:\/\/www.google.com\/maps\/embed?pb=!1m18!1m12!1m3!1d3354.3126015611065!2d-1.325852123487864!3d44.09304092387199!2m3!1f0!2f0!3f0!3m2!1i1024!2i768!4f13.1!3m3!1m2!1s0xd538cd402c8a43b%3A0xe5ff400689af8b58!2s234%20Bd%20de%20la%20Plage%2C%2040170%20Saint-Julien-en-Born!5e1!3m2!1sfr!2sfr!4v1773574815583!5m2!1sfr!2sfr\" width=\"600\" height=\"450\" style=\"border:0;\" allowfullscreen=\"\" loading=\"lazy\" referrerpolicy=\"no-referrer-when-downgrade\"><\/iframe>\n<\/div>\n<\/div>\n\n\n\n<h4 class=\"wp-block-heading has-luminous-vivid-orange-color has-text-color has-link-color wp-elements-cdb0879d81d0f37cf1c1ce1f1ce3c8f6\">Comment se rendre au festival<\/h4>\n\n\n\n<p>\ud83d\ude98 Autoroute A63, sortie 14 Onesse et Laharie \/ Contis plage <em>(direction Onesse, M\u00e9zos, Saint Julien en Born, Contis)<\/em><br>\ud83d\ude85 Gare de Morcenx (25 kms de Contis) ou Dax (50 kms de Contis)<br>\ud83d\udeeb A\u00e9roport de Bordeaux ou Biarritz (100 kms de Contis)<\/p>\n\n\n\n<hr class=\"wp-block-separator has-alpha-channel-opacity\"\/>\n\n\n\n<h2 class=\"wp-block-heading\"><strong><mark style=\"background-color:rgba(0, 0, 0, 0)\" class=\"has-inline-color has-luminous-vivid-orange-color\">Lieux des rencontres et tables rondes<\/mark><\/strong><\/h2>\n\n\n\n<div class=\"wp-block-columns is-layout-flex wp-container-core-columns-is-layout-9d6595d7 wp-block-columns-is-layout-flex\">\n<div class=\"wp-block-column is-vertically-aligned-center is-layout-flow wp-block-column-is-layout-flow\">\n<p class=\"has-text-align-center\">\ud83d\udccd Maison de la Station<br><br>339 rue de la Jet\u00e9e<br>Contis plage<br>40170 Saint Julien en Born<\/p>\n<\/div>\n\n\n\n<div class=\"wp-block-column is-vertically-aligned-top is-layout-flow wp-block-column-is-layout-flow\">\n<iframe src=\"https:\/\/www.google.com\/maps\/embed?pb=!1m18!1m12!1m3!1d4563.417841766818!2d-1.3240815227577474!3d44.09032592404776!2m3!1f0!2f0!3f0!3m2!1i1024!2i768!4f13.1!3m3!1m2!1s0xd538dddf3439439%3A0xdf2151f13c953350!2sMaison%20de%20la%20Station!5e1!3m2!1sfr!2sfr!4v1776786195619!5m2!1sfr!2sfr\" width=\"600\" height=\"450\" style=\"border:0;\" allowfullscreen=\"\" loading=\"lazy\" referrerpolicy=\"no-referrer-when-downgrade\"><\/iframe>\n<\/div>\n<\/div>\n\n\n\n<div class=\"wp-block-columns is-layout-flex wp-container-core-columns-is-layout-9d6595d7 wp-block-columns-is-layout-flex\">\n<div class=\"wp-block-column is-vertically-aligned-center is-layout-flow wp-block-column-is-layout-flow\">\n<p class=\"has-text-align-center\">\ud83d\udccd Salle Marie Madeleine<br><br>139 rue de la Chapelle<br>Contis plage<br>40170 Saint Julien en Born<\/p>\n<\/div>\n\n\n\n<div class=\"wp-block-column is-vertically-aligned-top is-layout-flow wp-block-column-is-layout-flow\">\n<iframe src=\"https:\/\/www.google.com\/maps\/embed?pb=!1m18!1m12!1m3!1d4563.258262868613!2d-1.323854322757643!3d44.09239412391302!2m3!1f0!2f0!3f0!3m2!1i1024!2i768!4f13.1!3m3!1m2!1s0xd538cd3c47aaaab%3A0x1a77fa3201d8ea23!2s%C3%89glise%20Sainte-Madeleine%20de%20Contis!5e1!3m2!1sfr!2sfr!4v1776786542159!5m2!1sfr!2sfr\" width=\"600\" height=\"450\" style=\"border:0;\" allowfullscreen=\"\" loading=\"lazy\" referrerpolicy=\"no-referrer-when-downgrade\"><\/iframe>\n<\/div>\n<\/div>\n\n\n\n<hr class=\"wp-block-separator has-alpha-channel-opacity\"\/>\n\n\n\n<h2 class=\"wp-block-heading has-luminous-vivid-orange-color has-text-color has-link-color wp-elements-08ee896149d2916b83d00b1829f22de2\"><strong>Partenariat h\u00e9bergement<\/strong><\/h2>\n\n\n\n<div class=\"wp-block-columns is-layout-flex wp-container-core-columns-is-layout-9d6595d7 wp-block-columns-is-layout-flex\">\n<div class=\"wp-block-column is-layout-flow wp-block-column-is-layout-flow\"><div class=\"wp-block-image\">\n<figure class=\"aligncenter size-large is-resized\"><img loading=\"lazy\" decoding=\"async\" width=\"500\" height=\"429\" src=\"https:\/\/unedunealapage.fr\/wp-content\/uploads\/2026\/03\/LOGO-LOUS-SEURROTS-Hotel-de-plein-Air-Yelloh-Village_blanc-500x429.png\" alt=\"\" class=\"wp-image-3043\" style=\"aspect-ratio:1.165550890729604;width:160px;height:auto\" srcset=\"https:\/\/unedunealapage.fr\/wp-content\/uploads\/2026\/03\/LOGO-LOUS-SEURROTS-Hotel-de-plein-Air-Yelloh-Village_blanc-500x429.png 500w, https:\/\/unedunealapage.fr\/wp-content\/uploads\/2026\/03\/LOGO-LOUS-SEURROTS-Hotel-de-plein-Air-Yelloh-Village_blanc-150x129.png 150w, https:\/\/unedunealapage.fr\/wp-content\/uploads\/2026\/03\/LOGO-LOUS-SEURROTS-Hotel-de-plein-Air-Yelloh-Village_blanc-768x659.png 768w, https:\/\/unedunealapage.fr\/wp-content\/uploads\/2026\/03\/LOGO-LOUS-SEURROTS-Hotel-de-plein-Air-Yelloh-Village_blanc.png 1501w\" sizes=\"auto, (max-width: 500px) 100vw, 500px\" \/><\/figure>\n<\/div><\/div>\n\n\n\n<div class=\"wp-block-column is-vertically-aligned-center is-layout-flow wp-block-column-is-layout-flow\">\n<div class=\"wp-block-buttons is-layout-flex wp-block-buttons-is-layout-flex\">\n<div class=\"wp-block-button has-custom-width wp-block-button__width-50 is-style-outline is-style-outline--1\"><a class=\"wp-block-button__link has-luminous-vivid-amber-background-color has-background has-text-align-center wp-element-button\" href=\"https:\/\/domaine-lous-seurrots.fr\">Lous Seurrots<br>remise 10% <br>R\u00e9servez !<\/a><\/div>\n<\/div>\n<\/div>\n<\/div>\n\n\n\n<p class=\"has-text-align-center\"><strong><br><\/strong>\u00c0 l\u2019occasion du festival, <br>notre partenaire Camping Lous Seurrots***** <br>vous propose une remise exceptionnelle de -10 %* <br>sur l\u2019ensemble des locatifs et emplacements. <\/p>\n\n\n\n<p class=\"has-text-align-center has-small-font-size\"><em>Profitez-en pour tout s\u00e9jour r\u00e9serv\u00e9 avant le 30 avril 2026, <\/em><br><em>valable pour la semaine du festival du 11 au 17 mai 2026 <\/em><br><em>inclus, en utilisant le code promotionnel&nbsp;: DUNE2026<\/em><br>*Offre soumise \u00e0 conditions : remise valable pour <br>tout s\u00e9jour de 3 nuits minimum, <br>non cumulable avec les promotions en cours. <\/p>\n\n\n\n<p class=\"has-text-align-center\">Pour r\u00e9server, <br>rendez-vous sur leur site\u00a0<a href=\"https:\/\/domaine-lous-seurrots.fr\">www.domaine-lous-seurrots.fr\u00a0<\/a><br>ou <br>directement au 05 58 42 85 82<\/p>\n","protected":false},"excerpt":{"rendered":"<p>Infos pratiques \ud83d\udccd Festival Une Dune \u00e0 la Page 234 bd de la plageContis plage40170 Saint Julien en Born Comment se rendre au festival \ud83d\ude98 Autoroute A63, sortie 14 Onesse &hellip; <\/p>\n<p class=\"link-more\"><a href=\"https:\/\/unedunealapage.fr\/?page_id=3053\" class=\"more-link\">Continuer la lecture<span class=\"screen-reader-text\"> de &laquo;&nbsp;Infos pratiques&nbsp;&raquo;<\/span><\/a><\/p>\n","protected":false},"author":1,"featured_media":0,"parent":0,"menu_order":0,"comment_status":"closed","ping_status":"closed","template":"","meta":{"_EventAllDay":false,"_EventTimezone":"","_EventStartDate":"","_EventEndDate":"","_EventStartDateUTC":"","_EventEndDateUTC":"","_EventShowMap":false,"_EventShowMapLink":false,"_EventURL":"","_EventCost":"","_EventCostDescription":"","_EventCurrencySymbol":"","_EventCurrencyCode":"","_EventCurrencyPosition":"","_EventDateTimeSeparator":"","_EventTimeRangeSeparator":"","_EventOrganizerID":[],"_EventVenueID":[],"_OrganizerEmail":"","_OrganizerPhone":"","_OrganizerWebsite":"","_VenueAddress":"","_VenueCity":"","_VenueCountry":"","_VenueProvince":"","_VenueState":"","_VenueZip":"","_VenuePhone":"","_VenueURL":"","_VenueStateProvince":"","_VenueLat":"","_VenueLng":"","_VenueShowMap":false,"_VenueShowMapLink":false,"footnotes":""},"class_list":["post-3053","page","type-page","status-publish","hentry"],"_links":{"self":[{"href":"https:\/\/unedunealapage.fr\/index.php?rest_route=\/wp\/v2\/pages\/3053","targetHints":{"allow":["GET"]}}],"collection":[{"href":"https:\/\/unedunealapage.fr\/index.php?rest_route=\/wp\/v2\/pages"}],"about":[{"href":"https:\/\/unedunealapage.fr\/index.php?rest_route=\/wp\/v2\/types\/page"}],"author":[{"embeddable":true,"href":"https:\/\/unedunealapage.fr\/index.php?rest_route=\/wp\/v2\/users\/1"}],"replies":[{"embeddable":true,"href":"https:\/\/unedunealapage.fr\/index.php?rest_route=%2Fwp%2Fv2%2Fcomments&post=3053"}],"version-history":[{"count":16,"href":"https:\/\/unedunealapage.fr\/index.php?rest_route=\/wp\/v2\/pages\/3053\/revisions"}],"predecessor-version":[{"id":3951,"href":"https:\/\/unedunealapage.fr\/index.php?rest_route=\/wp\/v2\/pages\/3053\/revisions\/3951"}],"wp:attachment":[{"href":"https:\/\/unedunealapage.fr\/index.php?rest_route=%2Fwp%2Fv2%2Fmedia&parent=3053"}],"curies":[{"name":"wp","href":"https:\/\/api.w.org\/{rel}","templated":true}]}}