{"id":3109,"date":"2026-03-17T11:18:34","date_gmt":"2026-03-17T10:18:34","guid":{"rendered":"https:\/\/unedunealapage.fr\/?page_id=3109"},"modified":"2026-04-07T15:51:56","modified_gmt":"2026-04-07T13:51:56","slug":"page-laure-murat","status":"publish","type":"page","link":"https:\/\/unedunealapage.fr\/?page_id=3109","title":{"rendered":"Page Laure Murat"},"content":{"rendered":"\n<h1 class=\"wp-block-heading has-luminous-vivid-orange-color has-text-color has-link-color wp-elements-8868d7c930e86e536d83e51a79294c96\">Laure Murat (sous r\u00e9serve)<\/h1>\n\n\n\n<div class=\"wp-block-group\"><div class=\"wp-block-group__inner-container is-layout-constrained wp-block-group-is-layout-constrained\">\n<div class=\"wp-block-media-text is-stacked-on-mobile\" style=\"padding-top:0;padding-bottom:0;grid-template-columns:52% auto\"><figure class=\"wp-block-media-text__media\"><img loading=\"lazy\" decoding=\"async\" width=\"500\" height=\"283\" src=\"https:\/\/unedunealapage.fr\/wp-content\/uploads\/2026\/03\/Laure_Murat_\u00a9Philippe-Matsas-500x283.webp\" alt=\"\" class=\"wp-image-3110 size-large\" srcset=\"https:\/\/unedunealapage.fr\/wp-content\/uploads\/2026\/03\/Laure_Murat_\u00a9Philippe-Matsas-500x283.webp 500w, https:\/\/unedunealapage.fr\/wp-content\/uploads\/2026\/03\/Laure_Murat_\u00a9Philippe-Matsas-150x85.webp 150w, https:\/\/unedunealapage.fr\/wp-content\/uploads\/2026\/03\/Laure_Murat_\u00a9Philippe-Matsas-768x435.webp 768w, https:\/\/unedunealapage.fr\/wp-content\/uploads\/2026\/03\/Laure_Murat_\u00a9Philippe-Matsas.webp 1200w\" sizes=\"auto, (max-width: 500px) 100vw, 500px\" \/><\/figure><div class=\"wp-block-media-text__content\">\n<p class=\"has-small-font-size\" style=\"min-height:0px;line-height:1.4\">Laure Murat est \u00e9crivaine et professeure \u00e0 l\u2019Universit\u00e9 de Californie-Los Angeles. Depuis l\u2019av\u00e8nement de #MeToo, elle intervient r\u00e9guli\u00e8rement dans la presse au sujet des guerres culturelles qui d\u00e9chirent la France et les \u00c9tats-Unis. Elle est l\u2019autrice d\u2019une dizaine de livres, dont Une r\u00e9volution sexuelle ? R\u00e9flexions sur l\u2019affaire Weinstein (Stock, 2018) et Qui annule quoi ? (Seuil, 2022). En 2023, son livre Proust, roman familial(Robert Laffont) a obtenu le prix M\u00e9dicis essai.<br><\/p>\n<\/div><\/div>\n<\/div><\/div>\n\n\n\n<div class=\"wp-block-group\"><div class=\"wp-block-group__inner-container is-layout-constrained wp-block-group-is-layout-constrained\">\n<div class=\"wp-block-media-text has-media-on-the-right is-stacked-on-mobile\" style=\"grid-template-columns:auto 36%\"><div class=\"wp-block-media-text__content\">\n<p style=\"font-size:12px;line-height:1.5\">Depuis quelques ann\u00e9es, un malaise s\u2019est install\u00e9 dans la culture contemporaine. Ici on r\u00e9crit les classiques pour les purger du racisme et du sexisme, ailleurs on en appelle \u00e0 une surench\u00e8re de contextualisations et on s\u2019appuie sur des sensitivity readers (d\u00e9mineurs \u00e9ditoriaux). Et si la question qui sous-tend ce vaste d\u00e9bat \u00e9tait mal pos\u00e9e\u2009? S\u2019il s\u2019agissait, dans bien des cas, d\u2019argent et non d\u2019\u00e9thique\u2009? Si la censure n\u2019\u00e9tait pas du c\u00f4t\u00e9 qu\u2019on croit\u2009? Si les pr\u00e9cautions prises \u00e0 tout contextualiser produisaient \u00e0 terme un effet pervers\u2009?<\/p>\n\n\n\n<p style=\"font-size:12px;line-height:1.5\">\u00c0 l\u2019aide d\u2019exemples concrets et finement analys\u00e9s, notamment des \u0153uvres de Ian Fleming, Agatha Christie, Roald Dahl, Herg\u00e9, Claire de Duras ou encore Mark Twain, Laure Murat tente de rebattre les cartes d\u2019une pol\u00e9mique qui, \u00e0 force d\u2019amplifier, brouille les vrais enjeux de la cr\u00e9ation et de sa dimension politique.<\/p>\n<\/div><figure class=\"wp-block-media-text__media\"><img loading=\"lazy\" decoding=\"async\" width=\"318\" height=\"500\" src=\"https:\/\/unedunealapage.fr\/wp-content\/uploads\/2026\/03\/toutes_les_epoques_sont_degueulasses-318x500.jpg\" alt=\"\" class=\"wp-image-2183 size-full\" srcset=\"https:\/\/unedunealapage.fr\/wp-content\/uploads\/2026\/03\/toutes_les_epoques_sont_degueulasses-318x500.jpg 318w, https:\/\/unedunealapage.fr\/wp-content\/uploads\/2026\/03\/toutes_les_epoques_sont_degueulasses-96x150.jpg 96w, https:\/\/unedunealapage.fr\/wp-content\/uploads\/2026\/03\/toutes_les_epoques_sont_degueulasses.jpg 382w\" sizes=\"auto, (max-width: 318px) 100vw, 318px\" \/><\/figure><\/div>\n<\/div><\/div>\n\n\n\n<hr class=\"wp-block-separator has-alpha-channel-opacity\"\/>\n\n\n\n<div class=\"wp-block-media-text is-stacked-on-mobile\" style=\"grid-template-columns:34% auto\"><figure class=\"wp-block-media-text__media\"><img loading=\"lazy\" decoding=\"async\" width=\"186\" height=\"300\" src=\"https:\/\/unedunealapage.fr\/wp-content\/uploads\/2026\/03\/Prous_roman_familial-1.jpg\" alt=\"\" class=\"wp-image-3111 size-full\" srcset=\"https:\/\/unedunealapage.fr\/wp-content\/uploads\/2026\/03\/Prous_roman_familial-1.jpg 186w, https:\/\/unedunealapage.fr\/wp-content\/uploads\/2026\/03\/Prous_roman_familial-1-93x150.jpg 93w\" sizes=\"auto, (max-width: 186px) 100vw, 186px\" \/><\/figure><div class=\"wp-block-media-text__content\">\n<p class=\"has-small-font-size\">Toute mon adolescence, j\u2019\u00e9tais persuad\u00e9e que les personnages d\u2019\u00c0 la recherche du temps perdu \u00e9taient des cousins que je n\u2019avais pas encore rencontr\u00e9s. \u00c0 la maison, les r\u00e9pliques de Charlus, les vacheries de la duchesse de Guermantes se confondaient avec les bons mots entendus \u00e0 table, sans solution de continuit\u00e9 entre fiction et r\u00e9alit\u00e9. Car le monde r\u00e9volu o\u00f9 j\u2019ai grandi \u00e9tait encore celui de Proust, qui avait connu mes arri\u00e8re-grands-parents, dont les noms figurent dans son roman. J\u2019ai fini, vers l\u2019\u00e2ge de vingt ans, par lire La Recherche. Et l\u00e0, ma vie a chang\u00e9. Proust savait mieux que moi ce que je traversais. Avant m\u00eame ma rupture avec ma propre famille, il m\u2019offrait une m\u00e9ditation sur l\u2019exil int\u00e9rieur v\u00e9cu par celles et ceux qui s\u2019\u00e9cartent des normes sociales et sexuelles. Proust m\u2019a constitu\u00e9e comme sujet. L. M<br><\/p>\n<\/div><\/div>\n\n\n\n<div class=\"wp-block-columns is-layout-flex wp-container-core-columns-is-layout-9d6595d7 wp-block-columns-is-layout-flex\">\n<div class=\"wp-block-column is-layout-flow wp-block-column-is-layout-flow\">\n<p>Calendrier<\/p>\n\n\n\n<p class=\"has-small-font-size\">\ud83d\udcda<a href=\"https:\/\/unedunealapage.fr\/?tribe_events=les-arts-de-lire\" data-type=\"tribe_events\" data-id=\"2657\">Table ronde<br>Les Arts de Lire<\/a> <span class=\"wp-rich-text-font-awesome-icon wp-font-awesome-icon\"><svg aria-hidden=\"true\" focusable=\"false\" data-prefix=\"fas\" data-icon=\"share\" class=\"svg-inline--fa fa-share \" role=\"img\" xmlns=\"http:\/\/www.w3.org\/2000\/svg\" viewBox=\"0 0 512 512\"><path fill=\"currentColor\" d=\"M307.8 18.4c-12 5-19.8 16.6-19.8 29.6l0 80-112 0c-97.2 0-176 78.8-176 176 0 113.3 81.5 163.9 100.2 174.1 2.5 1.4 5.3 1.9 8.1 1.9 10.9 0 19.7-8.9 19.7-19.7 0-7.5-4.3-14.4-9.8-19.5-9.4-8.8-22.2-26.4-22.2-56.7 0-53 43-96 96-96l96 0 0 80c0 12.9 7.8 24.6 19.8 29.6s25.7 2.2 34.9-6.9l160-160c12.5-12.5 12.5-32.8 0-45.3l-160-160c-9.2-9.2-22.9-11.9-34.9-6.9z\"><\/path><\/svg><\/span><br>\ud83d\udcc5 Vendredi 15 mai \u23f0 11h<br>\ud83d\udccdMaison de la Station<\/p>\n\n\n\n<p class=\"has-small-font-size\">\ud83d\udcda<a href=\"https:\/\/unedunealapage.fr\/?tribe_events=ecrire-lhistoire-des-siens\" data-type=\"tribe_events\" data-id=\"2663\">Table ronde<br>Ecrire l&rsquo;histoire des siens<\/a> <span class=\"wp-rich-text-font-awesome-icon wp-font-awesome-icon\"><svg aria-hidden=\"true\" focusable=\"false\" data-prefix=\"fas\" data-icon=\"share\" class=\"svg-inline--fa fa-share \" role=\"img\" xmlns=\"http:\/\/www.w3.org\/2000\/svg\" viewBox=\"0 0 512 512\"><path fill=\"currentColor\" d=\"M307.8 18.4c-12 5-19.8 16.6-19.8 29.6l0 80-112 0c-97.2 0-176 78.8-176 176 0 113.3 81.5 163.9 100.2 174.1 2.5 1.4 5.3 1.9 8.1 1.9 10.9 0 19.7-8.9 19.7-19.7 0-7.5-4.3-14.4-9.8-19.5-9.4-8.8-22.2-26.4-22.2-56.7 0-53 43-96 96-96l96 0 0 80c0 12.9 7.8 24.6 19.8 29.6s25.7 2.2 34.9-6.9l160-160c12.5-12.5 12.5-32.8 0-45.3l-160-160c-9.2-9.2-22.9-11.9-34.9-6.9z\"><\/path><\/svg><\/span><br>\ud83d\udcc5 Vendredi 15 mai \u23f0 14h<br>\ud83d\udccdMaison de la Station<\/p>\n<\/div>\n\n\n\n<div class=\"wp-block-column is-layout-flow wp-block-column-is-layout-flow\">\n<p>Auteurs et Programme<\/p>\n\n\n\n<p class=\"has-small-font-size\"><span class=\"wp-rich-text-font-awesome-icon wp-font-awesome-icon\"><svg aria-hidden=\"true\" focusable=\"false\" data-prefix=\"fas\" data-icon=\"share\" class=\"svg-inline--fa fa-share \" role=\"img\" xmlns=\"http:\/\/www.w3.org\/2000\/svg\" viewBox=\"0 0 512 512\"><path fill=\"currentColor\" d=\"M307.8 18.4c-12 5-19.8 16.6-19.8 29.6l0 80-112 0c-97.2 0-176 78.8-176 176 0 113.3 81.5 163.9 100.2 174.1 2.5 1.4 5.3 1.9 8.1 1.9 10.9 0 19.7-8.9 19.7-19.7 0-7.5-4.3-14.4-9.8-19.5-9.4-8.8-22.2-26.4-22.2-56.7 0-53 43-96 96-96l96 0 0 80c0 12.9 7.8 24.6 19.8 29.6s25.7 2.2 34.9-6.9l160-160c12.5-12.5 12.5-32.8 0-45.3l-160-160c-9.2-9.2-22.9-11.9-34.9-6.9z\"><\/path><\/svg><\/span> <a href=\"https:\/\/unedunealapage.fr\/?page_id=2238\" data-type=\"page\" data-id=\"2238\">vers Liste des auteurs<\/a><br><span class=\"wp-rich-text-font-awesome-icon wp-font-awesome-icon\"><svg aria-hidden=\"true\" focusable=\"false\" data-prefix=\"fas\" data-icon=\"share\" class=\"svg-inline--fa fa-share \" role=\"img\" xmlns=\"http:\/\/www.w3.org\/2000\/svg\" viewBox=\"0 0 512 512\"><path fill=\"currentColor\" d=\"M307.8 18.4c-12 5-19.8 16.6-19.8 29.6l0 80-112 0c-97.2 0-176 78.8-176 176 0 113.3 81.5 163.9 100.2 174.1 2.5 1.4 5.3 1.9 8.1 1.9 10.9 0 19.7-8.9 19.7-19.7 0-7.5-4.3-14.4-9.8-19.5-9.4-8.8-22.2-26.4-22.2-56.7 0-53 43-96 96-96l96 0 0 80c0 12.9 7.8 24.6 19.8 29.6s25.7 2.2 34.9-6.9l160-160c12.5-12.5 12.5-32.8 0-45.3l-160-160c-9.2-9.2-22.9-11.9-34.9-6.9z\"><\/path><\/svg><\/span> <a href=\"https:\/\/unedunealapage.fr\/?page_id=1925\" data-type=\"page\" data-id=\"1925\">vers Programme<\/a><\/p>\n<\/div>\n<\/div>\n\n\n\n<hr class=\"wp-block-separator has-alpha-channel-opacity\"\/>\n","protected":false},"excerpt":{"rendered":"<p>Laure Murat (sous r\u00e9serve) Laure Murat est \u00e9crivaine et professeure \u00e0 l\u2019Universit\u00e9 de Californie-Los Angeles. Depuis l\u2019av\u00e8nement de #MeToo, elle intervient r\u00e9guli\u00e8rement dans la presse au sujet des guerres culturelles &hellip; <\/p>\n<p class=\"link-more\"><a href=\"https:\/\/unedunealapage.fr\/?page_id=3109\" class=\"more-link\">Continuer la lecture<span class=\"screen-reader-text\"> de &laquo;&nbsp;Page Laure Murat&nbsp;&raquo;<\/span><\/a><\/p>\n","protected":false},"author":1,"featured_media":0,"parent":0,"menu_order":0,"comment_status":"closed","ping_status":"closed","template":"","meta":{"_EventAllDay":false,"_EventTimezone":"","_EventStartDate":"","_EventEndDate":"","_EventStartDateUTC":"","_EventEndDateUTC":"","_EventShowMap":false,"_EventShowMapLink":false,"_EventURL":"","_EventCost":"","_EventCostDescription":"","_EventCurrencySymbol":"","_EventCurrencyCode":"","_EventCurrencyPosition":"","_EventDateTimeSeparator":"","_EventTimeRangeSeparator":"","_EventOrganizerID":[],"_EventVenueID":[],"_OrganizerEmail":"","_OrganizerPhone":"","_OrganizerWebsite":"","_VenueAddress":"","_VenueCity":"","_VenueCountry":"","_VenueProvince":"","_VenueState":"","_VenueZip":"","_VenuePhone":"","_VenueURL":"","_VenueStateProvince":"","_VenueLat":"","_VenueLng":"","_VenueShowMap":false,"_VenueShowMapLink":false,"footnotes":""},"class_list":["post-3109","page","type-page","status-publish","hentry"],"_links":{"self":[{"href":"https:\/\/unedunealapage.fr\/index.php?rest_route=\/wp\/v2\/pages\/3109","targetHints":{"allow":["GET"]}}],"collection":[{"href":"https:\/\/unedunealapage.fr\/index.php?rest_route=\/wp\/v2\/pages"}],"about":[{"href":"https:\/\/unedunealapage.fr\/index.php?rest_route=\/wp\/v2\/types\/page"}],"author":[{"embeddable":true,"href":"https:\/\/unedunealapage.fr\/index.php?rest_route=\/wp\/v2\/users\/1"}],"replies":[{"embeddable":true,"href":"https:\/\/unedunealapage.fr\/index.php?rest_route=%2Fwp%2Fv2%2Fcomments&post=3109"}],"version-history":[{"count":3,"href":"https:\/\/unedunealapage.fr\/index.php?rest_route=\/wp\/v2\/pages\/3109\/revisions"}],"predecessor-version":[{"id":3712,"href":"https:\/\/unedunealapage.fr\/index.php?rest_route=\/wp\/v2\/pages\/3109\/revisions\/3712"}],"wp:attachment":[{"href":"https:\/\/unedunealapage.fr\/index.php?rest_route=%2Fwp%2Fv2%2Fmedia&parent=3109"}],"curies":[{"name":"wp","href":"https:\/\/api.w.org\/{rel}","templated":true}]}}