{"id":3121,"date":"2026-03-17T13:12:55","date_gmt":"2026-03-17T12:12:55","guid":{"rendered":"https:\/\/unedunealapage.fr\/?page_id=3121"},"modified":"2026-04-12T10:13:01","modified_gmt":"2026-04-12T08:13:01","slug":"page-maylis-de-kerangal","status":"publish","type":"page","link":"https:\/\/unedunealapage.fr\/?page_id=3121","title":{"rendered":"Page Maylis de K\u00e9rangal"},"content":{"rendered":"\n<div class=\"wp-block-group\"><div class=\"wp-block-group__inner-container is-layout-constrained wp-block-group-is-layout-constrained\">\n<h1 class=\"wp-block-heading has-text-align-left has-luminous-vivid-orange-color has-text-color has-link-color wp-elements-7896c53bcd555222cf4e985967dc7460\">Maylis de K\u00e9rangal<\/h1>\n\n\n<div class=\"wp-block-image\">\n<figure class=\"alignleft size-large is-resized\"><img loading=\"lazy\" decoding=\"async\" width=\"500\" height=\"333\" src=\"https:\/\/unedunealapage.fr\/wp-content\/uploads\/2026\/03\/Maylis_de_Kerangal-500x333.jpeg\" alt=\"\" class=\"wp-image-3192\" style=\"width:357px;height:auto\" srcset=\"https:\/\/unedunealapage.fr\/wp-content\/uploads\/2026\/03\/Maylis_de_Kerangal-500x333.jpeg 500w, https:\/\/unedunealapage.fr\/wp-content\/uploads\/2026\/03\/Maylis_de_Kerangal-150x100.jpeg 150w, https:\/\/unedunealapage.fr\/wp-content\/uploads\/2026\/03\/Maylis_de_Kerangal-768x512.jpeg 768w, https:\/\/unedunealapage.fr\/wp-content\/uploads\/2026\/03\/Maylis_de_Kerangal-1536x1024.jpeg 1536w, https:\/\/unedunealapage.fr\/wp-content\/uploads\/2026\/03\/Maylis_de_Kerangal-2048x1365.jpeg 2048w\" sizes=\"auto, (max-width: 500px) 100vw, 500px\" \/><figcaption class=\"wp-element-caption\">Maylis de Kerangal<br>\u00a9<\/figcaption><\/figure>\n<\/div>\n\n\n<p class=\"has-small-font-size\">Maylis de K\u00e9rangal est une figure incontournable de la litt\u00e9rature contemporaine fran\u00e7aise, elle est n\u00e9e en 1967. Elle grandit au Havre dans une famille de marins et passe une grande partie de son enfance \u00e0 voyager sur les mers avec ses parents. Cette exp\u00e9rience d\u00e9veloppe en elle une fascination pour les histoires de voyage et d\u2019aventure, qui influencent grandement son travail. Apr\u00e8s des \u00e9tudes d\u2019histoire, de philosophie et d\u2019ethnologie, Maylis de K\u00e9rangal travaille comme \u00e9ditrice pour les \u00e9ditions Gallimard en 1991. Elle publie son premier roman en 2000 aux \u00e9ditions Verticales, \u00ab Je marche sous un ciel de tra\u00eene \u00bb qui m\u00eale avec talent introspection et paysages po\u00e9tiques. En parall\u00e8le de l\u2019\u00e9criture, elle cr\u00e9e les \u00e9ditions du Baron perch\u00e9, maison sp\u00e9cialis\u00e9e en litt\u00e9rature jeunesse, pour laquelle elle travaille jusqu\u2019en 2008. R\u00e9v\u00e9l\u00e9e au grand public par \u00ab Naissance d\u2019un pont \u00bb (2010), pour lequel elle obtient le Prix M\u00e9dicis, Maylis de Kerangal marque les esprits avec \u00ab R\u00e9parer les vivants \u00bb (2014), un roman bouleversant qui retrace les 24 heures d\u2019une transplantation cardiaque. Connue pour son style litt\u00e9raire po\u00e9tique et pour son \u0153uvre prot\u00e9iforme, Maylis de Kerangal explore les th\u00e9matiques du corps, des territoires et des exp\u00e9riences humaines intenses. Son dernier roman \u00ab Jour de ressac \u00bb est sorti en 2024 aux \u00e9ditions Verticales.<\/p>\n\n\n\n<div style=\"height:41px\" aria-hidden=\"true\" class=\"wp-block-spacer\"><\/div>\n\n\n\n<div class=\"wp-block-media-text is-stacked-on-mobile\" style=\"grid-template-columns:33% auto\"><figure class=\"wp-block-media-text__media\"><img loading=\"lazy\" decoding=\"async\" width=\"319\" height=\"500\" src=\"https:\/\/unedunealapage.fr\/wp-content\/uploads\/2026\/03\/la_lentille_et_le_roman_couv-319x500.jpg\" alt=\"\" class=\"wp-image-3202 size-full\" srcset=\"https:\/\/unedunealapage.fr\/wp-content\/uploads\/2026\/03\/la_lentille_et_le_roman_couv-319x500.jpg 319w, https:\/\/unedunealapage.fr\/wp-content\/uploads\/2026\/03\/la_lentille_et_le_roman_couv-96x150.jpg 96w, https:\/\/unedunealapage.fr\/wp-content\/uploads\/2026\/03\/la_lentille_et_le_roman_couv-768x1205.jpg 768w, https:\/\/unedunealapage.fr\/wp-content\/uploads\/2026\/03\/la_lentille_et_le_roman_couv-979x1536.jpg 979w, https:\/\/unedunealapage.fr\/wp-content\/uploads\/2026\/03\/la_lentille_et_le_roman_couv.jpg 1182w\" sizes=\"auto, (max-width: 319px) 100vw, 319px\" \/><\/figure><div class=\"wp-block-media-text__content\">\n<p><strong>\u00ab Le roman et la lentille \u00bb&nbsp;<\/strong><\/p>\n\n\n\n<p>Sortie le 7 maI 2026 chez Verdier.<\/p>\n<\/div><\/div>\n\n\n\n<hr class=\"wp-block-separator has-alpha-channel-opacity\"\/>\n<\/div><\/div>\n\n\n\n<div class=\"wp-block-media-text has-media-on-the-right is-stacked-on-mobile\" style=\"grid-template-columns:auto 33%\"><div class=\"wp-block-media-text__content\">\n<p class=\"has-small-font-size\">\u00ab&nbsp;Finalement, il vous dit quelque chose, notre homme&nbsp;? Nous arrivions \u00e0 hauteur de Gonfreville-l\u2019Orcher, la raffinerie sortait de terre, ind\u00e9chiffrable et n\u00e9buleuse, fa\u00e7on Gotham City, une autre ville derri\u00e8re la ville, j\u2019ai baiss\u00e9 ma vitre et inhal\u00e9 longuement, le nez orient\u00e9 vers les tours de distillation, vers ce Meccano d\u00e9mentiel. L\u2019\u00e9trange puanteur s\u2019engouffrait dans la voiture, m\u00e9lange d\u2019hydrocarbures, de sel et de poudre. Il m\u2019a intim\u00e9 de refermer, avant de m\u2019interroger de nouveau, pourquoi avais-je finalement demand\u00e9 \u00e0 voir le corps&nbsp;? C\u2019est que vous y avez repens\u00e9, c\u2019est que quelque chose a d\u00fb vous revenir.<br>Oui, j\u2019y avais repens\u00e9. Qu\u2019est-ce qu\u2019il s\u2019imaginait. Je n\u2019avais pratiquement fait que penser \u00e0 \u00e7a depuis ce matin, mais y penser avait fini par prendre la forme d\u2019une ville, d\u2019un premier amour, la forme d\u2019un porte-conteneurs.&nbsp;\u00bb<\/p>\n<\/div><figure class=\"wp-block-media-text__media\"><img loading=\"lazy\" decoding=\"async\" width=\"341\" height=\"500\" src=\"https:\/\/unedunealapage.fr\/wp-content\/uploads\/2026\/03\/jour_de_ressac-341x500.jpg\" alt=\"\" class=\"wp-image-3122 size-full\" srcset=\"https:\/\/unedunealapage.fr\/wp-content\/uploads\/2026\/03\/jour_de_ressac-341x500.jpg 341w, https:\/\/unedunealapage.fr\/wp-content\/uploads\/2026\/03\/jour_de_ressac-102x150.jpg 102w, https:\/\/unedunealapage.fr\/wp-content\/uploads\/2026\/03\/jour_de_ressac-768x1125.jpg 768w, https:\/\/unedunealapage.fr\/wp-content\/uploads\/2026\/03\/jour_de_ressac.jpg 827w\" sizes=\"auto, (max-width: 341px) 100vw, 341px\" \/><\/figure><\/div>\n\n\n\n<hr class=\"wp-block-separator has-alpha-channel-opacity\"\/>\n\n\n\n<div class=\"wp-block-columns is-layout-flex wp-container-core-columns-is-layout-9d6595d7 wp-block-columns-is-layout-flex\">\n<div class=\"wp-block-column is-layout-flow wp-block-column-is-layout-flow\">\n<p>Calendrier<\/p>\n\n\n\n<p class=\"has-small-font-size\">\ud83d\udcda<a href=\"https:\/\/unedunealapage.fr\/?tribe_events=les-arts-de-lire\" data-type=\"tribe_events\" data-id=\"2657\">Table ronde<br>Les Arts de Lire<\/a> <span class=\"wp-rich-text-font-awesome-icon wp-font-awesome-icon\"><svg aria-hidden=\"true\" focusable=\"false\" data-prefix=\"fas\" data-icon=\"share\" class=\"svg-inline--fa fa-share \" role=\"img\" xmlns=\"http:\/\/www.w3.org\/2000\/svg\" viewBox=\"0 0 512 512\"><path fill=\"currentColor\" d=\"M307.8 18.4c-12 5-19.8 16.6-19.8 29.6l0 80-112 0c-97.2 0-176 78.8-176 176 0 113.3 81.5 163.9 100.2 174.1 2.5 1.4 5.3 1.9 8.1 1.9 10.9 0 19.7-8.9 19.7-19.7 0-7.5-4.3-14.4-9.8-19.5-9.4-8.8-22.2-26.4-22.2-56.7 0-53 43-96 96-96l96 0 0 80c0 12.9 7.8 24.6 19.8 29.6s25.7 2.2 34.9-6.9l160-160c12.5-12.5 12.5-32.8 0-45.3l-160-160c-9.2-9.2-22.9-11.9-34.9-6.9z\"><\/path><\/svg><\/span><br>\ud83d\udcc5 Vendredi 15 mai \u23f0 11h<br>\ud83d\udccdMaison de la Station<\/p>\n\n\n\n<p class=\"has-small-font-size\">\ud83d\udcda<a href=\"https:\/\/unedunealapage.fr\/?tribe_events=maylis-de-kerangal\" data-type=\"tribe_events\" data-id=\"3847\">Rencontre litt\u00e9raire <\/a><span class=\"wp-rich-text-font-awesome-icon wp-font-awesome-icon\"><svg aria-hidden=\"true\" focusable=\"false\" data-prefix=\"fas\" data-icon=\"share\" class=\"svg-inline--fa fa-share \" role=\"img\" xmlns=\"http:\/\/www.w3.org\/2000\/svg\" viewBox=\"0 0 512 512\"><path fill=\"currentColor\" d=\"M307.8 18.4c-12 5-19.8 16.6-19.8 29.6l0 80-112 0c-97.2 0-176 78.8-176 176 0 113.3 81.5 163.9 100.2 174.1 2.5 1.4 5.3 1.9 8.1 1.9 10.9 0 19.7-8.9 19.7-19.7 0-7.5-4.3-14.4-9.8-19.5-9.4-8.8-22.2-26.4-22.2-56.7 0-53 43-96 96-96l96 0 0 80c0 12.9 7.8 24.6 19.8 29.6s25.7 2.2 34.9-6.9l160-160c12.5-12.5 12.5-32.8 0-45.3l-160-160c-9.2-9.2-22.9-11.9-34.9-6.9z\"><\/path><\/svg><\/span><br>\ud83d\udcc5 Vendredi 15 mai \u23f0 16h<br>\ud83d\udccdMaison de la Station<\/p>\n<\/div>\n\n\n\n<div class=\"wp-block-column is-layout-flow wp-block-column-is-layout-flow\">\n<p>Auteurs et Programme<\/p>\n\n\n\n<p class=\"has-small-font-size\"><span class=\"wp-rich-text-font-awesome-icon wp-font-awesome-icon\"><svg aria-hidden=\"true\" focusable=\"false\" data-prefix=\"fas\" data-icon=\"share\" class=\"svg-inline--fa fa-share \" role=\"img\" xmlns=\"http:\/\/www.w3.org\/2000\/svg\" viewBox=\"0 0 512 512\"><path fill=\"currentColor\" d=\"M307.8 18.4c-12 5-19.8 16.6-19.8 29.6l0 80-112 0c-97.2 0-176 78.8-176 176 0 113.3 81.5 163.9 100.2 174.1 2.5 1.4 5.3 1.9 8.1 1.9 10.9 0 19.7-8.9 19.7-19.7 0-7.5-4.3-14.4-9.8-19.5-9.4-8.8-22.2-26.4-22.2-56.7 0-53 43-96 96-96l96 0 0 80c0 12.9 7.8 24.6 19.8 29.6s25.7 2.2 34.9-6.9l160-160c12.5-12.5 12.5-32.8 0-45.3l-160-160c-9.2-9.2-22.9-11.9-34.9-6.9z\"><\/path><\/svg><\/span> <a href=\"https:\/\/unedunealapage.fr\/?page_id=2238\" data-type=\"page\" data-id=\"2238\">vers Liste des auteurs<\/a><br><span class=\"wp-rich-text-font-awesome-icon wp-font-awesome-icon\"><svg aria-hidden=\"true\" focusable=\"false\" data-prefix=\"fas\" data-icon=\"share\" class=\"svg-inline--fa fa-share \" role=\"img\" xmlns=\"http:\/\/www.w3.org\/2000\/svg\" viewBox=\"0 0 512 512\"><path fill=\"currentColor\" d=\"M307.8 18.4c-12 5-19.8 16.6-19.8 29.6l0 80-112 0c-97.2 0-176 78.8-176 176 0 113.3 81.5 163.9 100.2 174.1 2.5 1.4 5.3 1.9 8.1 1.9 10.9 0 19.7-8.9 19.7-19.7 0-7.5-4.3-14.4-9.8-19.5-9.4-8.8-22.2-26.4-22.2-56.7 0-53 43-96 96-96l96 0 0 80c0 12.9 7.8 24.6 19.8 29.6s25.7 2.2 34.9-6.9l160-160c12.5-12.5 12.5-32.8 0-45.3l-160-160c-9.2-9.2-22.9-11.9-34.9-6.9z\"><\/path><\/svg><\/span> <a href=\"https:\/\/unedunealapage.fr\/?page_id=1925\" data-type=\"page\" data-id=\"1925\">vers Programme<\/a><\/p>\n<\/div>\n<\/div>\n","protected":false},"excerpt":{"rendered":"<p>Maylis de K\u00e9rangal Maylis de K\u00e9rangal est une figure incontournable de la litt\u00e9rature contemporaine fran\u00e7aise, elle est n\u00e9e en 1967. Elle grandit au Havre dans une famille de marins et &hellip; <\/p>\n<p class=\"link-more\"><a href=\"https:\/\/unedunealapage.fr\/?page_id=3121\" class=\"more-link\">Continuer la lecture<span class=\"screen-reader-text\"> de &laquo;&nbsp;Page Maylis de K\u00e9rangal&nbsp;&raquo;<\/span><\/a><\/p>\n","protected":false},"author":1,"featured_media":0,"parent":0,"menu_order":0,"comment_status":"closed","ping_status":"closed","template":"","meta":{"_EventAllDay":false,"_EventTimezone":"","_EventStartDate":"","_EventEndDate":"","_EventStartDateUTC":"","_EventEndDateUTC":"","_EventShowMap":false,"_EventShowMapLink":false,"_EventURL":"","_EventCost":"","_EventCostDescription":"","_EventCurrencySymbol":"","_EventCurrencyCode":"","_EventCurrencyPosition":"","_EventDateTimeSeparator":"","_EventTimeRangeSeparator":"","_EventOrganizerID":[],"_EventVenueID":[],"_OrganizerEmail":"","_OrganizerPhone":"","_OrganizerWebsite":"","_VenueAddress":"","_VenueCity":"","_VenueCountry":"","_VenueProvince":"","_VenueState":"","_VenueZip":"","_VenuePhone":"","_VenueURL":"","_VenueStateProvince":"","_VenueLat":"","_VenueLng":"","_VenueShowMap":false,"_VenueShowMapLink":false,"footnotes":""},"class_list":["post-3121","page","type-page","status-publish","hentry"],"_links":{"self":[{"href":"https:\/\/unedunealapage.fr\/index.php?rest_route=\/wp\/v2\/pages\/3121","targetHints":{"allow":["GET"]}}],"collection":[{"href":"https:\/\/unedunealapage.fr\/index.php?rest_route=\/wp\/v2\/pages"}],"about":[{"href":"https:\/\/unedunealapage.fr\/index.php?rest_route=\/wp\/v2\/types\/page"}],"author":[{"embeddable":true,"href":"https:\/\/unedunealapage.fr\/index.php?rest_route=\/wp\/v2\/users\/1"}],"replies":[{"embeddable":true,"href":"https:\/\/unedunealapage.fr\/index.php?rest_route=%2Fwp%2Fv2%2Fcomments&post=3121"}],"version-history":[{"count":7,"href":"https:\/\/unedunealapage.fr\/index.php?rest_route=\/wp\/v2\/pages\/3121\/revisions"}],"predecessor-version":[{"id":3853,"href":"https:\/\/unedunealapage.fr\/index.php?rest_route=\/wp\/v2\/pages\/3121\/revisions\/3853"}],"wp:attachment":[{"href":"https:\/\/unedunealapage.fr\/index.php?rest_route=%2Fwp%2Fv2%2Fmedia&parent=3121"}],"curies":[{"name":"wp","href":"https:\/\/api.w.org\/{rel}","templated":true}]}}