{"id":3283,"date":"2026-03-27T10:50:01","date_gmt":"2026-03-27T09:50:01","guid":{"rendered":"https:\/\/unedunealapage.fr\/?page_id=3283"},"modified":"2026-04-07T15:49:17","modified_gmt":"2026-04-07T13:49:17","slug":"page-ariane-chemin","status":"publish","type":"page","link":"https:\/\/unedunealapage.fr\/?page_id=3283","title":{"rendered":"Page Ariane Chemin"},"content":{"rendered":"\n<h1 class=\"wp-block-heading has-luminous-vivid-orange-color has-text-color has-link-color wp-elements-077385844654c5a0e9823fead3bd32e2\">Ariane Chemin<\/h1>\n\n\n\n<div class=\"wp-block-group\"><div class=\"wp-block-group__inner-container is-layout-constrained wp-block-group-is-layout-constrained\">\n<div class=\"wp-block-group\"><div class=\"wp-block-group__inner-container is-layout-constrained wp-block-group-is-layout-constrained\">\n<div class=\"wp-block-media-text is-stacked-on-mobile\" style=\"padding-top:0;padding-bottom:0;grid-template-columns:38% auto\"><figure class=\"wp-block-media-text__media\"><img loading=\"lazy\" decoding=\"async\" width=\"332\" height=\"500\" src=\"https:\/\/unedunealapage.fr\/wp-content\/uploads\/2026\/03\/PHOTO-2026-03-21-12-23-11-332x500.jpg\" alt=\"\" class=\"wp-image-3280 size-large\" srcset=\"https:\/\/unedunealapage.fr\/wp-content\/uploads\/2026\/03\/PHOTO-2026-03-21-12-23-11-332x500.jpg 332w, https:\/\/unedunealapage.fr\/wp-content\/uploads\/2026\/03\/PHOTO-2026-03-21-12-23-11-100x150.jpg 100w, https:\/\/unedunealapage.fr\/wp-content\/uploads\/2026\/03\/PHOTO-2026-03-21-12-23-11.jpg 664w\" sizes=\"auto, (max-width: 332px) 100vw, 332px\" \/><\/figure><div class=\"wp-block-media-text__content\">\n<p class=\"has-superbfont-tiny-font-size\" style=\"min-height:0px;line-height:1.4\">Grand reporter au Monde, Ariane Chemin a publi\u00e9 \u00c0 la recherche de Milan Kundera et Ne r\u00e9veille pas les enfants aux \u00c9ditions du sous-sol.<\/p>\n<\/div><\/div>\n<\/div><\/div>\n\n\n\n<hr class=\"wp-block-separator has-alpha-channel-opacity\"\/>\n\n\n<div class=\"wp-block-image\">\n<figure class=\"alignleft size-large\"><img loading=\"lazy\" decoding=\"async\" width=\"333\" height=\"500\" src=\"https:\/\/unedunealapage.fr\/wp-content\/uploads\/2026\/03\/260325_EDSS_COUVE_140_210_CHEMIN_ALEKSI-333x500.jpg\" alt=\"\" class=\"wp-image-3285\" srcset=\"https:\/\/unedunealapage.fr\/wp-content\/uploads\/2026\/03\/260325_EDSS_COUVE_140_210_CHEMIN_ALEKSI-333x500.jpg 333w, https:\/\/unedunealapage.fr\/wp-content\/uploads\/2026\/03\/260325_EDSS_COUVE_140_210_CHEMIN_ALEKSI-100x150.jpg 100w, https:\/\/unedunealapage.fr\/wp-content\/uploads\/2026\/03\/260325_EDSS_COUVE_140_210_CHEMIN_ALEKSI-768x1152.jpg 768w, https:\/\/unedunealapage.fr\/wp-content\/uploads\/2026\/03\/260325_EDSS_COUVE_140_210_CHEMIN_ALEKSI-1024x1536.jpg 1024w, https:\/\/unedunealapage.fr\/wp-content\/uploads\/2026\/03\/260325_EDSS_COUVE_140_210_CHEMIN_ALEKSI-1366x2048.jpg 1366w, https:\/\/unedunealapage.fr\/wp-content\/uploads\/2026\/03\/260325_EDSS_COUVE_140_210_CHEMIN_ALEKSI.jpg 1654w\" sizes=\"auto, (max-width: 333px) 100vw, 333px\" \/><\/figure>\n<\/div>\n\n\n<p class=\"has-small-font-size\">Mars 2022. Un mois apr\u00e8s le d\u00e9but de l\u2019invasion russe, Volodymyr Vakulenko, l\u2019original d\u2019un petit village de l\u2019Est de l\u2019Ukraine, si fier de publier des livres pour enfants, est kidnapp\u00e9 par l\u2019occupant. Il dispara\u00eet. \u00c0 l\u2019Ouest du pays, Victoria Amelina, jeune espoir de la litt\u00e9rature ukrainienne attel\u00e9e \u00e0 son troisi\u00e8me roman, d\u00e9cide de s\u2019engager pour une ONG qui documente les crimes de guerre. De tous ces petits faits vrais, de ces mots patiemment recueillis, elle veut faire un livre, passer de la fiction \u00e0 la non-fiction. Elle s\u2019est fait floquer un T-shirt \u201cCrual ukrainien\u201d : c\u2019est la nouvelle \u201c\u00e9cole\u201d litt\u00e9raire du pays. Sous le cerisier d\u2019un jardin, apr\u00e8s le retrait des troupes russes, elle d\u00e9terre le journal d\u2019occupation du po\u00e8te disparu. En reportage en Ukraine, Ariane Chemin la croise peu avant No\u00ebl 2022, \u00e0 Kharkiv, pench\u00e9e sur le cercueil de Volodymyr dont on a retrouv\u00e9 le corps, trou\u00e9 de deux balles. La romanci\u00e8re des villes met alors toute son \u00e9nergie \u00e0 faire \u00e9diter le manuscrit inachev\u00e9. Au nom du d\u00e9funt, elle vient juste de recevoir un prix international quand, \u00e0 l\u2019\u00e9t\u00e9 2023, la pizzeria o\u00f9 elle est attabl\u00e9e est touch\u00e9e par un missile russe. Victoria est enterr\u00e9e \u00e0 Lviv. Moins d\u2019un un an plus tard, l\u2019arm\u00e9e russe frappe les entrep\u00f4ts de la maison ukrainienne qui publie le livre de Volodymyr, document pour l\u2019Histoire pr\u00e9fac\u00e9 par la romanci\u00e8re. \u201cJe n\u2019arrive pas \u00e0 mettre un point final \u00e0 mon r\u00e9cit. Sans cesse un nouveau drame, la fin de l\u2019histoire ne cesse de m\u2019\u00e9chapper\u201d, disait d\u00e9j\u00e0 Victoria \u00e0 son ami Oleksandr Mykhed, autre jeune talent litt\u00e9raire ukrainien venu lui de Boutcha. Apr\u00e8s sa mort, il dira \u00e0 Ariane Chemin : \u201cJe ne sais pas comment prier. Mais je sais comment lire.\u201d<\/p>\n<\/div><\/div>\n\n\n\n<hr class=\"wp-block-separator has-alpha-channel-opacity\"\/>\n\n\n\n<div class=\"wp-block-group\"><div class=\"wp-block-group__inner-container is-layout-constrained wp-block-group-is-layout-constrained\">\n<div class=\"wp-block-columns is-layout-flex wp-container-core-columns-is-layout-9d6595d7 wp-block-columns-is-layout-flex\">\n<div class=\"wp-block-column is-layout-flow wp-block-column-is-layout-flow\">\n<p>Calendrier<\/p>\n\n\n\n<p class=\"has-small-font-size\">\ud83d\udcda<a href=\"https:\/\/unedunealapage.fr\/?tribe_events=lukraine\" data-type=\"tribe_events\" data-id=\"2684\">Table ronde L&rsquo;Ukraine<\/a> <span class=\"wp-rich-text-font-awesome-icon wp-font-awesome-icon\"><svg aria-hidden=\"true\" focusable=\"false\" data-prefix=\"fas\" data-icon=\"share\" class=\"svg-inline--fa fa-share \" role=\"img\" xmlns=\"http:\/\/www.w3.org\/2000\/svg\" viewBox=\"0 0 512 512\"><path fill=\"currentColor\" d=\"M307.8 18.4c-12 5-19.8 16.6-19.8 29.6l0 80-112 0c-97.2 0-176 78.8-176 176 0 113.3 81.5 163.9 100.2 174.1 2.5 1.4 5.3 1.9 8.1 1.9 10.9 0 19.7-8.9 19.7-19.7 0-7.5-4.3-14.4-9.8-19.5-9.4-8.8-22.2-26.4-22.2-56.7 0-53 43-96 96-96l96 0 0 80c0 12.9 7.8 24.6 19.8 29.6s25.7 2.2 34.9-6.9l160-160c12.5-12.5 12.5-32.8 0-45.3l-160-160c-9.2-9.2-22.9-11.9-34.9-6.9z\"><\/path><\/svg><\/span><br>\ud83d\udcc5 Vendredi 15 mai \u23f0 12h<br>\ud83d\udccdMaison de la Station<\/p>\n<\/div>\n\n\n\n<div class=\"wp-block-column is-layout-flow wp-block-column-is-layout-flow\">\n<p>Auteurs et Programme<\/p>\n\n\n\n<p class=\"has-small-font-size\"><span class=\"wp-rich-text-font-awesome-icon wp-font-awesome-icon\"><svg aria-hidden=\"true\" focusable=\"false\" data-prefix=\"fas\" data-icon=\"share\" class=\"svg-inline--fa fa-share \" role=\"img\" xmlns=\"http:\/\/www.w3.org\/2000\/svg\" viewBox=\"0 0 512 512\"><path fill=\"currentColor\" d=\"M307.8 18.4c-12 5-19.8 16.6-19.8 29.6l0 80-112 0c-97.2 0-176 78.8-176 176 0 113.3 81.5 163.9 100.2 174.1 2.5 1.4 5.3 1.9 8.1 1.9 10.9 0 19.7-8.9 19.7-19.7 0-7.5-4.3-14.4-9.8-19.5-9.4-8.8-22.2-26.4-22.2-56.7 0-53 43-96 96-96l96 0 0 80c0 12.9 7.8 24.6 19.8 29.6s25.7 2.2 34.9-6.9l160-160c12.5-12.5 12.5-32.8 0-45.3l-160-160c-9.2-9.2-22.9-11.9-34.9-6.9z\"><\/path><\/svg><\/span> <a href=\"https:\/\/unedunealapage.fr\/?page_id=2238\" data-type=\"page\" data-id=\"2238\">vers Liste des auteurs<\/a><br><span class=\"wp-rich-text-font-awesome-icon wp-font-awesome-icon\"><svg aria-hidden=\"true\" focusable=\"false\" data-prefix=\"fas\" data-icon=\"share\" class=\"svg-inline--fa fa-share \" role=\"img\" xmlns=\"http:\/\/www.w3.org\/2000\/svg\" viewBox=\"0 0 512 512\"><path fill=\"currentColor\" d=\"M307.8 18.4c-12 5-19.8 16.6-19.8 29.6l0 80-112 0c-97.2 0-176 78.8-176 176 0 113.3 81.5 163.9 100.2 174.1 2.5 1.4 5.3 1.9 8.1 1.9 10.9 0 19.7-8.9 19.7-19.7 0-7.5-4.3-14.4-9.8-19.5-9.4-8.8-22.2-26.4-22.2-56.7 0-53 43-96 96-96l96 0 0 80c0 12.9 7.8 24.6 19.8 29.6s25.7 2.2 34.9-6.9l160-160c12.5-12.5 12.5-32.8 0-45.3l-160-160c-9.2-9.2-22.9-11.9-34.9-6.9z\"><\/path><\/svg><\/span> <a href=\"https:\/\/unedunealapage.fr\/?page_id=1925\" data-type=\"page\" data-id=\"1925\">vers Programme<\/a><\/p>\n<\/div>\n<\/div>\n<\/div><\/div>\n","protected":false},"excerpt":{"rendered":"<p>Ariane Chemin Grand reporter au Monde, Ariane Chemin a publi\u00e9 \u00c0 la recherche de Milan Kundera et Ne r\u00e9veille pas les enfants aux \u00c9ditions du sous-sol. Mars 2022. Un mois &hellip; <\/p>\n<p class=\"link-more\"><a href=\"https:\/\/unedunealapage.fr\/?page_id=3283\" class=\"more-link\">Continuer la lecture<span class=\"screen-reader-text\"> de &laquo;&nbsp;Page Ariane Chemin&nbsp;&raquo;<\/span><\/a><\/p>\n","protected":false},"author":1,"featured_media":0,"parent":0,"menu_order":0,"comment_status":"closed","ping_status":"closed","template":"","meta":{"_EventAllDay":false,"_EventTimezone":"","_EventStartDate":"","_EventEndDate":"","_EventStartDateUTC":"","_EventEndDateUTC":"","_EventShowMap":false,"_EventShowMapLink":false,"_EventURL":"","_EventCost":"","_EventCostDescription":"","_EventCurrencySymbol":"","_EventCurrencyCode":"","_EventCurrencyPosition":"","_EventDateTimeSeparator":"","_EventTimeRangeSeparator":"","_EventOrganizerID":[],"_EventVenueID":[],"_OrganizerEmail":"","_OrganizerPhone":"","_OrganizerWebsite":"","_VenueAddress":"","_VenueCity":"","_VenueCountry":"","_VenueProvince":"","_VenueState":"","_VenueZip":"","_VenuePhone":"","_VenueURL":"","_VenueStateProvince":"","_VenueLat":"","_VenueLng":"","_VenueShowMap":false,"_VenueShowMapLink":false,"footnotes":""},"class_list":["post-3283","page","type-page","status-publish","hentry"],"_links":{"self":[{"href":"https:\/\/unedunealapage.fr\/index.php?rest_route=\/wp\/v2\/pages\/3283","targetHints":{"allow":["GET"]}}],"collection":[{"href":"https:\/\/unedunealapage.fr\/index.php?rest_route=\/wp\/v2\/pages"}],"about":[{"href":"https:\/\/unedunealapage.fr\/index.php?rest_route=\/wp\/v2\/types\/page"}],"author":[{"embeddable":true,"href":"https:\/\/unedunealapage.fr\/index.php?rest_route=\/wp\/v2\/users\/1"}],"replies":[{"embeddable":true,"href":"https:\/\/unedunealapage.fr\/index.php?rest_route=%2Fwp%2Fv2%2Fcomments&post=3283"}],"version-history":[{"count":4,"href":"https:\/\/unedunealapage.fr\/index.php?rest_route=\/wp\/v2\/pages\/3283\/revisions"}],"predecessor-version":[{"id":3788,"href":"https:\/\/unedunealapage.fr\/index.php?rest_route=\/wp\/v2\/pages\/3283\/revisions\/3788"}],"wp:attachment":[{"href":"https:\/\/unedunealapage.fr\/index.php?rest_route=%2Fwp%2Fv2%2Fmedia&parent=3283"}],"curies":[{"name":"wp","href":"https:\/\/api.w.org\/{rel}","templated":true}]}}