{"id":3319,"date":"2026-03-27T14:08:02","date_gmt":"2026-03-27T13:08:02","guid":{"rendered":"https:\/\/unedunealapage.fr\/?page_id=3319"},"modified":"2026-04-17T19:35:04","modified_gmt":"2026-04-17T17:35:04","slug":"page-chantal-bodin","status":"publish","type":"page","link":"https:\/\/unedunealapage.fr\/?page_id=3319","title":{"rendered":"Page Chantal Bodin"},"content":{"rendered":"\n<h1 class=\"wp-block-heading has-luminous-vivid-orange-color has-text-color has-link-color wp-elements-1d0895e85092ab2382c53c1f05b00a45\">Atelier d&rsquo;\u00e9criture avec Chantal Bodin<\/h1>\n\n\n\n<div class=\"wp-block-group\"><div class=\"wp-block-group__inner-container is-layout-constrained wp-block-group-is-layout-constrained\">\n<div class=\"wp-block-group\"><div class=\"wp-block-group__inner-container is-layout-constrained wp-block-group-is-layout-constrained\">\n<div class=\"wp-block-group\"><div class=\"wp-block-group__inner-container is-layout-constrained wp-block-group-is-layout-constrained\">\n<div class=\"wp-block-media-text is-stacked-on-mobile\" style=\"padding-top:0;padding-bottom:0;grid-template-columns:22% auto\"><figure class=\"wp-block-media-text__media\"><img loading=\"lazy\" decoding=\"async\" width=\"230\" height=\"500\" src=\"https:\/\/unedunealapage.fr\/wp-content\/uploads\/2026\/03\/IMG_6315-230x500.jpeg\" alt=\"\" class=\"wp-image-3320 size-large\" srcset=\"https:\/\/unedunealapage.fr\/wp-content\/uploads\/2026\/03\/IMG_6315-230x500.jpeg 230w, https:\/\/unedunealapage.fr\/wp-content\/uploads\/2026\/03\/IMG_6315-69x150.jpeg 69w, https:\/\/unedunealapage.fr\/wp-content\/uploads\/2026\/03\/IMG_6315.jpeg 449w\" sizes=\"auto, (max-width: 230px) 100vw, 230px\" \/><\/figure><div class=\"wp-block-media-text__content\">\n<p class=\"has-small-font-size\" style=\"min-height:0px;line-height:1.4\">Chantal Bodin,<br>M\u00e8re de famille nombreuse mais aussi,<br>Gyn\u00e9cologue, partie \u00e0 la retraite au Nord du Portugal, il y a 7 ans.<br>Apr\u00e8s avoir particip\u00e9 pendant 10 ans aux ateliers d\u2019\u00e9criture d\u2019Aleph-Paris, elle suit en 2021-2022 la formation d\u2019animatrice d\u2019ateliers cr\u00e9atifs.&nbsp;<br>Dans le cadre de l\u2019association \u00ab Vivre \u00e0 Porto&nbsp;\u00bb, elle anime pendant 2 ans des ateliers r\u00e9guliers aupr\u00e8s de la communaut\u00e9 francophone&nbsp;; puis, depuis 3ans en Normandie \u00e0 Yport.<br>Sans pouvoir oublier son premier engagement, elle passe le DU de M\u00e9decine Narrative \u00e0 Bordeaux en 2024, poursuivant cette id\u00e9e de prendre soin des autres gr\u00e2ce \u00e0 l\u2019\u00e9criture.<\/p>\n\n\n\n<p class=\"has-small-font-size\" style=\"min-height:0px;line-height:1.4\">C\u2019est avec une proposition d\u2019\u00e9criture inspir\u00e9e de la sculpture de Camille Claudel, \u00ab La vague&nbsp;\u00bb qu\u2019elle a anim\u00e9 la premi\u00e8re \u00e9dition du festival \u00ab&nbsp;Une dune \u00e0 la page&nbsp;\u00bb.<\/p>\n<\/div><\/div>\n<\/div><\/div>\n\n\n\n<div style=\"height:54px\" aria-hidden=\"true\" class=\"wp-block-spacer\"><\/div>\n\n\n\n<h2 class=\"wp-block-heading\">\u270d\ufe0f <mark style=\"background-color:rgba(0, 0, 0, 0)\" class=\"has-inline-color has-luminous-vivid-orange-color\"><strong>Atelier du vendredi 15 mai de 10h \u00e0 12h<\/strong><\/mark><\/h2>\n\n\n\n<p><strong>La col\u00e8re des aubergines, Bulbul SHARMA<\/strong><\/p>\n\n\n\n<p class=\"has-small-font-size\">Guid\u00e9s par cette magnifique id\u00e9e d\u00e9velopp\u00e9e par l\u2019\u00e9crivain, peintre, indien Bulbul Sharma dans son roman \u00ab La col\u00e8re des aubergines&nbsp;\u00bb, d\u00e9montrant le pouvoir de la nourriture sur l\u2019\u00eatre humain, et, pourquoi pas, celui des femmes sur les hommes, sans oublier la sorci\u00e8re de Blanche-Neige.<br>Une perspective, humoristique de pr\u00e9f\u00e9rence, pour regarder les relations humaines et les armes qui nous permettent de les adoucir.<br>Ensemble nous retrouverons la m\u00e9moire de nos passages en cuisine, les plus fous, les plus doux, les plus cocasses, nos stylos feront la suite\u2026<\/p>\n<\/div><\/div>\n\n\n\n<p class=\"has-small-font-size\"><strong>L&rsquo;atelier est limit\u00e9 \u00e0 10 personnes<br>Inscrivez-vous au plus vite sur le formulaire en bas de page<\/strong> \ud83d\udc47<\/p>\n<\/div><\/div>\n\n\n\n<div style=\"height:54px\" aria-hidden=\"true\" class=\"wp-block-spacer\"><\/div>\n\n\n\n<div class=\"wp-block-group\"><div class=\"wp-block-group__inner-container is-layout-constrained wp-block-group-is-layout-constrained\">\n<h2 class=\"wp-block-heading\">\u270d\ufe0f <mark style=\"background-color:rgba(0, 0, 0, 0)\" class=\"has-inline-color has-luminous-vivid-orange-color\"><strong>Atelier du samedi 16 mai de 10h \u00e0 12h<\/strong><\/mark><\/h2>\n\n\n\n<p><strong>Avec David Hockney<\/strong><\/p>\n\n\n\n<p class=\"has-small-font-size\">Encourag\u00e9s par le travail de David Hockney sur la perspective, je vous invite \u00e0 \u00ab&nbsp;entrer dans la t\u00eate&nbsp;\u00bb d\u2019un personnage issu de la s\u00e9rie produite par cet artiste sur les piscines de Californie.<br>L\u2019\u00e9criture permet magnifiquement les changements de perspectives&nbsp;; elle seule nous permet de nous glisser dans la peau d\u2019un autre, notre imagination garantissant le succ\u00e8s et l\u2019authenticit\u00e9 de la performance&nbsp;!<br>Un atelier ludique, au sein d\u2019un groupe \u00e9ph\u00e9m\u00e8re, cr\u00e9e dans la cadre du festival \u00ab Une dune \u00e0 la page&nbsp;\u00bb, et, cerise sur le g\u00e2teau, le plaisir de partager nos cr\u00e9ations.<\/p>\n<\/div><\/div>\n\n\n\n<p class=\"has-small-font-size\"><strong>L&rsquo;atelier est limit\u00e9 \u00e0 10 personnes<br>Inscrivez-vous au plus vite sur le formulaire en bas de page<\/strong> \ud83d\udc47<\/p>\n\n\n\n<div style=\"height:57px\" aria-hidden=\"true\" class=\"wp-block-spacer\"><\/div>\n\n\n\n<h1 class=\"wp-block-heading has-text-align-center\"><strong><mark style=\"background-color:rgba(0, 0, 0, 0)\" class=\"has-inline-color has-luminous-vivid-orange-color\">INSCRIPTION \u00c0 L&rsquo; ATELIER D&rsquo;\u00c9CRITURE<\/mark><\/strong><\/h1>\n\n\n<style id=\"wpforms-css-vars-3343-block-70b78296-ca2d-4188-85fb-103ccff2a386\">\n\t\t\t\t#wpforms-3343.wpforms-block-70b78296-ca2d-4188-85fb-103ccff2a386 {\n\t\t\t\t--wpforms-label-color: #f7f2f2;\n--wpforms-label-sublabel-color: #7f7f7f;\n--wpforms-label-error-color: #ff0000;\n--wpforms-page-break-color: #dddddd;\n--wpforms-field-border-style: none;\n--wpforms-field-border-radius: 0px;\n--wpforms-field-background-color: #bfbbbb;\n--wpforms-field-border-color: #cccccc;\n--wpforms-field-border-color-spare: #cccccc;\n--wpforms-field-text-color: #141414;\n--wpforms-button-border-style: solid;\n--wpforms-button-border-radius: 0px;\n--wpforms-button-background-color: #dddddd;\n--wpforms-button-text-color: #666666;\n--wpforms-button-border-color: #cccccc;\n--wpforms-field-border-size: 0px;\n--wpforms-field-size-input-height: 43px;\n--wpforms-field-size-input-spacing: 15px;\n--wpforms-field-size-font-size: 16px;\n--wpforms-field-size-line-height: 19px;\n--wpforms-field-size-padding-h: 14px;\n--wpforms-field-size-checkbox-size: 16px;\n--wpforms-field-size-sublabel-spacing: 5px;\n--wpforms-field-size-icon-size: 1;\n--wpforms-label-size-font-size: 14px;\n--wpforms-label-size-line-height: 17px;\n--wpforms-label-size-sublabel-font-size: 13px;\n--wpforms-label-size-sublabel-line-height: 16px;\n--wpforms-button-size-font-size: 17px;\n--wpforms-button-size-height: 41px;\n--wpforms-button-size-padding-h: 15px;\n--wpforms-button-size-margin-top: 10px;\n\t\t\t}\n\t\t\t<\/style><div class=\"wpforms-container wpforms-container-full wpforms-block wpforms-block-70b78296-ca2d-4188-85fb-103ccff2a386 wpforms-render-modern\" id=\"wpforms-3343\"><form id=\"wpforms-form-3343\" class=\"wpforms-validate wpforms-form wpforms-ajax-form\" data-formid=\"3343\" method=\"post\" enctype=\"multipart\/form-data\" action=\"\/index.php?rest_route=%2Fwp%2Fv2%2Fpages%2F3319\" data-token=\"a7527667e6edec64c4a4ef2efee4d696\" data-token-time=\"1777042783\"><noscript class=\"wpforms-error-noscript\">Veuillez activer JavaScript dans votre navigateur pour remplir ce formulaire.<\/noscript><div id=\"wpforms-error-noscript\" style=\"display: none;\">Veuillez activer JavaScript dans votre navigateur pour remplir ce formulaire.<\/div><div class=\"wpforms-field-container\"><div id=\"wpforms-3343-field_3-container\" class=\"wpforms-field wpforms-field-checkbox\" data-field-id=\"3\"><fieldset><legend class=\"wpforms-field-label\">Choisissez votre atelier<\/legend><ul id=\"wpforms-3343-field_3\"><li class=\"choice-1 depth-1\"><input type=\"checkbox\" id=\"wpforms-3343-field_3_1\" name=\"wpforms[fields][3][]\" value=\"Atelier d&#039;\u00e9criture du vendredi 15 mai - La col\u00e8re des aubergines, Bulbul SHARMA\" aria-errormessage=\"wpforms-3343-field_3_1-error\"  ><label class=\"wpforms-field-label-inline\" for=\"wpforms-3343-field_3_1\">Atelier d&rsquo;\u00e9criture du vendredi 15 mai &#8211; La col\u00e8re des aubergines, Bulbul SHARMA<\/label><\/li><li class=\"choice-2 depth-1\"><input type=\"checkbox\" id=\"wpforms-3343-field_3_2\" name=\"wpforms[fields][3][]\" value=\"Atelier d&#039;\u00e9criture du samedi 16 mai -  Avec David Hockney\" aria-errormessage=\"wpforms-3343-field_3_2-error\"  ><label class=\"wpforms-field-label-inline\" for=\"wpforms-3343-field_3_2\">Atelier d&rsquo;\u00e9criture du samedi 16 mai &#8211;  Avec David Hockney<\/label><\/li><\/ul><\/fieldset><\/div><div id=\"wpforms-3343-field_4-container\" class=\"wpforms-field wpforms-field-name\" data-field-id=\"4\"><fieldset><legend class=\"wpforms-field-label\">Nom <span class=\"wpforms-required-label\" aria-hidden=\"true\">*<\/span><\/legend><div class=\"wpforms-field-row wpforms-field-medium\"><div class=\"wpforms-field-row-block wpforms-first wpforms-one-half\"><input type=\"text\" id=\"wpforms-3343-field_4\" class=\"wpforms-field-name-first wpforms-field-required\" name=\"wpforms[fields][4][first]\" aria-errormessage=\"wpforms-3343-field_4-error\" required><label for=\"wpforms-3343-field_4\" class=\"wpforms-field-sublabel after\">Pr\u00e9nom<\/label><\/div><div class=\"wpforms-field-row-block wpforms-one-half\"><input type=\"text\" id=\"wpforms-3343-field_4-last\" class=\"wpforms-field-name-last wpforms-field-required\" name=\"wpforms[fields][4][last]\" aria-errormessage=\"wpforms-3343-field_4-last-error\" required><label for=\"wpforms-3343-field_4-last\" class=\"wpforms-field-sublabel after\">Nom<\/label><\/div><\/div><\/fieldset><\/div>\t\t<div id=\"wpforms-3343-field_1-container\"\n\t\t\tclass=\"wpforms-field wpforms-field-text\"\n\t\t\tdata-field-type=\"text\"\n\t\t\tdata-field-id=\"1\"\n\t\t\t>\n\t\t\t<label class=\"wpforms-field-label\" for=\"wpforms-3343-field_1\" >atelier E-mail Nom<\/label>\n\t\t\t<input type=\"text\" id=\"wpforms-3343-field_1\" class=\"wpforms-field-medium\" name=\"wpforms[fields][1]\" >\n\t\t<\/div>\n\t\t<div id=\"wpforms-3343-field_5-container\" class=\"wpforms-field wpforms-field-email\" data-field-id=\"5\"><label class=\"wpforms-field-label\" for=\"wpforms-3343-field_5\">E-mail <span class=\"wpforms-required-label\" aria-hidden=\"true\">*<\/span><\/label><input type=\"email\" id=\"wpforms-3343-field_5\" class=\"wpforms-field-medium wpforms-field-required\" name=\"wpforms[fields][5]\" spellcheck=\"false\" aria-errormessage=\"wpforms-3343-field_5-error\" required><\/div><div id=\"wpforms-3343-field_6-container\" class=\"wpforms-field wpforms-field-textarea\" data-field-id=\"6\"><label class=\"wpforms-field-label\" for=\"wpforms-3343-field_6\">Commentaire<\/label><textarea id=\"wpforms-3343-field_6\" class=\"wpforms-field-medium\" name=\"wpforms[fields][6]\" aria-errormessage=\"wpforms-3343-field_6-error\" ><\/textarea><\/div><script>\n\t\t\t\t( function() {\n\t\t\t\t\tconst style = document.createElement( 'style' );\n\t\t\t\t\tstyle.appendChild( document.createTextNode( '#wpforms-3343-field_1-container { position: absolute !important; overflow: hidden !important; display: inline !important; height: 1px !important; width: 1px !important; z-index: -1000 !important; padding: 0 !important; } #wpforms-3343-field_1-container input { visibility: hidden; } #wpforms-conversational-form-page #wpforms-3343-field_1-container label { counter-increment: none; }' ) );\n\t\t\t\t\tdocument.head.appendChild( style );\n\t\t\t\t\tdocument.currentScript?.remove();\n\t\t\t\t} )();\n\t\t\t<\/script><\/div><!-- .wpforms-field-container --><div class=\"wpforms-submit-container\" ><input type=\"hidden\" name=\"wpforms[id]\" value=\"3343\"><input type=\"hidden\" name=\"page_title\" value=\"\"><input type=\"hidden\" name=\"page_url\" value=\"https:\/\/unedunealapage.fr\/index.php?rest_route=\/wp\/v2\/pages\/3319\"><input type=\"hidden\" name=\"url_referer\" value=\"\"><button type=\"submit\" name=\"wpforms[submit]\" id=\"wpforms-submit-3343\" class=\"wpforms-submit\" data-alt-text=\"Envoi...\" data-submit-text=\"Envoyer\" aria-live=\"assertive\" value=\"wpforms-submit\">Envoyer<\/button><img loading=\"lazy\" decoding=\"async\" src=\"https:\/\/unedunealapage.fr\/wp-content\/plugins\/wpforms-lite\/assets\/images\/submit-spin.svg\" class=\"wpforms-submit-spinner\" style=\"display: none;\" width=\"26\" height=\"26\" alt=\"Chargement en cours\"><\/div><\/form><\/div>  <!-- .wpforms-container -->","protected":false},"excerpt":{"rendered":"<p>Atelier d&rsquo;\u00e9criture avec Chantal Bodin Chantal Bodin,M\u00e8re de famille nombreuse mais aussi,Gyn\u00e9cologue, partie \u00e0 la retraite au Nord du Portugal, il y a 7 ans.Apr\u00e8s avoir particip\u00e9 pendant 10 ans &hellip; <\/p>\n<p class=\"link-more\"><a href=\"https:\/\/unedunealapage.fr\/?page_id=3319\" class=\"more-link\">Continuer la lecture<span class=\"screen-reader-text\"> de &laquo;&nbsp;Page Chantal Bodin&nbsp;&raquo;<\/span><\/a><\/p>\n","protected":false},"author":1,"featured_media":0,"parent":0,"menu_order":0,"comment_status":"closed","ping_status":"closed","template":"","meta":{"_EventAllDay":false,"_EventTimezone":"","_EventStartDate":"","_EventEndDate":"","_EventStartDateUTC":"","_EventEndDateUTC":"","_EventShowMap":false,"_EventShowMapLink":false,"_EventURL":"","_EventCost":"","_EventCostDescription":"","_EventCurrencySymbol":"","_EventCurrencyCode":"","_EventCurrencyPosition":"","_EventDateTimeSeparator":"","_EventTimeRangeSeparator":"","_EventOrganizerID":[],"_EventVenueID":[],"_OrganizerEmail":"","_OrganizerPhone":"","_OrganizerWebsite":"","_VenueAddress":"","_VenueCity":"","_VenueCountry":"","_VenueProvince":"","_VenueState":"","_VenueZip":"","_VenuePhone":"","_VenueURL":"","_VenueStateProvince":"","_VenueLat":"","_VenueLng":"","_VenueShowMap":false,"_VenueShowMapLink":false,"footnotes":""},"class_list":["post-3319","page","type-page","status-publish","hentry"],"_links":{"self":[{"href":"https:\/\/unedunealapage.fr\/index.php?rest_route=\/wp\/v2\/pages\/3319","targetHints":{"allow":["GET"]}}],"collection":[{"href":"https:\/\/unedunealapage.fr\/index.php?rest_route=\/wp\/v2\/pages"}],"about":[{"href":"https:\/\/unedunealapage.fr\/index.php?rest_route=\/wp\/v2\/types\/page"}],"author":[{"embeddable":true,"href":"https:\/\/unedunealapage.fr\/index.php?rest_route=\/wp\/v2\/users\/1"}],"replies":[{"embeddable":true,"href":"https:\/\/unedunealapage.fr\/index.php?rest_route=%2Fwp%2Fv2%2Fcomments&post=3319"}],"version-history":[{"count":13,"href":"https:\/\/unedunealapage.fr\/index.php?rest_route=\/wp\/v2\/pages\/3319\/revisions"}],"predecessor-version":[{"id":3902,"href":"https:\/\/unedunealapage.fr\/index.php?rest_route=\/wp\/v2\/pages\/3319\/revisions\/3902"}],"wp:attachment":[{"href":"https:\/\/unedunealapage.fr\/index.php?rest_route=%2Fwp%2Fv2%2Fmedia&parent=3319"}],"curies":[{"name":"wp","href":"https:\/\/api.w.org\/{rel}","templated":true}]}}